{"id":1032,"date":"2023-01-31T09:03:34","date_gmt":"2023-01-31T08:03:34","guid":{"rendered":"https:\/\/xn--vos-dw-7ya.de\/?page_id=1032"},"modified":"2026-03-27T11:00:05","modified_gmt":"2026-03-27T10:00:05","slug":"schwimmunterricht","status":"publish","type":"page","link":"https:\/\/vos-d\u00fcw.de\/home\/schwimmunterricht\/","title":{"rendered":"Schwimmunterricht"},"content":{"rendered":"\t\t<div data-elementor-type=\"wp-page\" data-elementor-id=\"1032\" class=\"elementor elementor-1032\" data-elementor-post-type=\"page\">\n\t\t\t\t\t\t<section class=\"elementor-section elementor-top-section elementor-element elementor-element-5e5df650 elementor-section-boxed elementor-section-height-default elementor-section-height-default\" data-id=\"5e5df650\" data-element_type=\"section\">\n\t\t\t\t\t\t<div class=\"elementor-container elementor-column-gap-default\">\n\t\t\t\t\t<div class=\"elementor-column elementor-col-100 elementor-top-column elementor-element elementor-element-69465678\" data-id=\"69465678\" data-element_type=\"column\">\n\t\t\t<div class=\"elementor-widget-wrap elementor-element-populated\">\n\t\t\t\t\t\t<div class=\"elementor-element elementor-element-25f7cfa2 elementor-widget elementor-widget-text-editor\" data-id=\"25f7cfa2\" data-element_type=\"widget\" data-widget_type=\"text-editor.default\">\n\t\t\t\t<div class=\"elementor-widget-container\">\n\t\t\t\t\t\t\t\t\t\n<div id=\"wp-block-themeisle-blocks-advanced-columns-bd34d75c\" class=\"wp-block-themeisle-blocks-advanced-columns has-0-columns has-desktop-undefined-layout has-tablet-equal-layout has-mobile-equal-layout has-vertical-unset\"><div class=\"wp-block-themeisle-blocks-advanced-columns-overlay\"><\/div><div class=\"innerblocks-wrap\"><\/div><\/div>\n\t\t\t\t\t\t\t\t<\/div>\n\t\t\t\t<\/div>\n\t\t\t\t<div class=\"elementor-element elementor-element-dc060eb elementor-widget elementor-widget-heading\" data-id=\"dc060eb\" data-element_type=\"widget\" data-widget_type=\"heading.default\">\n\t\t\t\t<div class=\"elementor-widget-container\">\n\t\t\t\t\t<h2 class=\"elementor-heading-title elementor-size-default\">Schwimmunterricht<\/h2>\t\t\t\t<\/div>\n\t\t\t\t<\/div>\n\t\t\t\t\t<\/div>\n\t\t<\/div>\n\t\t\t\t\t<\/div>\n\t\t<\/section>\n\t\t\t\t<section class=\"elementor-section elementor-top-section elementor-element elementor-element-e50c9d3 elementor-section-boxed elementor-section-height-default elementor-section-height-default\" data-id=\"e50c9d3\" data-element_type=\"section\">\n\t\t\t\t\t\t<div class=\"elementor-container elementor-column-gap-default\">\n\t\t\t\t\t<div class=\"elementor-column elementor-col-100 elementor-top-column elementor-element elementor-element-cd6cbd1\" data-id=\"cd6cbd1\" data-element_type=\"column\">\n\t\t\t<div class=\"elementor-widget-wrap elementor-element-populated\">\n\t\t\t\t\t\t<div class=\"elementor-element elementor-element-65d0eb1 elementor-widget elementor-widget-image\" data-id=\"65d0eb1\" data-element_type=\"widget\" data-widget_type=\"image.default\">\n\t\t\t\t<div class=\"elementor-widget-container\">\n\t\t\t\t\t\t\t\t\t\t\t\t\t\t\t<img fetchpriority=\"high\" decoding=\"async\" width=\"845\" height=\"564\" src=\"https:\/\/xn--vos-dw-7ya.de\/wp-content\/uploads\/2023\/01\/Schwimmunterricht-Bild-Startsprung-HP-1024x683.jpg\" class=\"attachment-large size-large wp-image-1035\" alt=\"\" srcset=\"https:\/\/xn--vos-dw-7ya.de\/wp-content\/uploads\/2023\/01\/Schwimmunterricht-Bild-Startsprung-HP-1024x683.jpg 1024w, https:\/\/xn--vos-dw-7ya.de\/wp-content\/uploads\/2023\/01\/Schwimmunterricht-Bild-Startsprung-HP-300x200.jpg 300w, https:\/\/xn--vos-dw-7ya.de\/wp-content\/uploads\/2023\/01\/Schwimmunterricht-Bild-Startsprung-HP-768x512.jpg 768w, https:\/\/xn--vos-dw-7ya.de\/wp-content\/uploads\/2023\/01\/Schwimmunterricht-Bild-Startsprung-HP-1536x1024.jpg 1536w, https:\/\/xn--vos-dw-7ya.de\/wp-content\/uploads\/2023\/01\/Schwimmunterricht-Bild-Startsprung-HP-2048x1365.jpg 2048w\" sizes=\"(max-width: 845px) 100vw, 845px\" \/>\t\t\t\t\t\t\t\t\t\t\t\t\t\t\t<\/div>\n\t\t\t\t<\/div>\n\t\t\t\t<section class=\"elementor-section elementor-inner-section elementor-element elementor-element-448ef59 elementor-section-boxed elementor-section-height-default elementor-section-height-default\" data-id=\"448ef59\" data-element_type=\"section\">\n\t\t\t\t\t\t<div class=\"elementor-container elementor-column-gap-default\">\n\t\t\t\t\t<div class=\"elementor-column elementor-col-50 elementor-inner-column elementor-element elementor-element-3f7df87\" data-id=\"3f7df87\" data-element_type=\"column\">\n\t\t\t<div class=\"elementor-widget-wrap elementor-element-populated\">\n\t\t\t\t\t\t<div class=\"elementor-element elementor-element-0b6a2c5 elementor-widget elementor-widget-text-editor\" data-id=\"0b6a2c5\" data-element_type=\"widget\" data-widget_type=\"text-editor.default\">\n\t\t\t\t<div class=\"elementor-widget-container\">\n\t\t\t\t\t\t\t\t\t<p>Seit dem Schuljahr 2023\/2024 bietet die Valentin-Ostertag-Schule Schwimmunterricht an. Dieser findet im Salinarium f\u00fcr alle dritten Klassen statt. Dabei werden die Kinder mit dem Bus von der VOS abgeholt und nach dem Schwimmunterricht wieder zur\u00fcckgebracht. Ziel ist es m\u00f6glichst vielen Kindern einen sicheren Schwimmstil zu vermitteln. Dar\u00fcber hinaus haben die richtig fitten Kinder die M\u00f6glichkeit ein Schwimmabzeichen (Seepferdchen, Bronze, Silber) zu absolvieren. Hierbei waren schon viele Kinder sehr erfolgreich, wie Sie rechts sehen k\u00f6nnen.<\/p>\n<p>Wir freuen uns, dass dies m\u00f6glich ist.&nbsp;<\/p>\t\t\t\t\t\t\t\t<\/div>\n\t\t\t\t<\/div>\n\t\t\t\t\t<\/div>\n\t\t<\/div>\n\t\t\t\t<div class=\"elementor-column elementor-col-50 elementor-inner-column elementor-element elementor-element-e213735\" data-id=\"e213735\" data-element_type=\"column\">\n\t\t\t<div class=\"elementor-widget-wrap elementor-element-populated\">\n\t\t\t\t\t\t<div class=\"elementor-element elementor-element-67261db elementor-widget elementor-widget-text-editor\" data-id=\"67261db\" data-element_type=\"widget\" data-widget_type=\"text-editor.default\">\n\t\t\t\t<div class=\"elementor-widget-container\">\n\t\t\t\t\t\t\t\t\t<h5 style=\"text-align: center;\">Bisher errungene Schwimmabzeichen<\/h5>\t\t\t\t\t\t\t\t<\/div>\n\t\t\t\t<\/div>\n\t\t\t\t<div class=\"elementor-element elementor-element-067a7ef elementor-widget elementor-widget-counter\" data-id=\"067a7ef\" data-element_type=\"widget\" data-widget_type=\"counter.default\">\n\t\t\t\t<div class=\"elementor-widget-container\">\n\t\t\t\t\t\t\t<div class=\"elementor-counter\">\n\t\t\t<div class=\"elementor-counter-title\">Seepferdchen<\/div>\t\t\t<div class=\"elementor-counter-number-wrapper\">\n\t\t\t\t<span class=\"elementor-counter-number-prefix\"><\/span>\n\t\t\t\t<span class=\"elementor-counter-number\" data-duration=\"2000\" data-to-value=\"20\" data-from-value=\"0\" data-delimiter=\",\">0<\/span>\n\t\t\t\t<span class=\"elementor-counter-number-suffix\"><\/span>\n\t\t\t<\/div>\n\t\t<\/div>\n\t\t\t\t\t\t<\/div>\n\t\t\t\t<\/div>\n\t\t\t\t<div class=\"elementor-element elementor-element-ed1922c elementor-widget elementor-widget-counter\" data-id=\"ed1922c\" data-element_type=\"widget\" data-widget_type=\"counter.default\">\n\t\t\t\t<div class=\"elementor-widget-container\">\n\t\t\t\t\t\t\t<div class=\"elementor-counter\">\n\t\t\t<div class=\"elementor-counter-title\">Bronzeabzeichen<\/div>\t\t\t<div class=\"elementor-counter-number-wrapper\">\n\t\t\t\t<span class=\"elementor-counter-number-prefix\"><\/span>\n\t\t\t\t<span class=\"elementor-counter-number\" data-duration=\"2000\" data-to-value=\"56\" data-from-value=\"0\" data-delimiter=\",\">0<\/span>\n\t\t\t\t<span class=\"elementor-counter-number-suffix\"><\/span>\n\t\t\t<\/div>\n\t\t<\/div>\n\t\t\t\t\t\t<\/div>\n\t\t\t\t<\/div>\n\t\t\t\t<div class=\"elementor-element elementor-element-5ba70a7 elementor-widget elementor-widget-counter\" data-id=\"5ba70a7\" data-element_type=\"widget\" data-widget_type=\"counter.default\">\n\t\t\t\t<div class=\"elementor-widget-container\">\n\t\t\t\t\t\t\t<div class=\"elementor-counter\">\n\t\t\t<div class=\"elementor-counter-title\">Silberabzeichen<\/div>\t\t\t<div class=\"elementor-counter-number-wrapper\">\n\t\t\t\t<span class=\"elementor-counter-number-prefix\"><\/span>\n\t\t\t\t<span class=\"elementor-counter-number\" data-duration=\"2000\" data-to-value=\"46\" data-from-value=\"0\" data-delimiter=\",\">0<\/span>\n\t\t\t\t<span class=\"elementor-counter-number-suffix\"><\/span>\n\t\t\t<\/div>\n\t\t<\/div>\n\t\t\t\t\t\t<\/div>\n\t\t\t\t<\/div>\n\t\t\t\t<div class=\"elementor-element elementor-element-4291e5d elementor-widget elementor-widget-counter\" data-id=\"4291e5d\" data-element_type=\"widget\" data-widget_type=\"counter.default\">\n\t\t\t\t<div class=\"elementor-widget-container\">\n\t\t\t\t\t\t\t<div class=\"elementor-counter\">\n\t\t\t<div class=\"elementor-counter-title\">Goldabzeichen<\/div>\t\t\t<div class=\"elementor-counter-number-wrapper\">\n\t\t\t\t<span class=\"elementor-counter-number-prefix\"><\/span>\n\t\t\t\t<span class=\"elementor-counter-number\" data-duration=\"2000\" data-to-value=\"2\" data-from-value=\"0\" data-delimiter=\",\">0<\/span>\n\t\t\t\t<span class=\"elementor-counter-number-suffix\"><\/span>\n\t\t\t<\/div>\n\t\t<\/div>\n\t\t\t\t\t\t<\/div>\n\t\t\t\t<\/div>\n\t\t\t\t\t<\/div>\n\t\t<\/div>\n\t\t\t\t\t<\/div>\n\t\t<\/section>\n\t\t\t\t\t<\/div>\n\t\t<\/div>\n\t\t\t\t\t<\/div>\n\t\t<\/section>\n\t\t\t\t<\/div>\n\t\t","protected":false},"excerpt":{"rendered":"<p>Schwimmunterricht Seit dem Schuljahr 2023\/2024 bietet die Valentin-Ostertag-Schule Schwimmunterricht an. Dieser findet im Salinarium f\u00fcr alle dritten Klassen statt. Dabei werden die Kinder mit dem Bus von der VOS abgeholt &#8230; <a title=\"Schwimmunterricht\" class=\"read-more\" href=\"https:\/\/vos-d\u00fcw.de\/home\/schwimmunterricht\/\" aria-label=\"Mehr dazu unter Schwimmunterricht\">Weiterlesen<\/a><\/p>\n","protected":false},"author":1,"featured_media":0,"parent":0,"menu_order":0,"comment_status":"closed","ping_status":"closed","template":"","meta":{"footnotes":""},"class_list":["post-1032","page","type-page","status-publish"],"_links":{"self":[{"href":"https:\/\/vos-d\u00fcw.de\/home\/wp-json\/wp\/v2\/pages\/1032","targetHints":{"allow":["GET"]}}],"collection":[{"href":"https:\/\/vos-d\u00fcw.de\/home\/wp-json\/wp\/v2\/pages"}],"about":[{"href":"https:\/\/vos-d\u00fcw.de\/home\/wp-json\/wp\/v2\/types\/page"}],"author":[{"embeddable":true,"href":"https:\/\/vos-d\u00fcw.de\/home\/wp-json\/wp\/v2\/users\/1"}],"replies":[{"embeddable":true,"href":"https:\/\/vos-d\u00fcw.de\/home\/wp-json\/wp\/v2\/comments?post=1032"}],"version-history":[{"count":34,"href":"https:\/\/vos-d\u00fcw.de\/home\/wp-json\/wp\/v2\/pages\/1032\/revisions"}],"predecessor-version":[{"id":2426,"href":"https:\/\/vos-d\u00fcw.de\/home\/wp-json\/wp\/v2\/pages\/1032\/revisions\/2426"}],"wp:attachment":[{"href":"https:\/\/vos-d\u00fcw.de\/home\/wp-json\/wp\/v2\/media?parent=1032"}],"curies":[{"name":"wp","href":"https:\/\/api.w.org\/{rel}","templated":true}]}}