{"id":136,"date":"2022-05-28T22:35:23","date_gmt":"2022-05-28T20:35:23","guid":{"rendered":"https:\/\/xn--vos-dw-7ya.de\/?page_id=136"},"modified":"2023-03-01T12:18:27","modified_gmt":"2023-03-01T11:18:27","slug":"unser-schulhund","status":"publish","type":"page","link":"https:\/\/vos-d\u00fcw.de\/home\/unser-schulhund\/","title":{"rendered":"Unser Schulhund"},"content":{"rendered":"\t\t<div data-elementor-type=\"wp-page\" data-elementor-id=\"136\" class=\"elementor elementor-136\" data-elementor-post-type=\"page\">\n\t\t\t\t\t\t<section class=\"elementor-section elementor-top-section elementor-element elementor-element-1e11598 elementor-section-boxed elementor-section-height-default elementor-section-height-default\" data-id=\"1e11598\" data-element_type=\"section\">\n\t\t\t\t\t\t<div class=\"elementor-container elementor-column-gap-default\">\n\t\t\t\t\t<div class=\"elementor-column elementor-col-100 elementor-top-column elementor-element elementor-element-f2bf474\" data-id=\"f2bf474\" data-element_type=\"column\">\n\t\t\t<div class=\"elementor-widget-wrap elementor-element-populated\">\n\t\t\t\t\t\t<section class=\"elementor-section elementor-inner-section elementor-element elementor-element-bd7f2ab elementor-section-boxed elementor-section-height-default elementor-section-height-default\" data-id=\"bd7f2ab\" data-element_type=\"section\">\n\t\t\t\t\t\t<div class=\"elementor-container elementor-column-gap-default\">\n\t\t\t\t\t<div class=\"elementor-column elementor-col-50 elementor-inner-column elementor-element elementor-element-9fd655a\" data-id=\"9fd655a\" data-element_type=\"column\">\n\t\t\t<div class=\"elementor-widget-wrap elementor-element-populated\">\n\t\t\t\t\t\t<div class=\"elementor-element elementor-element-1d35b58 elementor-widget elementor-widget-image\" data-id=\"1d35b58\" data-element_type=\"widget\" data-widget_type=\"image.default\">\n\t\t\t\t<div class=\"elementor-widget-container\">\n\t\t\t\t\t\t\t\t\t\t\t\t\t\t\t<img fetchpriority=\"high\" decoding=\"async\" width=\"768\" height=\"1024\" src=\"https:\/\/xn--vos-dw-7ya.de\/wp-content\/uploads\/2022\/10\/IMG_5589-768x1024.jpeg\" class=\"attachment-large size-large wp-image-557\" alt=\"\" srcset=\"https:\/\/xn--vos-dw-7ya.de\/wp-content\/uploads\/2022\/10\/IMG_5589-768x1024.jpeg 768w, https:\/\/xn--vos-dw-7ya.de\/wp-content\/uploads\/2022\/10\/IMG_5589-225x300.jpeg 225w, https:\/\/xn--vos-dw-7ya.de\/wp-content\/uploads\/2022\/10\/IMG_5589-1152x1536.jpeg 1152w, https:\/\/xn--vos-dw-7ya.de\/wp-content\/uploads\/2022\/10\/IMG_5589-1536x2048.jpeg 1536w, https:\/\/xn--vos-dw-7ya.de\/wp-content\/uploads\/2022\/10\/IMG_5589-scaled.jpeg 1920w\" sizes=\"(max-width: 768px) 100vw, 768px\" \/>\t\t\t\t\t\t\t\t\t\t\t\t\t\t\t<\/div>\n\t\t\t\t<\/div>\n\t\t\t\t\t<\/div>\n\t\t<\/div>\n\t\t\t\t<div class=\"elementor-column elementor-col-50 elementor-inner-column elementor-element elementor-element-fb63de4\" data-id=\"fb63de4\" data-element_type=\"column\">\n\t\t\t<div class=\"elementor-widget-wrap elementor-element-populated\">\n\t\t\t\t\t\t<div class=\"elementor-element elementor-element-bab02fa elementor-widget elementor-widget-text-editor\" data-id=\"bab02fa\" data-element_type=\"widget\" data-widget_type=\"text-editor.default\">\n\t\t\t\t<div class=\"elementor-widget-container\">\n\t\t\t\t\t\t\t\t\t<p>Kyna ist seit dem Schuljahr 2022\/2023 Kollegin der VOS und arbeitet als Unterst\u00fctzung in der Schulhund AG und bei der Lesef\u00f6rderung mit.<\/p><p>Kyna ist eine mittlerweile achtj\u00e4hrige Labradorh\u00fcndin, die schon seit 6 Jahren im Schuldienst ist. Neben den \u00fcblichen Ausbildungstufen bis hin zum Begleithund, die jeder Hund haben sollte, hat Kyna eine Zertifizierung als Therapiehund und eine Ausbildung zum Schulhund mit entsprechenden Pr\u00fcfungen absolviert. Die Ausbildung hat insgesamt knapp 2 Jahre gedauert und sich mehr als gelohnt.<\/p><p>Gef\u00fchrt wird sie nur von Herrn Franz, sodass die beiden ein festes Hund-Mensch-Team bilden. Dabei wird sie immer an der Leine gef\u00fchrt und l\u00e4uft nat\u00fcrlich nicht frei zwischen den Kindern umher. Neben der Tatsache, dass dies f\u00fcr \u00e4ngstliche Kinder nicht gut w\u00e4re, wird so auch die Gesundheit des Hundes gesch\u00fctzt. Diese steht, neben den tollen p\u00e4dagogischen Effekten, immer im Vordergrund. F\u00fcr die Kinder der VOS gelten deshalb im Umgang oder bei Begegnung mit Kyna im Schulhaus klare Regeln.<\/p><p><strong>Was macht ein Schulhund?<\/strong><\/p><p>In der Schulhund AG, welche Kinder der 3.und.4. Klassen besuchen d\u00fcrfen, ist Kyna Gespr\u00e4chsthema und Praxis\u00fcbung zugleich. Die Kinder lernen etwas \u00fcber die Entwicklung von Hunden, das richtige Verhalten bei fremden Hunden, Die Hundehaltung mit allen Aspekten. Das F\u00fchren und richtige F\u00fcttern darf dabei nat\u00fcrlich auch nicht fehlen. Es soll ein Gesp\u00fcr daf\u00fcr entstehen wie viel Verantwortung man f\u00fcr ein Tier \u00fcbernehmen muss. Auch sollen die Kinder f\u00fcr den sp\u00e4teren Umgang mit Hunden, aber auch andern Tieren, sensibilisiert werden. Vielen Kindern konnte Kyna schon helfen \u00c4ngste zu \u00fcberwinden, oder zumindest Handlungssicherheiten in Begegnungssituationen vermitteln.<\/p><p>Als Lesehund hilft Kyna Kindern, die noch Probleme mit dem lauten Vorlesen haben. W\u00e4hrend sie sich geduldig neben die Kinder legt, korrigiert und bem\u00e4ngelt sie keine Fehler, was die Kinder motiviert mit lauter Stimme zu lesen. Hierbei konnte Kyna schon tolle Erfolge erzielen.<\/p><p>Wir freuen uns wenn Kyna noch lange gesund bleibt und mit den Kindern arbeiten kann.<\/p>\t\t\t\t\t\t\t\t<\/div>\n\t\t\t\t<\/div>\n\t\t\t\t\t<\/div>\n\t\t<\/div>\n\t\t\t\t\t<\/div>\n\t\t<\/section>\n\t\t\t\t\t<\/div>\n\t\t<\/div>\n\t\t\t\t\t<\/div>\n\t\t<\/section>\n\t\t<div class=\"elementor-element elementor-element-95e3cb1 e-flex e-con-boxed e-con e-parent\" data-id=\"95e3cb1\" data-element_type=\"container\">\n\t\t\t\t\t<div class=\"e-con-inner\">\n\t\t<div class=\"elementor-element elementor-element-0bc18f0 e-con-full e-flex e-con e-parent\" data-id=\"0bc18f0\" data-element_type=\"container\">\n\t\t\t\t<div class=\"elementor-element elementor-element-431876f elementor-widget elementor-widget-text-editor\" data-id=\"431876f\" data-element_type=\"widget\" data-widget_type=\"text-editor.default\">\n\t\t\t\t<div class=\"elementor-widget-container\">\n\t\t\t\t\t\t\t\t\t<p><strong>Lesehund<\/strong><\/p><p>Als Lesehund hilft Kyna Kindern, die noch Probleme mit dem lauten Vorlesen haben. W\u00e4hrend sie sich geduldig neben die Kinder legt, korrigiert und bem\u00e4ngelt sie keine Fehler, was die Kinder motiviert mit lauter Stimme zu lesen. Hierbei konnte Kyna schon tolle Erfolge erzielen.<\/p><p>\u00a0<\/p>\t\t\t\t\t\t\t\t<\/div>\n\t\t\t\t<\/div>\n\t\t\t\t<\/div>\n\t\t<div class=\"elementor-element elementor-element-6e8178f e-con-full e-flex e-con e-parent\" data-id=\"6e8178f\" data-element_type=\"container\">\n\t\t\t\t<div class=\"elementor-element elementor-element-3f8bf7e elementor-widget elementor-widget-image\" data-id=\"3f8bf7e\" data-element_type=\"widget\" data-widget_type=\"image.default\">\n\t\t\t\t<div class=\"elementor-widget-container\">\n\t\t\t\t\t\t\t\t\t\t\t\t\t\t\t<img decoding=\"async\" width=\"845\" height=\"634\" src=\"https:\/\/xn--vos-dw-7ya.de\/wp-content\/uploads\/2023\/03\/IMG_6784-1024x768.jpeg\" class=\"attachment-large size-large wp-image-1187\" alt=\"Schulhund in Aktion\" srcset=\"https:\/\/xn--vos-dw-7ya.de\/wp-content\/uploads\/2023\/03\/IMG_6784-1024x768.jpeg 1024w, https:\/\/xn--vos-dw-7ya.de\/wp-content\/uploads\/2023\/03\/IMG_6784-300x225.jpeg 300w, https:\/\/xn--vos-dw-7ya.de\/wp-content\/uploads\/2023\/03\/IMG_6784-768x576.jpeg 768w, https:\/\/xn--vos-dw-7ya.de\/wp-content\/uploads\/2023\/03\/IMG_6784-1536x1152.jpeg 1536w, https:\/\/xn--vos-dw-7ya.de\/wp-content\/uploads\/2023\/03\/IMG_6784-2048x1536.jpeg 2048w\" sizes=\"(max-width: 845px) 100vw, 845px\" \/>\t\t\t\t\t\t\t\t\t\t\t\t\t\t\t<\/div>\n\t\t\t\t<\/div>\n\t\t\t\t<\/div>\n\t\t\t\t\t<\/div>\n\t\t\t\t<\/div>\n\t\t\t\t<\/div>\n\t\t","protected":false},"excerpt":{"rendered":"<p>Kyna ist seit dem Schuljahr 2022\/2023 Kollegin der VOS und arbeitet als Unterst\u00fctzung in der Schulhund AG und bei der Lesef\u00f6rderung mit. Kyna ist eine mittlerweile achtj\u00e4hrige Labradorh\u00fcndin, die schon &#8230; <a title=\"Unser Schulhund\" class=\"read-more\" href=\"https:\/\/vos-d\u00fcw.de\/home\/unser-schulhund\/\" aria-label=\"Mehr dazu unter Unser Schulhund\">Weiterlesen<\/a><\/p>\n","protected":false},"author":1,"featured_media":0,"parent":0,"menu_order":0,"comment_status":"closed","ping_status":"closed","template":"","meta":{"footnotes":""},"class_list":["post-136","page","type-page","status-publish"],"_links":{"self":[{"href":"https:\/\/vos-d\u00fcw.de\/home\/wp-json\/wp\/v2\/pages\/136","targetHints":{"allow":["GET"]}}],"collection":[{"href":"https:\/\/vos-d\u00fcw.de\/home\/wp-json\/wp\/v2\/pages"}],"about":[{"href":"https:\/\/vos-d\u00fcw.de\/home\/wp-json\/wp\/v2\/types\/page"}],"author":[{"embeddable":true,"href":"https:\/\/vos-d\u00fcw.de\/home\/wp-json\/wp\/v2\/users\/1"}],"replies":[{"embeddable":true,"href":"https:\/\/vos-d\u00fcw.de\/home\/wp-json\/wp\/v2\/comments?post=136"}],"version-history":[{"count":10,"href":"https:\/\/vos-d\u00fcw.de\/home\/wp-json\/wp\/v2\/pages\/136\/revisions"}],"predecessor-version":[{"id":1194,"href":"https:\/\/vos-d\u00fcw.de\/home\/wp-json\/wp\/v2\/pages\/136\/revisions\/1194"}],"wp:attachment":[{"href":"https:\/\/vos-d\u00fcw.de\/home\/wp-json\/wp\/v2\/media?parent=136"}],"curies":[{"name":"wp","href":"https:\/\/api.w.org\/{rel}","templated":true}]}}