{"id":1369,"date":"2023-04-10T14:20:38","date_gmt":"2023-04-10T12:20:38","guid":{"rendered":"https:\/\/xn--vos-dw-7ya.de\/?page_id=1369"},"modified":"2023-04-10T14:20:47","modified_gmt":"2023-04-10T12:20:47","slug":"bne-in-unseren-projekten","status":"publish","type":"page","link":"https:\/\/vos-d\u00fcw.de\/home\/bne-in-unseren-projekten\/","title":{"rendered":"BNE in unseren Projekten"},"content":{"rendered":"\t\t<div data-elementor-type=\"wp-page\" data-elementor-id=\"1369\" class=\"elementor elementor-1369\" data-elementor-post-type=\"page\">\n\t\t\t\t\t\t<section class=\"elementor-section elementor-top-section elementor-element elementor-element-10877dfc elementor-section-boxed elementor-section-height-default elementor-section-height-default\" data-id=\"10877dfc\" data-element_type=\"section\">\n\t\t\t\t\t\t<div class=\"elementor-container elementor-column-gap-default\">\n\t\t\t\t\t<div class=\"elementor-column elementor-col-100 elementor-top-column elementor-element elementor-element-367f7315\" data-id=\"367f7315\" data-element_type=\"column\">\n\t\t\t<div class=\"elementor-widget-wrap elementor-element-populated\">\n\t\t\t\t\t\t<div class=\"elementor-element elementor-element-309a7eb4 elementor-widget elementor-widget-text-editor\" data-id=\"309a7eb4\" data-element_type=\"widget\" data-widget_type=\"text-editor.default\">\n\t\t\t\t<div class=\"elementor-widget-container\">\n\t\t\t\t\t\t\t\t\t\n<div id=\"wp-block-themeisle-blocks-advanced-columns-4681ad25\" class=\"wp-block-themeisle-blocks-advanced-columns has-0-columns has-desktop-undefined-layout has-tablet-equal-layout has-mobile-equal-layout has-vertical-unset\"><div class=\"wp-block-themeisle-blocks-advanced-columns-overlay\"><\/div><div class=\"innerblocks-wrap\"><\/div><\/div>\n\t\t\t\t\t\t\t\t<\/div>\n\t\t\t\t<\/div>\n\t\t\t\t\t<\/div>\n\t\t<\/div>\n\t\t\t\t\t<\/div>\n\t\t<\/section>\n\t\t<div class=\"elementor-element elementor-element-24ad7e1 e-flex e-con-boxed e-con e-parent\" data-id=\"24ad7e1\" data-element_type=\"container\">\n\t\t\t\t\t<div class=\"e-con-inner\">\n\t\t\t\t<div class=\"elementor-element elementor-element-7ea7297 elementor-widget elementor-widget-heading\" data-id=\"7ea7297\" data-element_type=\"widget\" data-widget_type=\"heading.default\">\n\t\t\t\t<div class=\"elementor-widget-container\">\n\t\t\t\t\t<h2 class=\"elementor-heading-title elementor-size-default\">Wie gestaltet sich BNE an unserer Schule und was ist noch geplant?<\/h2>\t\t\t\t<\/div>\n\t\t\t\t<\/div>\n\t\t\t\t\t<\/div>\n\t\t\t\t<\/div>\n\t\t<div class=\"elementor-element elementor-element-7bd820c e-flex e-con-boxed e-con e-parent\" data-id=\"7bd820c\" data-element_type=\"container\">\n\t\t\t\t\t<div class=\"e-con-inner\">\n\t\t\t\t<div class=\"elementor-element elementor-element-693cf4d elementor-widget elementor-widget-text-editor\" data-id=\"693cf4d\" data-element_type=\"widget\" data-widget_type=\"text-editor.default\">\n\t\t\t\t<div class=\"elementor-widget-container\">\n\t\t\t\t\t\t\t\t\t<p>Die Valentin-Ostertag-Schule hat sich ein einem erneuertem Gesamtkonferenzbeschluss (03.03.2023, siehe Protokoll) darauf verst\u00e4ndigt sich um eine nachhaltige und umweltorientierte Bildung zu bem\u00fchen. In den schuleigenen Arbeitspl\u00e4nen werden schon viele Punkte abgedeckt. Diese werden im laufenden Verfahren jedoch noch um weitere SDG\u00b4s erweitert.<\/p>\t\t\t\t\t\t\t\t<\/div>\n\t\t\t\t<\/div>\n\t\t\t\t\t<\/div>\n\t\t\t\t<\/div>\n\t\t<div class=\"elementor-element elementor-element-76f2793 e-flex e-con-boxed e-con e-parent\" data-id=\"76f2793\" data-element_type=\"container\">\n\t\t\t\t\t<div class=\"e-con-inner\">\n\t\t\t\t<div class=\"elementor-element elementor-element-be41983 elementor-widget elementor-widget-text-editor\" data-id=\"be41983\" data-element_type=\"widget\" data-widget_type=\"text-editor.default\">\n\t\t\t\t<div class=\"elementor-widget-container\">\n\t\t\t\t\t\t\t\t\t<p><strong>Folgende Bereiche finden sich im<span class=\"Apple-converted-space\">\u00a0 <\/span>Schulalltag wieder:<\/strong><\/p>\t\t\t\t\t\t\t\t<\/div>\n\t\t\t\t<\/div>\n\t\t\t\t\t<\/div>\n\t\t\t\t<\/div>\n\t\t<div class=\"elementor-element elementor-element-e5effe3 e-flex e-con-boxed e-con e-parent\" data-id=\"e5effe3\" data-element_type=\"container\">\n\t\t\t\t\t<div class=\"e-con-inner\">\n\t\t\t\t<div class=\"elementor-element elementor-element-5eced5d elementor-widget elementor-widget-text-editor\" data-id=\"5eced5d\" data-element_type=\"widget\" data-widget_type=\"text-editor.default\">\n\t\t\t\t<div class=\"elementor-widget-container\">\n\t\t\t\t\t\t\t\t\t<p><b>\u00d6kologie<\/b><\/p>\n<ul>\n<li>Sachunterrichtsthemen zu Natur\/ Umwelt und Miteinander sind in den Arbeitspl\u00e4nen zu finden<span class=\"Apple-converted-space\">\u00a0<\/span><\/li>\n<li>NAWI-Band Freitags letzte Stunde<\/li>\n<li>Halten und Pflegen von H\u00fchnern\n<ul>\n<li>\u00dcbernahme von Verantwortung f\u00fcr ein Lebewesen<\/li>\n<li>Respektvoller Umgang mit Tieren<\/li>\n<li>Pflegen eines Aquariums<\/li>\n<\/ul>\n<\/li>\n<li>Schulhundeinsatz:\n<ul>\n<li>Lesehund und Schulhund AG im GT<\/li>\n<li>Themen mit und \u00fcber den Hund<\/li>\n<\/ul>\n<\/li>\n<li>M\u00fclltrennung in allen Klassen<\/li>\n<li>Reaktivierung des Schulgartens<\/li>\n<li>AG zum Thema Upcycling<\/li>\n<li>AG Umwelthelden<\/li>\n<li>Nistk\u00e4sten f\u00fcr Turmfalken und andere Vogelarten<\/li>\n<\/ul>\t\t\t\t\t\t\t\t<\/div>\n\t\t\t\t<\/div>\n\t\t\t\t\t<\/div>\n\t\t\t\t<\/div>\n\t\t<div class=\"elementor-element elementor-element-fe7f450 e-flex e-con-boxed e-con e-parent\" data-id=\"fe7f450\" data-element_type=\"container\">\n\t\t\t\t\t<div class=\"e-con-inner\">\n\t\t\t\t<div class=\"elementor-element elementor-element-2849e3e elementor-widget elementor-widget-text-editor\" data-id=\"2849e3e\" data-element_type=\"widget\" data-widget_type=\"text-editor.default\">\n\t\t\t\t<div class=\"elementor-widget-container\">\n\t\t\t\t\t\t\t\t\t<p><b>Energie und Nachhaltigkeit<\/b><\/p>\n<ul>\n<li>Bereits bestehende Photovoltaik mit Infotafel<\/li>\n<li>Bei Neubau des H\u00fchnerstalles -&gt; Installation eines Balkonkraftwerkes zu Veranschaulichung f\u00fcr die Sch\u00fclerinnen<\/li>\n<li>Klimavertrag mit Stadt wird aktuell ausgearbeitet und es finden Vorgespr\u00e4che statt<\/li>\n<\/ul>\t\t\t\t\t\t\t\t<\/div>\n\t\t\t\t<\/div>\n\t\t\t\t\t<\/div>\n\t\t\t\t<\/div>\n\t\t<div class=\"elementor-element elementor-element-62ee614 e-flex e-con-boxed e-con e-parent\" data-id=\"62ee614\" data-element_type=\"container\">\n\t\t\t\t\t<div class=\"e-con-inner\">\n\t\t\t\t<div class=\"elementor-element elementor-element-cfe5770 elementor-widget elementor-widget-text-editor\" data-id=\"cfe5770\" data-element_type=\"widget\" data-widget_type=\"text-editor.default\">\n\t\t\t\t<div class=\"elementor-widget-container\">\n\t\t\t\t\t\t\t\t\t<p><b>Gesunde Ern\u00e4hrung<\/b><\/p>\n<ul>\n<li>Fairtrade im Rahmen von Gesundem Fr\u00fchst\u00fcck<\/li>\n<li>Schulobst<\/li>\n<li>geplant ist Kiosk mit gesunden Lebensmitteln, welches im Sch\u00fclerparlament beschlossen wurde und von Sch\u00fcler*innen gef\u00fchrt wird<\/li>\n<\/ul>\t\t\t\t\t\t\t\t<\/div>\n\t\t\t\t<\/div>\n\t\t\t\t\t<\/div>\n\t\t\t\t<\/div>\n\t\t<div class=\"elementor-element elementor-element-3e83bcd e-flex e-con-boxed e-con e-parent\" data-id=\"3e83bcd\" data-element_type=\"container\">\n\t\t\t\t\t<div class=\"e-con-inner\">\n\t\t\t\t<div class=\"elementor-element elementor-element-804b4dd elementor-widget elementor-widget-text-editor\" data-id=\"804b4dd\" data-element_type=\"widget\" data-widget_type=\"text-editor.default\">\n\t\t\t\t<div class=\"elementor-widget-container\">\n\t\t\t\t\t\t\t\t\t<p><b>Demokratisierung \/ Soziales Lernen<\/b><\/p>\n<p>Klassenr\u00e4te in allen Klassen<\/p>\n<p>Sch\u00fclerparlament<\/p>\n<ul>\n<li>Bildung von Verkn\u00fcpfungen zur Montessorischule<\/li>\n<li><span style=\"color: var( --e-global-color-text ); font-family: var( --e-global-typography-text-font-family ), Sans-serif; text-align: var(--text-align); background-color: var(--base-3);\">Schauwand mit Beschl\u00fcssen und Vertr\u00e4gen<\/span><\/li>\n<li>Mitgestaltung des Schulalltags<\/li>\n<\/ul>\n<p>&#8211;\u00a0<span style=\"text-align: var(--text-align); background-color: var(--base-3);\"><span style=\"font-family: var( --e-global-typography-text-font-family ), Sans-serif;\"><span style=\"color: var( --e-global-color-text );\">Projekt fairer Fu\u00dfball in den ersten Klassen im\u00a0<\/span><\/span>Jahr 2022\/2023<\/span><\/p>\n<p>Repr\u00e4sentieren und Mitbestimmen bei Entscheidungen der Gemeinde<span class=\"Apple-converted-space\">\u00a0<\/span><\/p>\n<ul>\n<li>Ab Sommer Partnerschaft mit Seniorenheim im Ganztagsbereich<\/li>\n<\/ul>\t\t\t\t\t\t\t\t<\/div>\n\t\t\t\t<\/div>\n\t\t\t\t\t<\/div>\n\t\t\t\t<\/div>\n\t\t<div class=\"elementor-element elementor-element-adb5d1e e-flex e-con-boxed e-con e-parent\" data-id=\"adb5d1e\" data-element_type=\"container\">\n\t\t\t\t\t<div class=\"e-con-inner\">\n\t\t\t\t\t<\/div>\n\t\t\t\t<\/div>\n\t\t<div class=\"elementor-element elementor-element-c2d5849 e-flex e-con-boxed e-con e-parent\" data-id=\"c2d5849\" data-element_type=\"container\">\n\t\t\t\t\t<div class=\"e-con-inner\">\n\t\t\t\t<div class=\"elementor-element elementor-element-65cd08a elementor-widget elementor-widget-text-editor\" data-id=\"65cd08a\" data-element_type=\"widget\" data-widget_type=\"text-editor.default\">\n\t\t\t\t<div class=\"elementor-widget-container\">\n\t\t\t\t\t\t\t\t\t<p><b>Geplante Inhalte<\/b><\/p>\n<p>Pr\u00e4ventionspogramme zum sexuellen Missbrauch<\/p>\n<p>Leben in der digitalen Welt- Nutzen und Risiko<\/p>\n<p>Streitschlichterkonzepte<\/p>\n<p>Intensiveres Ausrichten auf Themen wie Gendergerechtigkeit, Klimawandel<span class=\"Apple-converted-space\">\u00a0<\/span><\/p>\n<p>Unterricht am Thema Wald (Waldtag) In Vergangenheit wurde an Waldprgrammen teilgenommen<\/p>\n<p>Paperless: Noch weniger Verbrauch von Rohstoffen<\/p>\n<p>Weitere Verbesserung des K\u00fcchenangebotes (bisher wird schon viel Regional und Bio gekauft)<\/p>\n<p>Projekt Faire Schule als Ziel<\/p>\n<p><b>Themen f\u00fcr Neubau:<\/b><\/p>\n<p>R\u00e4umlichkeiten f\u00fcr Parlamentstagungen<\/p>\n<p>Atrium im Hof<\/p>\n<p>Schulteich<\/p>\n<p>Soziale Begegnungsst\u00e4tten -offene Lernkonzepte-<\/p>\n<p>Geb\u00e4ude und Infrastruktur auf die Nutzung erneuerbarer Energien ausrichten, soweit wir Einfluss darauf haben. (z.B. Ladeinfrastruktur f\u00fcr Lehrkr\u00e4fte)<\/p>\n<p>Anlegen eines Schulgartens in Kooperation mit Naturspur e.V.<\/p>\n<p>Ausrichtung auf regenerative Energien<\/p>\t\t\t\t\t\t\t\t<\/div>\n\t\t\t\t<\/div>\n\t\t\t\t\t<\/div>\n\t\t\t\t<\/div>\n\t\t\t\t<\/div>\n\t\t","protected":false},"excerpt":{"rendered":"<p>Wie gestaltet sich BNE an unserer Schule und was ist noch geplant? Die Valentin-Ostertag-Schule hat sich ein einem erneuertem Gesamtkonferenzbeschluss (03.03.2023, siehe Protokoll) darauf verst\u00e4ndigt sich um eine nachhaltige und &#8230; <a title=\"BNE in unseren Projekten\" class=\"read-more\" href=\"https:\/\/vos-d\u00fcw.de\/home\/bne-in-unseren-projekten\/\" aria-label=\"Mehr dazu unter BNE in unseren Projekten\">Weiterlesen<\/a><\/p>\n","protected":false},"author":1,"featured_media":0,"parent":0,"menu_order":0,"comment_status":"closed","ping_status":"closed","template":"","meta":{"footnotes":""},"class_list":["post-1369","page","type-page","status-publish"],"_links":{"self":[{"href":"https:\/\/vos-d\u00fcw.de\/home\/wp-json\/wp\/v2\/pages\/1369","targetHints":{"allow":["GET"]}}],"collection":[{"href":"https:\/\/vos-d\u00fcw.de\/home\/wp-json\/wp\/v2\/pages"}],"about":[{"href":"https:\/\/vos-d\u00fcw.de\/home\/wp-json\/wp\/v2\/types\/page"}],"author":[{"embeddable":true,"href":"https:\/\/vos-d\u00fcw.de\/home\/wp-json\/wp\/v2\/users\/1"}],"replies":[{"embeddable":true,"href":"https:\/\/vos-d\u00fcw.de\/home\/wp-json\/wp\/v2\/comments?post=1369"}],"version-history":[{"count":4,"href":"https:\/\/vos-d\u00fcw.de\/home\/wp-json\/wp\/v2\/pages\/1369\/revisions"}],"predecessor-version":[{"id":1373,"href":"https:\/\/vos-d\u00fcw.de\/home\/wp-json\/wp\/v2\/pages\/1369\/revisions\/1373"}],"wp:attachment":[{"href":"https:\/\/vos-d\u00fcw.de\/home\/wp-json\/wp\/v2\/media?parent=1369"}],"curies":[{"name":"wp","href":"https:\/\/api.w.org\/{rel}","templated":true}]}}