{"id":146,"date":"2022-05-28T22:39:29","date_gmt":"2022-05-28T20:39:29","guid":{"rendered":"https:\/\/xn--vos-dw-7ya.de\/?page_id=146"},"modified":"2026-01-14T22:38:48","modified_gmt":"2026-01-14T21:38:48","slug":"ganztagsschule","status":"publish","type":"page","link":"https:\/\/vos-d\u00fcw.de\/home\/ganztagsschule\/","title":{"rendered":"Ganztagsschule"},"content":{"rendered":"\t\t<div data-elementor-type=\"wp-page\" data-elementor-id=\"146\" class=\"elementor elementor-146\" data-elementor-post-type=\"page\">\n\t\t\t\t\t\t<section class=\"elementor-section elementor-top-section elementor-element elementor-element-5a752bc elementor-section-boxed elementor-section-height-default elementor-section-height-default\" data-id=\"5a752bc\" data-element_type=\"section\">\n\t\t\t\t\t\t<div class=\"elementor-container elementor-column-gap-default\">\n\t\t\t\t\t<div class=\"elementor-column elementor-col-100 elementor-top-column elementor-element elementor-element-53a0e0f\" data-id=\"53a0e0f\" data-element_type=\"column\">\n\t\t\t<div class=\"elementor-widget-wrap elementor-element-populated\">\n\t\t\t\t\t\t<div class=\"elementor-element elementor-element-9c3e306 elementor-widget elementor-widget-text-editor\" data-id=\"9c3e306\" data-element_type=\"widget\" data-widget_type=\"text-editor.default\">\n\t\t\t\t<div class=\"elementor-widget-container\">\n\t\t\t\t\t\t\t\t\t<p style=\"text-align: left;\">Die Valentin-Ostertag-Schule ist eine Ganztagsschule in Angebotsform im additiven GTS-Modell. Das hei\u00dft, dass die Sch\u00fcler*innen nach der regul\u00e4ren Unterrichtszeit von Montag bis Donnerstag ein frisch gekochtes Mittagessen, und Unterst\u00fctzung bei den Hausaufgaben erhalten. Neben dem Lehrpersonal, das zu mindestens 50% im Ganztag vertreten ist, arbeiten hier p\u00e4dagogische Fachkr\u00e4fte, unsere drei Freiwilligendinstlerinnen sowie au\u00dferschulisches Fachpersonal mit ihren Kindern. Ein spannendes AG Angebot geh\u00f6rt ebenfalls zu diesem Konzept.\u00a0<\/p>\t\t\t\t\t\t\t\t<\/div>\n\t\t\t\t<\/div>\n\t\t\t\t\t<\/div>\n\t\t<\/div>\n\t\t\t\t\t<\/div>\n\t\t<\/section>\n\t\t\t\t<section class=\"elementor-section elementor-top-section elementor-element elementor-element-fd2803d elementor-section-boxed elementor-section-height-default elementor-section-height-default\" data-id=\"fd2803d\" data-element_type=\"section\">\n\t\t\t\t\t\t<div class=\"elementor-container elementor-column-gap-default\">\n\t\t\t\t\t<div class=\"elementor-column elementor-col-50 elementor-top-column elementor-element elementor-element-256246d\" data-id=\"256246d\" data-element_type=\"column\">\n\t\t\t<div class=\"elementor-widget-wrap elementor-element-populated\">\n\t\t\t\t\t\t<div class=\"elementor-element elementor-element-d6edc60 elementor-widget elementor-widget-heading\" data-id=\"d6edc60\" data-element_type=\"widget\" data-widget_type=\"heading.default\">\n\t\t\t\t<div class=\"elementor-widget-container\">\n\t\t\t\t\t<h4 class=\"elementor-heading-title elementor-size-default\">Klassenstufen 1 und 2<\/h4>\t\t\t\t<\/div>\n\t\t\t\t<\/div>\n\t\t\t\t<div class=\"elementor-element elementor-element-eea4380 elementor-widget elementor-widget-text-editor\" data-id=\"eea4380\" data-element_type=\"widget\" data-widget_type=\"text-editor.default\">\n\t\t\t\t<div class=\"elementor-widget-container\">\n\t\t\t\t\t\t\t\t\t<p style=\"text-align: center;\"><span style=\"color: var( --e-global-color-text ); font-family: var( --e-global-typography-text-font-family ), Sans-serif; background-color: var(--base-3);\">12:00-13:00 Uhr: \u00a0 \u00a0 \u00a0 Mittagessen Stufe 1\/2<\/span><\/p><p>13:00-14:00 Uhr: \u00a0 \u00a0 \u00a0 \u00a0 \u00a0 \u00a0Spielzeit<\/p><p>14:00-15:00 Uhr: \u00a0 \u00a0 \u00a0 \u00a0 \u00a0 \u00a0H\u00dcLF<\/p><p>15:00-16:00 Uhr: \u00a0 \u00a0 \u00a0 \u00a0 \u00a0 \u00a0AG\u00b4s<\/p>\t\t\t\t\t\t\t\t<\/div>\n\t\t\t\t<\/div>\n\t\t\t\t\t<\/div>\n\t\t<\/div>\n\t\t\t\t<div class=\"elementor-column elementor-col-50 elementor-top-column elementor-element elementor-element-33f48b9\" data-id=\"33f48b9\" data-element_type=\"column\">\n\t\t\t<div class=\"elementor-widget-wrap elementor-element-populated\">\n\t\t\t\t\t\t<div class=\"elementor-element elementor-element-0750768 elementor-widget elementor-widget-heading\" data-id=\"0750768\" data-element_type=\"widget\" data-widget_type=\"heading.default\">\n\t\t\t\t<div class=\"elementor-widget-container\">\n\t\t\t\t\t<h4 class=\"elementor-heading-title elementor-size-default\">Klassenstufen 3 und 4<\/h4>\t\t\t\t<\/div>\n\t\t\t\t<\/div>\n\t\t\t\t<div class=\"elementor-element elementor-element-3f2369d elementor-widget elementor-widget-text-editor\" data-id=\"3f2369d\" data-element_type=\"widget\" data-widget_type=\"text-editor.default\">\n\t\t\t\t<div class=\"elementor-widget-container\">\n\t\t\t\t\t\t\t\t\t<p style=\"text-align: center;\"><span style=\"color: var( --e-global-color-text ); font-family: var( --e-global-typography-text-font-family ), Sans-serif; background-color: var(--base-3);\">13:00-14:00 Uhr: \u00a0 \u00a0 \u00a0 \u00a0 \u00a0 \u00a0Mittagessen Stufe 3\/4<\/span><\/p><p>14:00-15:00 Uhr: \u00a0 \u00a0 \u00a0 \u00a0 \u00a0 \u00a0H\u00dcLF<\/p><p>15:00-16:00 Uhr: \u00a0 \u00a0 \u00a0 \u00a0 \u00a0 \u00a0AG\u00b4s<\/p>\t\t\t\t\t\t\t\t<\/div>\n\t\t\t\t<\/div>\n\t\t\t\t\t<\/div>\n\t\t<\/div>\n\t\t\t\t\t<\/div>\n\t\t<\/section>\n\t\t\t\t<section class=\"elementor-section elementor-top-section elementor-element elementor-element-64308ab elementor-section-boxed elementor-section-height-default elementor-section-height-default\" data-id=\"64308ab\" data-element_type=\"section\">\n\t\t\t\t\t\t<div class=\"elementor-container elementor-column-gap-default\">\n\t\t\t\t\t<div class=\"elementor-column elementor-col-100 elementor-top-column elementor-element elementor-element-ea30a24\" data-id=\"ea30a24\" data-element_type=\"column\">\n\t\t\t<div class=\"elementor-widget-wrap elementor-element-populated\">\n\t\t\t\t\t\t<div class=\"elementor-element elementor-element-f08d28d elementor-widget-divider--view-line elementor-widget elementor-widget-divider\" data-id=\"f08d28d\" data-element_type=\"widget\" data-widget_type=\"divider.default\">\n\t\t\t\t<div class=\"elementor-widget-container\">\n\t\t\t\t\t\t\t<div class=\"elementor-divider\">\n\t\t\t<span class=\"elementor-divider-separator\">\n\t\t\t\t\t\t<\/span>\n\t\t<\/div>\n\t\t\t\t\t\t<\/div>\n\t\t\t\t<\/div>\n\t\t\t\t<div class=\"elementor-element elementor-element-e839742 elementor-widget elementor-widget-heading\" data-id=\"e839742\" data-element_type=\"widget\" data-widget_type=\"heading.default\">\n\t\t\t\t<div class=\"elementor-widget-container\">\n\t\t\t\t\t<h3 class=\"elementor-heading-title elementor-size-default\">AG-Angebot  2024\/2025<\/h3>\t\t\t\t<\/div>\n\t\t\t\t<\/div>\n\t\t\t\t\t<\/div>\n\t\t<\/div>\n\t\t\t\t\t<\/div>\n\t\t<\/section>\n\t\t<div class=\"elementor-element elementor-element-a5b7a2e e-flex e-con-boxed e-con e-parent\" data-id=\"a5b7a2e\" data-element_type=\"container\">\n\t\t\t\t\t<div class=\"e-con-inner\">\n\t\t\t\t<div class=\"elementor-element elementor-element-99b9f16 elementor-widget elementor-widget-text-editor\" data-id=\"99b9f16\" data-element_type=\"widget\" data-widget_type=\"text-editor.default\">\n\t\t\t\t<div class=\"elementor-widget-container\">\n\t\t\t\t\t\t\t\t\t<p>Ein besonderer Bestandteil unseres Schulalltags sind die vielf\u00e4ltigen Arbeitsgemeinschaften (AGs). Sie bieten den Kindern Raum, Interessen zu entdecken, Neues auszuprobieren und eigene St\u00e4rken weiterzuentwickeln.<\/p><h3>T\u00e4gliche freie Wahl<\/h3><p>Unsere AGs werden <strong>jeden Tag neu von den Sch\u00fcler*innen gew\u00e4hlt<\/strong>. Die Kinder entscheiden selbst, woran sie teilnehmen m\u00f6chten. Diese freie Wahl st\u00e4rkt die Eigenverantwortung und sorgt f\u00fcr eine hohe Motivation.<\/p><h3>Vielf\u00e4ltige Angebote<\/h3><p>Das AG-Angebot ist abwechslungsreich und deckt unterschiedliche Interessen und Bed\u00fcrfnisse ab. Dazu geh\u00f6ren unter anderem:<\/p><ul><li><p>Entspannungs- und Achtsamkeitsangebote<\/p><\/li><li><p>logische Spiele und Knobelaufgaben<\/p><\/li><li><p>musikalische Angebote wie Singen, Musizieren oder Rhythmus<\/p><\/li><li><p>sportliche Aktivit\u00e4ten und Bewegungsspiele<\/p><\/li><\/ul><p>Die Angebote wechseln regelm\u00e4\u00dfig, sodass immer wieder neue Impulse gesetzt werden.<\/p><h3>Lernen mit Freude und Neugier<\/h3><p>Durch die freie Wahl k\u00f6nnen die Kinder <strong>immer wieder neue Themenfelder erleben<\/strong>, eigene Vorlieben entdecken und sich auch bewusst neuen Herausforderungen stellen. Die hohe Motivation wirkt sich positiv auf das Lernen, das soziale Miteinander und das Wohlbefin<\/p>\t\t\t\t\t\t\t\t<\/div>\n\t\t\t\t<\/div>\n\t\t\t\t\t<\/div>\n\t\t\t\t<\/div>\n\t\t\t\t<\/div>\n\t\t","protected":false},"excerpt":{"rendered":"<p>Die Valentin-Ostertag-Schule ist eine Ganztagsschule in Angebotsform im additiven GTS-Modell. Das hei\u00dft, dass die Sch\u00fcler*innen nach der regul\u00e4ren Unterrichtszeit von Montag bis Donnerstag ein frisch gekochtes Mittagessen, und Unterst\u00fctzung bei &#8230; <a title=\"Ganztagsschule\" class=\"read-more\" href=\"https:\/\/vos-d\u00fcw.de\/home\/ganztagsschule\/\" aria-label=\"Mehr dazu unter Ganztagsschule\">Weiterlesen<\/a><\/p>\n","protected":false},"author":1,"featured_media":0,"parent":0,"menu_order":0,"comment_status":"closed","ping_status":"closed","template":"","meta":{"footnotes":""},"class_list":["post-146","page","type-page","status-publish"],"_links":{"self":[{"href":"https:\/\/vos-d\u00fcw.de\/home\/wp-json\/wp\/v2\/pages\/146","targetHints":{"allow":["GET"]}}],"collection":[{"href":"https:\/\/vos-d\u00fcw.de\/home\/wp-json\/wp\/v2\/pages"}],"about":[{"href":"https:\/\/vos-d\u00fcw.de\/home\/wp-json\/wp\/v2\/types\/page"}],"author":[{"embeddable":true,"href":"https:\/\/vos-d\u00fcw.de\/home\/wp-json\/wp\/v2\/users\/1"}],"replies":[{"embeddable":true,"href":"https:\/\/vos-d\u00fcw.de\/home\/wp-json\/wp\/v2\/comments?post=146"}],"version-history":[{"count":40,"href":"https:\/\/vos-d\u00fcw.de\/home\/wp-json\/wp\/v2\/pages\/146\/revisions"}],"predecessor-version":[{"id":2375,"href":"https:\/\/vos-d\u00fcw.de\/home\/wp-json\/wp\/v2\/pages\/146\/revisions\/2375"}],"wp:attachment":[{"href":"https:\/\/vos-d\u00fcw.de\/home\/wp-json\/wp\/v2\/media?parent=146"}],"curies":[{"name":"wp","href":"https:\/\/api.w.org\/{rel}","templated":true}]}}