{"id":1467,"date":"2023-06-21T20:58:13","date_gmt":"2023-06-21T18:58:13","guid":{"rendered":"https:\/\/xn--vos-dw-7ya.de\/?page_id=1467"},"modified":"2023-06-23T16:51:31","modified_gmt":"2023-06-23T14:51:31","slug":"informationen-zum-praesentationstag","status":"publish","type":"page","link":"https:\/\/vos-d\u00fcw.de\/home\/informationen-zum-praesentationstag\/","title":{"rendered":"Informationen zum Pr\u00e4sentationstag"},"content":{"rendered":"\t\t<div data-elementor-type=\"wp-page\" data-elementor-id=\"1467\" class=\"elementor elementor-1467\" data-elementor-post-type=\"page\">\n\t\t\t\t<div class=\"elementor-element elementor-element-bf6fd4d e-flex e-con-boxed e-con e-parent\" data-id=\"bf6fd4d\" data-element_type=\"container\">\n\t\t\t\t\t<div class=\"e-con-inner\">\n\t\t\t\t<div class=\"elementor-element elementor-element-290759c elementor-widget elementor-widget-text-editor\" data-id=\"290759c\" data-element_type=\"widget\" data-widget_type=\"text-editor.default\">\n\t\t\t\t<div class=\"elementor-widget-container\">\n\t\t\t\t\t\t\t\t\t<h5>Sch\u00f6n, dass Sie hier sind. Sie erhalten hier alle Informationen rund um unseren Pr\u00e4sentationstag. Die Kinder und Kolleg*innen haben diese Woche alles gegeben und zeigen nun, woran sie gearbeitet haben. Die Themen orientierten sich an der BNE ( Bildung f\u00fcr Nachhaltige Entwicklung), f\u00fcr die sich unsere Schule zertifizieren l\u00e4sst und hoffentlich bald so nennen darf. Die passenden <a href=\"https:\/\/www.unesco.de\/bildung\/agenda-bildung-2030\/bildung-und-die-sdgs\">SDG\u00b4s<\/a> finden Sie an den jeweiligen Stationen.&nbsp;<\/h5>\n<h5>Unser kleines Programm finden Sie, wenn Sie unten auf den Button klicken. Ansonsten soll der Tag auch Anlass bieten ins Gespr\u00e4ch zu kommen und die Gemeinschaft zu st\u00e4rken.<\/h5><div>Bitte beachten Sie, dass nur sehr wenige Parkpl\u00e4tze vorhanden sind. Am besten verzichten Sie bei der Anreise aufs Auto.&nbsp;<\/div><div><br><\/div>\n<h5>Wir w\u00fcnschen viel Spa\u00df!<\/h5>\n<h5>Das Kollegium der VOS<\/h5>\t\t\t\t\t\t\t\t<\/div>\n\t\t\t\t<\/div>\n\t\t\t\t<div class=\"elementor-element elementor-element-42f4840 elementor-widget elementor-widget-button\" data-id=\"42f4840\" data-element_type=\"widget\" data-widget_type=\"button.default\">\n\t\t\t\t<div class=\"elementor-widget-container\">\n\t\t\t\t\t\t\t\t\t<div class=\"elementor-button-wrapper\">\n\t\t\t\t\t<a class=\"elementor-button elementor-button-link elementor-size-md\" href=\"http:\/\/xn--vos-dw-7ya.de\/speise-und-getraenkekarte\/\">\n\t\t\t\t\t\t<span class=\"elementor-button-content-wrapper\">\n\t\t\t\t\t\t\t\t\t<span class=\"elementor-button-text\">Speise- und Getr\u00e4nkekarte<\/span>\n\t\t\t\t\t<\/span>\n\t\t\t\t\t<\/a>\n\t\t\t\t<\/div>\n\t\t\t\t\t\t\t\t<\/div>\n\t\t\t\t<\/div>\n\t\t\t\t<div class=\"elementor-element elementor-element-5467cfb elementor-button-info elementor-widget elementor-widget-button\" data-id=\"5467cfb\" data-element_type=\"widget\" data-widget_type=\"button.default\">\n\t\t\t\t<div class=\"elementor-widget-container\">\n\t\t\t\t\t\t\t\t\t<div class=\"elementor-button-wrapper\">\n\t\t\t\t\t<a class=\"elementor-button elementor-button-link elementor-size-md\" href=\"http:\/\/xn--vos-dw-7ya.de\/programm-und-positionen\/\">\n\t\t\t\t\t\t<span class=\"elementor-button-content-wrapper\">\n\t\t\t\t\t\t\t\t\t<span class=\"elementor-button-text\">Programm und Standorte<\/span>\n\t\t\t\t\t<\/span>\n\t\t\t\t\t<\/a>\n\t\t\t\t<\/div>\n\t\t\t\t\t\t\t\t<\/div>\n\t\t\t\t<\/div>\n\t\t\t\t\t<\/div>\n\t\t\t\t<\/div>\n\t\t\t\t<\/div>\n\t\t","protected":false},"excerpt":{"rendered":"<p>Sch\u00f6n, dass Sie hier sind. Sie erhalten hier alle Informationen rund um unseren Pr\u00e4sentationstag. Die Kinder und Kolleg*innen haben diese Woche alles gegeben und zeigen nun, woran sie gearbeitet haben. &#8230; <a title=\"Informationen zum Pr\u00e4sentationstag\" class=\"read-more\" href=\"https:\/\/vos-d\u00fcw.de\/home\/informationen-zum-praesentationstag\/\" aria-label=\"Mehr dazu unter Informationen zum Pr\u00e4sentationstag\">Weiterlesen<\/a><\/p>\n","protected":false},"author":1,"featured_media":0,"parent":0,"menu_order":0,"comment_status":"closed","ping_status":"closed","template":"","meta":{"footnotes":""},"class_list":["post-1467","page","type-page","status-publish"],"_links":{"self":[{"href":"https:\/\/vos-d\u00fcw.de\/home\/wp-json\/wp\/v2\/pages\/1467","targetHints":{"allow":["GET"]}}],"collection":[{"href":"https:\/\/vos-d\u00fcw.de\/home\/wp-json\/wp\/v2\/pages"}],"about":[{"href":"https:\/\/vos-d\u00fcw.de\/home\/wp-json\/wp\/v2\/types\/page"}],"author":[{"embeddable":true,"href":"https:\/\/vos-d\u00fcw.de\/home\/wp-json\/wp\/v2\/users\/1"}],"replies":[{"embeddable":true,"href":"https:\/\/vos-d\u00fcw.de\/home\/wp-json\/wp\/v2\/comments?post=1467"}],"version-history":[{"count":20,"href":"https:\/\/vos-d\u00fcw.de\/home\/wp-json\/wp\/v2\/pages\/1467\/revisions"}],"predecessor-version":[{"id":1598,"href":"https:\/\/vos-d\u00fcw.de\/home\/wp-json\/wp\/v2\/pages\/1467\/revisions\/1598"}],"wp:attachment":[{"href":"https:\/\/vos-d\u00fcw.de\/home\/wp-json\/wp\/v2\/media?parent=1467"}],"curies":[{"name":"wp","href":"https:\/\/api.w.org\/{rel}","templated":true}]}}