{"id":1495,"date":"2023-06-21T23:08:14","date_gmt":"2023-06-21T21:08:14","guid":{"rendered":"https:\/\/xn--vos-dw-7ya.de\/?page_id=1495"},"modified":"2023-06-22T20:36:10","modified_gmt":"2023-06-22T18:36:10","slug":"eindruecke-vom-bau-des-huehnerstalls","status":"publish","type":"page","link":"https:\/\/vos-d\u00fcw.de\/home\/eindruecke-vom-bau-des-huehnerstalls\/","title":{"rendered":"Eindr\u00fccke vom Bau des H\u00fchnerstalls"},"content":{"rendered":"\t\t<div data-elementor-type=\"wp-page\" data-elementor-id=\"1495\" class=\"elementor elementor-1495\" data-elementor-post-type=\"page\">\n\t\t\t\t<div class=\"elementor-element elementor-element-7470574 e-flex e-con-boxed e-con e-parent\" data-id=\"7470574\" data-element_type=\"container\">\n\t\t\t\t\t<div class=\"e-con-inner\">\n\t\t\t\t<div class=\"elementor-element elementor-element-5a3c816 elementor-widget elementor-widget-text-editor\" data-id=\"5a3c816\" data-element_type=\"widget\" data-widget_type=\"text-editor.default\">\n\t\t\t\t<div class=\"elementor-widget-container\">\n\t\t\t\t\t\t\t\t\t<p>Es hat super viel Spa\u00df gemacht mit meinen 4 Helfer*innen den Stall zu bauen. Alle haben sich als handwerklich sehr geschickt und motiviert gezeigt. Der n\u00f6tige Respekt und die gebotene Vorsicht im Umgang mit den Maschinen haben sie ebenfalls bewiesen, sodass ein alleiniges Bedienen der Bohrmaschine oder des Schleifers schnell funktioniert hat. Neben dem Handwerk brauchten wir nat\u00fcrlich auch Mathe \ud83d\ude09. Bei der Auswahl der Materialien haben wir m\u00f6glichst nat\u00fcrliche Stoffe, wie etwa Streichkalk, gew\u00e4hlt. Dies hat neben dem Umweltschutz auch noch die Reduzierung von Milben zur Folge. Nach den Ferien d\u00fcrfen die Klassen den H\u00fchnerstall noch k\u00fcnstlerisch gestallten. Wir sind sehr gespannt.<br \/><br \/>Danke an Lena, Lennard, Julian und Lieselotte (Lisl). <br \/>Und sorry f\u00fcr die wei\u00dfen Kinder nach dem Streichen\ud83d\ude48.<\/p><p>Herr Franz<\/p>\t\t\t\t\t\t\t\t<\/div>\n\t\t\t\t<\/div>\n\t\t\t\t<div class=\"elementor-element elementor-element-56c1f75 elementor-widget elementor-widget-gallery\" data-id=\"56c1f75\" data-element_type=\"widget\" data-settings=\"{&quot;lazyload&quot;:&quot;yes&quot;,&quot;gallery_layout&quot;:&quot;grid&quot;,&quot;columns&quot;:4,&quot;columns_tablet&quot;:2,&quot;columns_mobile&quot;:1,&quot;gap&quot;:{&quot;unit&quot;:&quot;px&quot;,&quot;size&quot;:10,&quot;sizes&quot;:[]},&quot;gap_tablet&quot;:{&quot;unit&quot;:&quot;px&quot;,&quot;size&quot;:10,&quot;sizes&quot;:[]},&quot;gap_mobile&quot;:{&quot;unit&quot;:&quot;px&quot;,&quot;size&quot;:10,&quot;sizes&quot;:[]},&quot;link_to&quot;:&quot;file&quot;,&quot;aspect_ratio&quot;:&quot;3:2&quot;,&quot;overlay_background&quot;:&quot;yes&quot;,&quot;content_hover_animation&quot;:&quot;fade-in&quot;}\" data-widget_type=\"gallery.default\">\n\t\t\t\t<div class=\"elementor-widget-container\">\n\t\t\t\t\t\t\t<div class=\"elementor-gallery__container\">\n\t\t\t\t\t\t\t<a class=\"e-gallery-item elementor-gallery-item elementor-animated-content\" href=\"https:\/\/xn--vos-dw-7ya.de\/wp-content\/uploads\/2023\/06\/IMG_7884-scaled.jpeg\" data-elementor-open-lightbox=\"yes\" data-elementor-lightbox-slideshow=\"56c1f75\" data-elementor-lightbox-title=\"IMG_7884\" data-e-action-hash=\"#elementor-action%3Aaction%3Dlightbox%26settings%3DeyJpZCI6MTQ5NywidXJsIjoiaHR0cHM6XC9cL3huLS12b3MtZHctN3lhLmRlXC93cC1jb250ZW50XC91cGxvYWRzXC8yMDIzXC8wNlwvSU1HXzc4ODQtc2NhbGVkLmpwZWciLCJzbGlkZXNob3ciOiI1NmMxZjc1In0%3D\">\n\t\t\t\t\t<div class=\"e-gallery-image elementor-gallery-item__image\" data-thumbnail=\"https:\/\/xn--vos-dw-7ya.de\/wp-content\/uploads\/2023\/06\/IMG_7884-300x225.jpeg\" data-width=\"300\" data-height=\"225\" aria-label=\"\" role=\"img\" ><\/div>\n\t\t\t\t\t\t\t\t\t\t\t<div class=\"elementor-gallery-item__overlay\"><\/div>\n\t\t\t\t\t\t\t\t\t\t\t\t\t\t<\/a>\n\t\t\t\t\t\t\t<a class=\"e-gallery-item elementor-gallery-item elementor-animated-content\" href=\"https:\/\/xn--vos-dw-7ya.de\/wp-content\/uploads\/2023\/06\/IMG_7881-scaled.jpeg\" data-elementor-open-lightbox=\"yes\" data-elementor-lightbox-slideshow=\"56c1f75\" data-elementor-lightbox-title=\"IMG_7881\" data-e-action-hash=\"#elementor-action%3Aaction%3Dlightbox%26settings%3DeyJpZCI6MTUwMCwidXJsIjoiaHR0cHM6XC9cL3huLS12b3MtZHctN3lhLmRlXC93cC1jb250ZW50XC91cGxvYWRzXC8yMDIzXC8wNlwvSU1HXzc4ODEtc2NhbGVkLmpwZWciLCJzbGlkZXNob3ciOiI1NmMxZjc1In0%3D\">\n\t\t\t\t\t<div class=\"e-gallery-image elementor-gallery-item__image\" data-thumbnail=\"https:\/\/xn--vos-dw-7ya.de\/wp-content\/uploads\/2023\/06\/IMG_7881-300x225.jpeg\" data-width=\"300\" data-height=\"225\" aria-label=\"\" role=\"img\" ><\/div>\n\t\t\t\t\t\t\t\t\t\t\t<div class=\"elementor-gallery-item__overlay\"><\/div>\n\t\t\t\t\t\t\t\t\t\t\t\t\t\t<\/a>\n\t\t\t\t\t\t\t<a class=\"e-gallery-item elementor-gallery-item elementor-animated-content\" href=\"https:\/\/xn--vos-dw-7ya.de\/wp-content\/uploads\/2023\/06\/IMG_7876-scaled.jpeg\" data-elementor-open-lightbox=\"yes\" data-elementor-lightbox-slideshow=\"56c1f75\" data-elementor-lightbox-title=\"IMG_7876\" data-e-action-hash=\"#elementor-action%3Aaction%3Dlightbox%26settings%3DeyJpZCI6MTUwNSwidXJsIjoiaHR0cHM6XC9cL3huLS12b3MtZHctN3lhLmRlXC93cC1jb250ZW50XC91cGxvYWRzXC8yMDIzXC8wNlwvSU1HXzc4NzYtc2NhbGVkLmpwZWciLCJzbGlkZXNob3ciOiI1NmMxZjc1In0%3D\">\n\t\t\t\t\t<div class=\"e-gallery-image elementor-gallery-item__image\" data-thumbnail=\"https:\/\/xn--vos-dw-7ya.de\/wp-content\/uploads\/2023\/06\/IMG_7876-225x300.jpeg\" data-width=\"225\" data-height=\"300\" aria-label=\"\" role=\"img\" ><\/div>\n\t\t\t\t\t\t\t\t\t\t\t<div class=\"elementor-gallery-item__overlay\"><\/div>\n\t\t\t\t\t\t\t\t\t\t\t\t\t\t<\/a>\n\t\t\t\t\t\t\t<a class=\"e-gallery-item elementor-gallery-item elementor-animated-content\" href=\"https:\/\/xn--vos-dw-7ya.de\/wp-content\/uploads\/2023\/06\/IMG_7872-scaled.jpeg\" data-elementor-open-lightbox=\"yes\" data-elementor-lightbox-slideshow=\"56c1f75\" data-elementor-lightbox-title=\"IMG_7872\" data-e-action-hash=\"#elementor-action%3Aaction%3Dlightbox%26settings%3DeyJpZCI6MTUwNywidXJsIjoiaHR0cHM6XC9cL3huLS12b3MtZHctN3lhLmRlXC93cC1jb250ZW50XC91cGxvYWRzXC8yMDIzXC8wNlwvSU1HXzc4NzItc2NhbGVkLmpwZWciLCJzbGlkZXNob3ciOiI1NmMxZjc1In0%3D\">\n\t\t\t\t\t<div class=\"e-gallery-image elementor-gallery-item__image\" data-thumbnail=\"https:\/\/xn--vos-dw-7ya.de\/wp-content\/uploads\/2023\/06\/IMG_7872-300x225.jpeg\" data-width=\"300\" data-height=\"225\" aria-label=\"\" role=\"img\" ><\/div>\n\t\t\t\t\t\t\t\t\t\t\t<div class=\"elementor-gallery-item__overlay\"><\/div>\n\t\t\t\t\t\t\t\t\t\t\t\t\t\t<\/a>\n\t\t\t\t\t\t\t<a class=\"e-gallery-item elementor-gallery-item elementor-animated-content\" href=\"https:\/\/xn--vos-dw-7ya.de\/wp-content\/uploads\/2023\/06\/IMG_7871-scaled.jpeg\" data-elementor-open-lightbox=\"yes\" data-elementor-lightbox-slideshow=\"56c1f75\" data-elementor-lightbox-title=\"IMG_7871\" data-e-action-hash=\"#elementor-action%3Aaction%3Dlightbox%26settings%3DeyJpZCI6MTUwOCwidXJsIjoiaHR0cHM6XC9cL3huLS12b3MtZHctN3lhLmRlXC93cC1jb250ZW50XC91cGxvYWRzXC8yMDIzXC8wNlwvSU1HXzc4NzEtc2NhbGVkLmpwZWciLCJzbGlkZXNob3ciOiI1NmMxZjc1In0%3D\">\n\t\t\t\t\t<div class=\"e-gallery-image elementor-gallery-item__image\" data-thumbnail=\"https:\/\/xn--vos-dw-7ya.de\/wp-content\/uploads\/2023\/06\/IMG_7871-300x225.jpeg\" data-width=\"300\" data-height=\"225\" aria-label=\"\" role=\"img\" ><\/div>\n\t\t\t\t\t\t\t\t\t\t\t<div class=\"elementor-gallery-item__overlay\"><\/div>\n\t\t\t\t\t\t\t\t\t\t\t\t\t\t<\/a>\n\t\t\t\t\t\t\t<a class=\"e-gallery-item elementor-gallery-item elementor-animated-content\" href=\"https:\/\/xn--vos-dw-7ya.de\/wp-content\/uploads\/2023\/06\/IMG_7868-scaled.jpeg\" data-elementor-open-lightbox=\"yes\" data-elementor-lightbox-slideshow=\"56c1f75\" data-elementor-lightbox-title=\"IMG_7868\" data-e-action-hash=\"#elementor-action%3Aaction%3Dlightbox%26settings%3DeyJpZCI6MTUwOSwidXJsIjoiaHR0cHM6XC9cL3huLS12b3MtZHctN3lhLmRlXC93cC1jb250ZW50XC91cGxvYWRzXC8yMDIzXC8wNlwvSU1HXzc4Njgtc2NhbGVkLmpwZWciLCJzbGlkZXNob3ciOiI1NmMxZjc1In0%3D\">\n\t\t\t\t\t<div class=\"e-gallery-image elementor-gallery-item__image\" data-thumbnail=\"https:\/\/xn--vos-dw-7ya.de\/wp-content\/uploads\/2023\/06\/IMG_7868-300x225.jpeg\" data-width=\"300\" data-height=\"225\" aria-label=\"\" role=\"img\" ><\/div>\n\t\t\t\t\t\t\t\t\t\t\t<div class=\"elementor-gallery-item__overlay\"><\/div>\n\t\t\t\t\t\t\t\t\t\t\t\t\t\t<\/a>\n\t\t\t\t\t\t\t<a class=\"e-gallery-item elementor-gallery-item elementor-animated-content\" href=\"https:\/\/xn--vos-dw-7ya.de\/wp-content\/uploads\/2023\/06\/IMG_7866-scaled.jpeg\" data-elementor-open-lightbox=\"yes\" data-elementor-lightbox-slideshow=\"56c1f75\" data-elementor-lightbox-title=\"IMG_7866\" data-e-action-hash=\"#elementor-action%3Aaction%3Dlightbox%26settings%3DeyJpZCI6MTUxMCwidXJsIjoiaHR0cHM6XC9cL3huLS12b3MtZHctN3lhLmRlXC93cC1jb250ZW50XC91cGxvYWRzXC8yMDIzXC8wNlwvSU1HXzc4NjYtc2NhbGVkLmpwZWciLCJzbGlkZXNob3ciOiI1NmMxZjc1In0%3D\">\n\t\t\t\t\t<div class=\"e-gallery-image elementor-gallery-item__image\" data-thumbnail=\"https:\/\/xn--vos-dw-7ya.de\/wp-content\/uploads\/2023\/06\/IMG_7866-300x225.jpeg\" data-width=\"300\" data-height=\"225\" aria-label=\"\" role=\"img\" ><\/div>\n\t\t\t\t\t\t\t\t\t\t\t<div class=\"elementor-gallery-item__overlay\"><\/div>\n\t\t\t\t\t\t\t\t\t\t\t\t\t\t<\/a>\n\t\t\t\t\t<\/div>\n\t\t\t\t\t<\/div>\n\t\t\t\t<\/div>\n\t\t\t\t<div class=\"elementor-element elementor-element-78b7349 elementor-align-center elementor-widget elementor-widget-button\" data-id=\"78b7349\" data-element_type=\"widget\" data-widget_type=\"button.default\">\n\t\t\t\t<div class=\"elementor-widget-container\">\n\t\t\t\t\t\t\t\t\t<div class=\"elementor-button-wrapper\">\n\t\t\t\t\t<a class=\"elementor-button elementor-button-link elementor-size-sm\" href=\"http:\/\/xn--vos-dw-7ya.de\/informationen-zum-praesentationstag\/\">\n\t\t\t\t\t\t<span class=\"elementor-button-content-wrapper\">\n\t\t\t\t\t\t\t\t\t<span class=\"elementor-button-text\">Zur\u00fcck<\/span>\n\t\t\t\t\t<\/span>\n\t\t\t\t\t<\/a>\n\t\t\t\t<\/div>\n\t\t\t\t\t\t\t\t<\/div>\n\t\t\t\t<\/div>\n\t\t\t\t\t<\/div>\n\t\t\t\t<\/div>\n\t\t\t\t<\/div>\n\t\t","protected":false},"excerpt":{"rendered":"<p>Es hat super viel Spa\u00df gemacht mit meinen 4 Helfer*innen den Stall zu bauen. Alle haben sich als handwerklich sehr geschickt und motiviert gezeigt. Der n\u00f6tige Respekt und die gebotene &#8230; <a title=\"Eindr\u00fccke vom Bau des H\u00fchnerstalls\" class=\"read-more\" href=\"https:\/\/vos-d\u00fcw.de\/home\/eindruecke-vom-bau-des-huehnerstalls\/\" aria-label=\"Mehr dazu unter Eindr\u00fccke vom Bau des H\u00fchnerstalls\">Weiterlesen<\/a><\/p>\n","protected":false},"author":1,"featured_media":0,"parent":0,"menu_order":0,"comment_status":"closed","ping_status":"closed","template":"","meta":{"footnotes":""},"class_list":["post-1495","page","type-page","status-publish"],"_links":{"self":[{"href":"https:\/\/vos-d\u00fcw.de\/home\/wp-json\/wp\/v2\/pages\/1495","targetHints":{"allow":["GET"]}}],"collection":[{"href":"https:\/\/vos-d\u00fcw.de\/home\/wp-json\/wp\/v2\/pages"}],"about":[{"href":"https:\/\/vos-d\u00fcw.de\/home\/wp-json\/wp\/v2\/types\/page"}],"author":[{"embeddable":true,"href":"https:\/\/vos-d\u00fcw.de\/home\/wp-json\/wp\/v2\/users\/1"}],"replies":[{"embeddable":true,"href":"https:\/\/vos-d\u00fcw.de\/home\/wp-json\/wp\/v2\/comments?post=1495"}],"version-history":[{"count":19,"href":"https:\/\/vos-d\u00fcw.de\/home\/wp-json\/wp\/v2\/pages\/1495\/revisions"}],"predecessor-version":[{"id":1577,"href":"https:\/\/vos-d\u00fcw.de\/home\/wp-json\/wp\/v2\/pages\/1495\/revisions\/1577"}],"wp:attachment":[{"href":"https:\/\/vos-d\u00fcw.de\/home\/wp-json\/wp\/v2\/media?parent=1495"}],"curies":[{"name":"wp","href":"https:\/\/api.w.org\/{rel}","templated":true}]}}