{"id":1532,"date":"2023-06-22T19:48:23","date_gmt":"2023-06-22T17:48:23","guid":{"rendered":"https:\/\/xn--vos-dw-7ya.de\/?page_id=1532"},"modified":"2023-06-22T19:51:30","modified_gmt":"2023-06-22T17:51:30","slug":"kleine-kunstwerke","status":"publish","type":"page","link":"https:\/\/vos-d\u00fcw.de\/home\/kleine-kunstwerke\/","title":{"rendered":"Kleine Kunstwerke"},"content":{"rendered":"\t\t<div data-elementor-type=\"wp-page\" data-elementor-id=\"1532\" class=\"elementor elementor-1532\" data-elementor-post-type=\"page\">\n\t\t\t\t<div class=\"elementor-element elementor-element-49626a4 e-flex e-con-boxed e-con e-parent\" data-id=\"49626a4\" data-element_type=\"container\">\n\t\t\t\t\t<div class=\"e-con-inner\">\n\t\t\t\t<div class=\"elementor-element elementor-element-6ddca9b elementor-widget elementor-widget-text-editor\" data-id=\"6ddca9b\" data-element_type=\"widget\" data-widget_type=\"text-editor.default\">\n\t\t\t\t<div class=\"elementor-widget-container\">\n\t\t\t\t\t\t\t\t\t<p>Hier finden Sie einige Eindr\u00fccke der k\u00fcnstlerischen Arbeit der GTS-Kinder. Vielen Dank Frau Kircali f\u00fcr Ihre Arbeit.<\/p>\t\t\t\t\t\t\t\t<\/div>\n\t\t\t\t<\/div>\n\t\t\t\t\t<\/div>\n\t\t\t\t<\/div>\n\t\t<div class=\"elementor-element elementor-element-ada42be e-flex e-con-boxed e-con e-parent\" data-id=\"ada42be\" data-element_type=\"container\">\n\t\t\t\t\t<div class=\"e-con-inner\">\n\t\t\t\t<div class=\"elementor-element elementor-element-955942b elementor-widget elementor-widget-gallery\" data-id=\"955942b\" data-element_type=\"widget\" data-settings=\"{&quot;lazyload&quot;:&quot;yes&quot;,&quot;gallery_layout&quot;:&quot;grid&quot;,&quot;columns&quot;:4,&quot;columns_tablet&quot;:2,&quot;columns_mobile&quot;:1,&quot;gap&quot;:{&quot;unit&quot;:&quot;px&quot;,&quot;size&quot;:10,&quot;sizes&quot;:[]},&quot;gap_tablet&quot;:{&quot;unit&quot;:&quot;px&quot;,&quot;size&quot;:10,&quot;sizes&quot;:[]},&quot;gap_mobile&quot;:{&quot;unit&quot;:&quot;px&quot;,&quot;size&quot;:10,&quot;sizes&quot;:[]},&quot;link_to&quot;:&quot;file&quot;,&quot;aspect_ratio&quot;:&quot;3:2&quot;,&quot;overlay_background&quot;:&quot;yes&quot;,&quot;content_hover_animation&quot;:&quot;fade-in&quot;}\" data-widget_type=\"gallery.default\">\n\t\t\t\t<div class=\"elementor-widget-container\">\n\t\t\t\t\t\t\t<div class=\"elementor-gallery__container\">\n\t\t\t\t\t\t\t<a class=\"e-gallery-item elementor-gallery-item elementor-animated-content\" href=\"https:\/\/xn--vos-dw-7ya.de\/wp-content\/uploads\/2023\/06\/IMG_3271-scaled.jpeg\" data-elementor-open-lightbox=\"yes\" data-elementor-lightbox-slideshow=\"955942b\" data-elementor-lightbox-title=\"IMG_3271\" data-e-action-hash=\"#elementor-action%3Aaction%3Dlightbox%26settings%3DeyJpZCI6MTUzNCwidXJsIjoiaHR0cHM6XC9cL3huLS12b3MtZHctN3lhLmRlXC93cC1jb250ZW50XC91cGxvYWRzXC8yMDIzXC8wNlwvSU1HXzMyNzEtc2NhbGVkLmpwZWciLCJzbGlkZXNob3ciOiI5NTU5NDJiIn0%3D\">\n\t\t\t\t\t<div class=\"e-gallery-image elementor-gallery-item__image\" data-thumbnail=\"https:\/\/xn--vos-dw-7ya.de\/wp-content\/uploads\/2023\/06\/IMG_3271-225x300.jpeg\" data-width=\"225\" data-height=\"300\" aria-label=\"\" role=\"img\" ><\/div>\n\t\t\t\t\t\t\t\t\t\t\t<div class=\"elementor-gallery-item__overlay\"><\/div>\n\t\t\t\t\t\t\t\t\t\t\t\t\t\t<\/a>\n\t\t\t\t\t\t\t<a class=\"e-gallery-item elementor-gallery-item elementor-animated-content\" href=\"https:\/\/xn--vos-dw-7ya.de\/wp-content\/uploads\/2023\/06\/IMG_3272-scaled.jpeg\" data-elementor-open-lightbox=\"yes\" data-elementor-lightbox-slideshow=\"955942b\" data-elementor-lightbox-title=\"IMG_3272\" data-e-action-hash=\"#elementor-action%3Aaction%3Dlightbox%26settings%3DeyJpZCI6MTUzNSwidXJsIjoiaHR0cHM6XC9cL3huLS12b3MtZHctN3lhLmRlXC93cC1jb250ZW50XC91cGxvYWRzXC8yMDIzXC8wNlwvSU1HXzMyNzItc2NhbGVkLmpwZWciLCJzbGlkZXNob3ciOiI5NTU5NDJiIn0%3D\">\n\t\t\t\t\t<div class=\"e-gallery-image elementor-gallery-item__image\" data-thumbnail=\"https:\/\/xn--vos-dw-7ya.de\/wp-content\/uploads\/2023\/06\/IMG_3272-300x225.jpeg\" data-width=\"300\" data-height=\"225\" aria-label=\"\" role=\"img\" ><\/div>\n\t\t\t\t\t\t\t\t\t\t\t<div class=\"elementor-gallery-item__overlay\"><\/div>\n\t\t\t\t\t\t\t\t\t\t\t\t\t\t<\/a>\n\t\t\t\t\t\t\t<a class=\"e-gallery-item elementor-gallery-item elementor-animated-content\" href=\"https:\/\/xn--vos-dw-7ya.de\/wp-content\/uploads\/2023\/06\/IMG_3302-scaled.jpeg\" data-elementor-open-lightbox=\"yes\" data-elementor-lightbox-slideshow=\"955942b\" data-elementor-lightbox-title=\"IMG_3302\" data-e-action-hash=\"#elementor-action%3Aaction%3Dlightbox%26settings%3DeyJpZCI6MTUzNiwidXJsIjoiaHR0cHM6XC9cL3huLS12b3MtZHctN3lhLmRlXC93cC1jb250ZW50XC91cGxvYWRzXC8yMDIzXC8wNlwvSU1HXzMzMDItc2NhbGVkLmpwZWciLCJzbGlkZXNob3ciOiI5NTU5NDJiIn0%3D\">\n\t\t\t\t\t<div class=\"e-gallery-image elementor-gallery-item__image\" data-thumbnail=\"https:\/\/xn--vos-dw-7ya.de\/wp-content\/uploads\/2023\/06\/IMG_3302-300x225.jpeg\" data-width=\"300\" data-height=\"225\" aria-label=\"\" role=\"img\" ><\/div>\n\t\t\t\t\t\t\t\t\t\t\t<div class=\"elementor-gallery-item__overlay\"><\/div>\n\t\t\t\t\t\t\t\t\t\t\t\t\t\t<\/a>\n\t\t\t\t\t\t\t<a class=\"e-gallery-item elementor-gallery-item elementor-animated-content\" href=\"https:\/\/xn--vos-dw-7ya.de\/wp-content\/uploads\/2023\/06\/IMG_3304-scaled.jpeg\" data-elementor-open-lightbox=\"yes\" data-elementor-lightbox-slideshow=\"955942b\" data-elementor-lightbox-title=\"IMG_3304\" data-e-action-hash=\"#elementor-action%3Aaction%3Dlightbox%26settings%3DeyJpZCI6MTUzNywidXJsIjoiaHR0cHM6XC9cL3huLS12b3MtZHctN3lhLmRlXC93cC1jb250ZW50XC91cGxvYWRzXC8yMDIzXC8wNlwvSU1HXzMzMDQtc2NhbGVkLmpwZWciLCJzbGlkZXNob3ciOiI5NTU5NDJiIn0%3D\">\n\t\t\t\t\t<div class=\"e-gallery-image elementor-gallery-item__image\" data-thumbnail=\"https:\/\/xn--vos-dw-7ya.de\/wp-content\/uploads\/2023\/06\/IMG_3304-300x225.jpeg\" data-width=\"300\" data-height=\"225\" aria-label=\"\" role=\"img\" ><\/div>\n\t\t\t\t\t\t\t\t\t\t\t<div class=\"elementor-gallery-item__overlay\"><\/div>\n\t\t\t\t\t\t\t\t\t\t\t\t\t\t<\/a>\n\t\t\t\t\t\t\t<a class=\"e-gallery-item elementor-gallery-item elementor-animated-content\" href=\"https:\/\/xn--vos-dw-7ya.de\/wp-content\/uploads\/2023\/06\/IMG_3303-scaled.jpeg\" data-elementor-open-lightbox=\"yes\" data-elementor-lightbox-slideshow=\"955942b\" data-elementor-lightbox-title=\"IMG_3303\" data-e-action-hash=\"#elementor-action%3Aaction%3Dlightbox%26settings%3DeyJpZCI6MTUzOCwidXJsIjoiaHR0cHM6XC9cL3huLS12b3MtZHctN3lhLmRlXC93cC1jb250ZW50XC91cGxvYWRzXC8yMDIzXC8wNlwvSU1HXzMzMDMtc2NhbGVkLmpwZWciLCJzbGlkZXNob3ciOiI5NTU5NDJiIn0%3D\">\n\t\t\t\t\t<div class=\"e-gallery-image elementor-gallery-item__image\" data-thumbnail=\"https:\/\/xn--vos-dw-7ya.de\/wp-content\/uploads\/2023\/06\/IMG_3303-300x225.jpeg\" data-width=\"300\" data-height=\"225\" aria-label=\"\" role=\"img\" ><\/div>\n\t\t\t\t\t\t\t\t\t\t\t<div class=\"elementor-gallery-item__overlay\"><\/div>\n\t\t\t\t\t\t\t\t\t\t\t\t\t\t<\/a>\n\t\t\t\t\t\t\t<a class=\"e-gallery-item elementor-gallery-item elementor-animated-content\" href=\"https:\/\/xn--vos-dw-7ya.de\/wp-content\/uploads\/2023\/06\/IMG_3301-scaled.jpeg\" data-elementor-open-lightbox=\"yes\" data-elementor-lightbox-slideshow=\"955942b\" data-elementor-lightbox-title=\"IMG_3301\" data-e-action-hash=\"#elementor-action%3Aaction%3Dlightbox%26settings%3DeyJpZCI6MTUzOSwidXJsIjoiaHR0cHM6XC9cL3huLS12b3MtZHctN3lhLmRlXC93cC1jb250ZW50XC91cGxvYWRzXC8yMDIzXC8wNlwvSU1HXzMzMDEtc2NhbGVkLmpwZWciLCJzbGlkZXNob3ciOiI5NTU5NDJiIn0%3D\">\n\t\t\t\t\t<div class=\"e-gallery-image elementor-gallery-item__image\" data-thumbnail=\"https:\/\/xn--vos-dw-7ya.de\/wp-content\/uploads\/2023\/06\/IMG_3301-300x225.jpeg\" data-width=\"300\" data-height=\"225\" aria-label=\"\" role=\"img\" ><\/div>\n\t\t\t\t\t\t\t\t\t\t\t<div class=\"elementor-gallery-item__overlay\"><\/div>\n\t\t\t\t\t\t\t\t\t\t\t\t\t\t<\/a>\n\t\t\t\t\t\t\t<a class=\"e-gallery-item elementor-gallery-item elementor-animated-content\" href=\"https:\/\/xn--vos-dw-7ya.de\/wp-content\/uploads\/2023\/06\/IMG_3285-scaled.jpeg\" data-elementor-open-lightbox=\"yes\" data-elementor-lightbox-slideshow=\"955942b\" data-elementor-lightbox-title=\"IMG_3285\" data-e-action-hash=\"#elementor-action%3Aaction%3Dlightbox%26settings%3DeyJpZCI6MTU0MCwidXJsIjoiaHR0cHM6XC9cL3huLS12b3MtZHctN3lhLmRlXC93cC1jb250ZW50XC91cGxvYWRzXC8yMDIzXC8wNlwvSU1HXzMyODUtc2NhbGVkLmpwZWciLCJzbGlkZXNob3ciOiI5NTU5NDJiIn0%3D\">\n\t\t\t\t\t<div class=\"e-gallery-image elementor-gallery-item__image\" data-thumbnail=\"https:\/\/xn--vos-dw-7ya.de\/wp-content\/uploads\/2023\/06\/IMG_3285-225x300.jpeg\" data-width=\"225\" data-height=\"300\" aria-label=\"\" role=\"img\" ><\/div>\n\t\t\t\t\t\t\t\t\t\t\t<div class=\"elementor-gallery-item__overlay\"><\/div>\n\t\t\t\t\t\t\t\t\t\t\t\t\t\t<\/a>\n\t\t\t\t\t\t\t<a class=\"e-gallery-item elementor-gallery-item elementor-animated-content\" href=\"https:\/\/xn--vos-dw-7ya.de\/wp-content\/uploads\/2023\/06\/IMG_3284-scaled.jpeg\" data-elementor-open-lightbox=\"yes\" data-elementor-lightbox-slideshow=\"955942b\" data-elementor-lightbox-title=\"IMG_3284\" data-e-action-hash=\"#elementor-action%3Aaction%3Dlightbox%26settings%3DeyJpZCI6MTU0MSwidXJsIjoiaHR0cHM6XC9cL3huLS12b3MtZHctN3lhLmRlXC93cC1jb250ZW50XC91cGxvYWRzXC8yMDIzXC8wNlwvSU1HXzMyODQtc2NhbGVkLmpwZWciLCJzbGlkZXNob3ciOiI5NTU5NDJiIn0%3D\">\n\t\t\t\t\t<div class=\"e-gallery-image elementor-gallery-item__image\" data-thumbnail=\"https:\/\/xn--vos-dw-7ya.de\/wp-content\/uploads\/2023\/06\/IMG_3284-300x225.jpeg\" data-width=\"300\" data-height=\"225\" aria-label=\"\" role=\"img\" ><\/div>\n\t\t\t\t\t\t\t\t\t\t\t<div class=\"elementor-gallery-item__overlay\"><\/div>\n\t\t\t\t\t\t\t\t\t\t\t\t\t\t<\/a>\n\t\t\t\t\t\t\t<a class=\"e-gallery-item elementor-gallery-item elementor-animated-content\" href=\"https:\/\/xn--vos-dw-7ya.de\/wp-content\/uploads\/2023\/06\/IMG_3283-scaled.jpeg\" data-elementor-open-lightbox=\"yes\" data-elementor-lightbox-slideshow=\"955942b\" data-elementor-lightbox-title=\"IMG_3283\" data-e-action-hash=\"#elementor-action%3Aaction%3Dlightbox%26settings%3DeyJpZCI6MTU0MiwidXJsIjoiaHR0cHM6XC9cL3huLS12b3MtZHctN3lhLmRlXC93cC1jb250ZW50XC91cGxvYWRzXC8yMDIzXC8wNlwvSU1HXzMyODMtc2NhbGVkLmpwZWciLCJzbGlkZXNob3ciOiI5NTU5NDJiIn0%3D\">\n\t\t\t\t\t<div class=\"e-gallery-image elementor-gallery-item__image\" data-thumbnail=\"https:\/\/xn--vos-dw-7ya.de\/wp-content\/uploads\/2023\/06\/IMG_3283-300x225.jpeg\" data-width=\"300\" data-height=\"225\" aria-label=\"\" role=\"img\" ><\/div>\n\t\t\t\t\t\t\t\t\t\t\t<div class=\"elementor-gallery-item__overlay\"><\/div>\n\t\t\t\t\t\t\t\t\t\t\t\t\t\t<\/a>\n\t\t\t\t\t\t\t<a class=\"e-gallery-item elementor-gallery-item elementor-animated-content\" href=\"https:\/\/xn--vos-dw-7ya.de\/wp-content\/uploads\/2023\/06\/IMG_3282-scaled.jpeg\" data-elementor-open-lightbox=\"yes\" data-elementor-lightbox-slideshow=\"955942b\" data-elementor-lightbox-title=\"IMG_3282\" data-e-action-hash=\"#elementor-action%3Aaction%3Dlightbox%26settings%3DeyJpZCI6MTU0MywidXJsIjoiaHR0cHM6XC9cL3huLS12b3MtZHctN3lhLmRlXC93cC1jb250ZW50XC91cGxvYWRzXC8yMDIzXC8wNlwvSU1HXzMyODItc2NhbGVkLmpwZWciLCJzbGlkZXNob3ciOiI5NTU5NDJiIn0%3D\">\n\t\t\t\t\t<div class=\"e-gallery-image elementor-gallery-item__image\" data-thumbnail=\"https:\/\/xn--vos-dw-7ya.de\/wp-content\/uploads\/2023\/06\/IMG_3282-300x225.jpeg\" data-width=\"300\" data-height=\"225\" aria-label=\"\" role=\"img\" ><\/div>\n\t\t\t\t\t\t\t\t\t\t\t<div class=\"elementor-gallery-item__overlay\"><\/div>\n\t\t\t\t\t\t\t\t\t\t\t\t\t\t<\/a>\n\t\t\t\t\t\t\t<a class=\"e-gallery-item elementor-gallery-item elementor-animated-content\" href=\"https:\/\/xn--vos-dw-7ya.de\/wp-content\/uploads\/2023\/06\/IMG_3274-scaled.jpeg\" data-elementor-open-lightbox=\"yes\" data-elementor-lightbox-slideshow=\"955942b\" data-elementor-lightbox-title=\"IMG_3274\" data-e-action-hash=\"#elementor-action%3Aaction%3Dlightbox%26settings%3DeyJpZCI6MTU0NCwidXJsIjoiaHR0cHM6XC9cL3huLS12b3MtZHctN3lhLmRlXC93cC1jb250ZW50XC91cGxvYWRzXC8yMDIzXC8wNlwvSU1HXzMyNzQtc2NhbGVkLmpwZWciLCJzbGlkZXNob3ciOiI5NTU5NDJiIn0%3D\">\n\t\t\t\t\t<div class=\"e-gallery-image elementor-gallery-item__image\" data-thumbnail=\"https:\/\/xn--vos-dw-7ya.de\/wp-content\/uploads\/2023\/06\/IMG_3274-225x300.jpeg\" data-width=\"225\" data-height=\"300\" aria-label=\"\" role=\"img\" ><\/div>\n\t\t\t\t\t\t\t\t\t\t\t<div class=\"elementor-gallery-item__overlay\"><\/div>\n\t\t\t\t\t\t\t\t\t\t\t\t\t\t<\/a>\n\t\t\t\t\t\t\t<a class=\"e-gallery-item elementor-gallery-item elementor-animated-content\" href=\"https:\/\/xn--vos-dw-7ya.de\/wp-content\/uploads\/2023\/06\/IMG_3273-scaled.jpeg\" data-elementor-open-lightbox=\"yes\" data-elementor-lightbox-slideshow=\"955942b\" data-elementor-lightbox-title=\"IMG_3273\" data-e-action-hash=\"#elementor-action%3Aaction%3Dlightbox%26settings%3DeyJpZCI6MTU0NSwidXJsIjoiaHR0cHM6XC9cL3huLS12b3MtZHctN3lhLmRlXC93cC1jb250ZW50XC91cGxvYWRzXC8yMDIzXC8wNlwvSU1HXzMyNzMtc2NhbGVkLmpwZWciLCJzbGlkZXNob3ciOiI5NTU5NDJiIn0%3D\">\n\t\t\t\t\t<div class=\"e-gallery-image elementor-gallery-item__image\" data-thumbnail=\"https:\/\/xn--vos-dw-7ya.de\/wp-content\/uploads\/2023\/06\/IMG_3273-300x225.jpeg\" data-width=\"300\" data-height=\"225\" aria-label=\"\" role=\"img\" ><\/div>\n\t\t\t\t\t\t\t\t\t\t\t<div class=\"elementor-gallery-item__overlay\"><\/div>\n\t\t\t\t\t\t\t\t\t\t\t\t\t\t<\/a>\n\t\t\t\t\t<\/div>\n\t\t\t\t\t<\/div>\n\t\t\t\t<\/div>\n\t\t\t\t\t<\/div>\n\t\t\t\t<\/div>\n\t\t\t\t<\/div>\n\t\t","protected":false},"excerpt":{"rendered":"<p>Hier finden Sie einige Eindr\u00fccke der k\u00fcnstlerischen Arbeit der GTS-Kinder. Vielen Dank Frau Kircali f\u00fcr Ihre Arbeit.<\/p>\n","protected":false},"author":1,"featured_media":0,"parent":0,"menu_order":0,"comment_status":"closed","ping_status":"closed","template":"","meta":{"footnotes":""},"class_list":["post-1532","page","type-page","status-publish"],"_links":{"self":[{"href":"https:\/\/vos-d\u00fcw.de\/home\/wp-json\/wp\/v2\/pages\/1532","targetHints":{"allow":["GET"]}}],"collection":[{"href":"https:\/\/vos-d\u00fcw.de\/home\/wp-json\/wp\/v2\/pages"}],"about":[{"href":"https:\/\/vos-d\u00fcw.de\/home\/wp-json\/wp\/v2\/types\/page"}],"author":[{"embeddable":true,"href":"https:\/\/vos-d\u00fcw.de\/home\/wp-json\/wp\/v2\/users\/1"}],"replies":[{"embeddable":true,"href":"https:\/\/vos-d\u00fcw.de\/home\/wp-json\/wp\/v2\/comments?post=1532"}],"version-history":[{"count":4,"href":"https:\/\/vos-d\u00fcw.de\/home\/wp-json\/wp\/v2\/pages\/1532\/revisions"}],"predecessor-version":[{"id":1548,"href":"https:\/\/vos-d\u00fcw.de\/home\/wp-json\/wp\/v2\/pages\/1532\/revisions\/1548"}],"wp:attachment":[{"href":"https:\/\/vos-d\u00fcw.de\/home\/wp-json\/wp\/v2\/media?parent=1532"}],"curies":[{"name":"wp","href":"https:\/\/api.w.org\/{rel}","templated":true}]}}