{"id":154,"date":"2022-05-28T22:42:53","date_gmt":"2022-05-28T20:42:53","guid":{"rendered":"https:\/\/xn--vos-dw-7ya.de\/?page_id=154"},"modified":"2023-03-24T11:30:07","modified_gmt":"2023-03-24T10:30:07","slug":"schuelervertretung","status":"publish","type":"page","link":"https:\/\/vos-d\u00fcw.de\/home\/schuelervertretung\/","title":{"rendered":"Sch\u00fclerparlament"},"content":{"rendered":"\t\t<div data-elementor-type=\"wp-page\" data-elementor-id=\"154\" class=\"elementor elementor-154\" data-elementor-post-type=\"page\">\n\t\t\t\t\t\t<section class=\"elementor-section elementor-top-section elementor-element elementor-element-bd6b629 elementor-section-boxed elementor-section-height-default elementor-section-height-default\" data-id=\"bd6b629\" data-element_type=\"section\">\n\t\t\t\t\t\t<div class=\"elementor-container elementor-column-gap-default\">\n\t\t\t\t\t<div class=\"elementor-column elementor-col-100 elementor-top-column elementor-element elementor-element-3657c26\" data-id=\"3657c26\" data-element_type=\"column\">\n\t\t\t<div class=\"elementor-widget-wrap elementor-element-populated\">\n\t\t\t\t\t\t<div class=\"elementor-element elementor-element-9bff56f elementor-widget elementor-widget-heading\" data-id=\"9bff56f\" data-element_type=\"widget\" data-widget_type=\"heading.default\">\n\t\t\t\t<div class=\"elementor-widget-container\">\n\t\t\t\t\t<h2 class=\"elementor-heading-title elementor-size-default\">Unsere Kinder bestimmen mit!<\/h2>\t\t\t\t<\/div>\n\t\t\t\t<\/div>\n\t\t\t\t\t<\/div>\n\t\t<\/div>\n\t\t\t\t\t<\/div>\n\t\t<\/section>\n\t\t\t\t<section class=\"elementor-section elementor-top-section elementor-element elementor-element-898b4b1 elementor-section-boxed elementor-section-height-default elementor-section-height-default\" data-id=\"898b4b1\" data-element_type=\"section\">\n\t\t\t\t\t\t<div class=\"elementor-container elementor-column-gap-default\">\n\t\t\t\t\t<div class=\"elementor-column elementor-col-100 elementor-top-column elementor-element elementor-element-25495f0\" data-id=\"25495f0\" data-element_type=\"column\">\n\t\t\t<div class=\"elementor-widget-wrap elementor-element-populated\">\n\t\t\t\t\t\t<div class=\"elementor-element elementor-element-dc4ff8a elementor-widget elementor-widget-text-editor\" data-id=\"dc4ff8a\" data-element_type=\"widget\" data-widget_type=\"text-editor.default\">\n\t\t\t\t<div class=\"elementor-widget-container\">\n\t\t\t\t\t\t\t\t\t<p>Seit Herbst 2022 hat die VOS ein Sch\u00fclerparlament. Hier treffen sich in regelm\u00e4\u00dfigen Abst\u00e4nden die Klassensprecher*innen und besprechen aktuelle Anliegen. Hierbei ist der demokratische Gedanke fest verankert und bildet die Basis f\u00fcr Entscheidungen. Das Parlament hat zwei Vorsitzende, Mia und Robin, die von den Teilnehmer*innen gew\u00e4hlt wurden. Diese haben gleichzeitig die wichtige Aufgabe die Schule nach au\u00dfen zu vertreten. Begleitet werden die Kinder hierbei von Herrn Franz, der eine beratende Funktion einnimmt. Die Ergebnisse der Sitzungen werden in Protokollen festgehalten und im Schulhaus vor dem Kiosk ver\u00f6ffentlicht.\u00a0<\/p>\t\t\t\t\t\t\t\t<\/div>\n\t\t\t\t<\/div>\n\t\t\t\t\t<\/div>\n\t\t<\/div>\n\t\t\t\t\t<\/div>\n\t\t<\/section>\n\t\t<div class=\"elementor-element elementor-element-9e3d3e9 e-flex e-con-boxed e-con e-parent\" data-id=\"9e3d3e9\" data-element_type=\"container\">\n\t\t\t\t\t<div class=\"e-con-inner\">\n\t\t\t\t<div class=\"elementor-element elementor-element-1095d0f elementor-widget elementor-widget-text-editor\" data-id=\"1095d0f\" data-element_type=\"widget\" data-widget_type=\"text-editor.default\">\n\t\t\t\t<div class=\"elementor-widget-container\">\n\t\t\t\t\t\t\t\t\t<p><div class=\"dflip-books\"><div class=\"_df_thumb \" id=\"df_2123\"  _slug=\"schuelerparlamentssitzung-20-09-2024\" data-title=\"schuelerparlamentssitzung-20-09-2024\" wpoptions=\"true\" thumb=\"https:\/\/xn--vos-dw-7ya.de\/wp-content\/uploads\/2023\/02\/SDG-icon-DE-16.jpg\" thumbtype=\"\" >Sch\u00fclerparlamentssitzung 20.09.2024<\/div><script class=\"df-shortcode-script\" nowprocket type=\"application\/javascript\">window.option_df_2123 = {\"outline\":[],\"autoEnableOutline\":\"false\",\"autoEnableThumbnail\":\"false\",\"overwritePDFOutline\":\"false\",\"backgroundImage\":\"https:\\\/\\\/xn--vos-dw-7ya.de\\\/wp-content\\\/uploads\\\/2023\\\/02\\\/SDG-icon-DE-16.jpg\",\"direction\":\"1\",\"pageSize\":\"0\",\"source\":\"https:\\\/\\\/xn--vos-dw-7ya.de\\\/wp-content\\\/uploads\\\/2024\\\/10\\\/Protokoll-Schuelerparlament-20.09.pdf\",\"wpOptions\":\"true\"}; if(window.DFLIP && window.DFLIP.parseBooks){window.DFLIP.parseBooks();}<\/script><div class=\"_df_thumb \" id=\"df_1413\"  _slug=\"1413\" data-title=\"schuelerparlamentssitzung-vom-12-04-2023\" wpoptions=\"true\" thumb=\"https:\/\/xn--vos-dw-7ya.de\/wp-content\/uploads\/2023\/03\/Bild-24.03.23-um-11.27.jpeg\" thumbtype=\"\" >Sch\u00fclerparlamentssitzung vom 12.04.2023<\/div><script class=\"df-shortcode-script\" nowprocket type=\"application\/javascript\">window.option_df_1413 = {\"outline\":[],\"autoEnableOutline\":\"false\",\"autoEnableThumbnail\":\"false\",\"overwritePDFOutline\":\"false\",\"direction\":\"1\",\"pageSize\":\"0\",\"source\":\"https:\\\/\\\/xn--vos-dw-7ya.de\\\/wp-content\\\/uploads\\\/2023\\\/04\\\/Protokoll-Schuelerparlament-vom-12.04.2023.pdf\",\"wpOptions\":\"true\"}; if(window.DFLIP && window.DFLIP.parseBooks){window.DFLIP.parseBooks();}<\/script><div class=\"_df_thumb \" id=\"df_1329\"  _slug=\"schuelerparlamentssitzung-05-01-2023\" data-title=\"schuelerparlamentssitzung-05-01-2023\" wpoptions=\"true\" thumb=\"https:\/\/xn--vos-dw-7ya.de\/wp-content\/uploads\/2023\/03\/Bild-24.03.23-um-11.27.jpeg\" thumbtype=\"\" >Sch\u00fclerparlamentssitzung 05.01.2023<\/div><script class=\"df-shortcode-script\" nowprocket type=\"application\/javascript\">window.option_df_1329 = {\"outline\":[],\"autoEnableOutline\":\"false\",\"autoEnableThumbnail\":\"false\",\"overwritePDFOutline\":\"false\",\"direction\":\"1\",\"pageSize\":\"0\",\"source\":\"https:\\\/\\\/xn--vos-dw-7ya.de\\\/wp-content\\\/uploads\\\/2023\\\/03\\\/Protokoll-Schuelerparlament-05.01.2023.pdf\",\"wpOptions\":\"true\"}; if(window.DFLIP && window.DFLIP.parseBooks){window.DFLIP.parseBooks();}<\/script><div class=\"_df_thumb \" id=\"df_1318\"  _slug=\"1318\" data-title=\"schuelerparlamentssitzung-09-03-2023\" wpoptions=\"true\" thumb=\"https:\/\/xn--vos-dw-7ya.de\/wp-content\/uploads\/2023\/03\/Bild-24.03.23-um-11.27.jpeg\" thumbtype=\"\" >Sch\u00fclerparlamentssitzung 09.03.2023<\/div><script class=\"df-shortcode-script\" nowprocket type=\"application\/javascript\">window.option_df_1318 = {\"outline\":[],\"autoEnableOutline\":\"false\",\"autoEnableThumbnail\":\"false\",\"overwritePDFOutline\":\"false\",\"enableDownload\":\"false\",\"direction\":\"1\",\"pageSize\":\"0\",\"source\":\"https:\\\/\\\/xn--vos-dw-7ya.de\\\/wp-content\\\/uploads\\\/2023\\\/03\\\/Protokoll-Schuelerparlament-vom-09.02.2023.pdf\",\"wpOptions\":\"true\"}; if(window.DFLIP && window.DFLIP.parseBooks){window.DFLIP.parseBooks();}<\/script><div class=\"_df_thumb \" id=\"df_1308\"  _slug=\"schuelerparlamentssitzung-vom-23-03\" data-title=\"schuelerparlamentssitzung-vom-23-03\" wpoptions=\"true\" thumb=\"https:\/\/xn--vos-dw-7ya.de\/wp-content\/uploads\/2023\/03\/Bild-24.03.23-um-11.27.jpeg\" thumbtype=\"\" >Sch\u00fclerparlamentssitzung vom 23.03.<\/div><script class=\"df-shortcode-script\" nowprocket type=\"application\/javascript\">window.option_df_1308 = {\"outline\":[],\"autoEnableOutline\":\"false\",\"autoEnableThumbnail\":\"false\",\"overwritePDFOutline\":\"false\",\"direction\":\"1\",\"pageSize\":\"0\",\"source\":\"https:\\\/\\\/xn--vos-dw-7ya.de\\\/wp-content\\\/uploads\\\/2023\\\/03\\\/Protokoll-Schuelerparlament-vom-23.03.2023.pdf\",\"wpOptions\":\"true\"}; if(window.DFLIP && window.DFLIP.parseBooks){window.DFLIP.parseBooks();}<\/script><\/div><\/p><p>\u00a0<\/p>\t\t\t\t\t\t\t\t<\/div>\n\t\t\t\t<\/div>\n\t\t\t\t\t<\/div>\n\t\t\t\t<\/div>\n\t\t\t\t<\/div>\n\t\t","protected":false},"excerpt":{"rendered":"<p>Unsere Kinder bestimmen mit! Seit Herbst 2022 hat die VOS ein Sch\u00fclerparlament. Hier treffen sich in regelm\u00e4\u00dfigen Abst\u00e4nden die Klassensprecher*innen und besprechen aktuelle Anliegen. Hierbei ist der demokratische Gedanke fest &#8230; <a title=\"Sch\u00fclerparlament\" class=\"read-more\" href=\"https:\/\/vos-d\u00fcw.de\/home\/schuelervertretung\/\" aria-label=\"Mehr dazu unter Sch\u00fclerparlament\">Weiterlesen<\/a><\/p>\n","protected":false},"author":1,"featured_media":0,"parent":0,"menu_order":0,"comment_status":"closed","ping_status":"closed","template":"","meta":{"footnotes":""},"class_list":["post-154","page","type-page","status-publish"],"_links":{"self":[{"href":"https:\/\/vos-d\u00fcw.de\/home\/wp-json\/wp\/v2\/pages\/154","targetHints":{"allow":["GET"]}}],"collection":[{"href":"https:\/\/vos-d\u00fcw.de\/home\/wp-json\/wp\/v2\/pages"}],"about":[{"href":"https:\/\/vos-d\u00fcw.de\/home\/wp-json\/wp\/v2\/types\/page"}],"author":[{"embeddable":true,"href":"https:\/\/vos-d\u00fcw.de\/home\/wp-json\/wp\/v2\/users\/1"}],"replies":[{"embeddable":true,"href":"https:\/\/vos-d\u00fcw.de\/home\/wp-json\/wp\/v2\/comments?post=154"}],"version-history":[{"count":23,"href":"https:\/\/vos-d\u00fcw.de\/home\/wp-json\/wp\/v2\/pages\/154\/revisions"}],"predecessor-version":[{"id":1339,"href":"https:\/\/vos-d\u00fcw.de\/home\/wp-json\/wp\/v2\/pages\/154\/revisions\/1339"}],"wp:attachment":[{"href":"https:\/\/vos-d\u00fcw.de\/home\/wp-json\/wp\/v2\/media?parent=154"}],"curies":[{"name":"wp","href":"https:\/\/api.w.org\/{rel}","templated":true}]}}