{"id":158,"date":"2022-05-28T22:44:04","date_gmt":"2022-05-28T20:44:04","guid":{"rendered":"https:\/\/xn--vos-dw-7ya.de\/?page_id=158"},"modified":"2025-12-03T09:29:11","modified_gmt":"2025-12-03T08:29:11","slug":"foerderverein","status":"publish","type":"page","link":"https:\/\/vos-d\u00fcw.de\/home\/foerderverein\/","title":{"rendered":"F\u00f6rderverein"},"content":{"rendered":"\t\t<div data-elementor-type=\"wp-page\" data-elementor-id=\"158\" class=\"elementor elementor-158\" data-elementor-post-type=\"page\">\n\t\t\t\t\t\t<section class=\"elementor-section elementor-top-section elementor-element elementor-element-b62c561 elementor-section-boxed elementor-section-height-default elementor-section-height-default\" data-id=\"b62c561\" data-element_type=\"section\">\n\t\t\t\t\t\t<div class=\"elementor-container elementor-column-gap-default\">\n\t\t\t\t\t<div class=\"elementor-column elementor-col-100 elementor-top-column elementor-element elementor-element-9f9262f\" data-id=\"9f9262f\" data-element_type=\"column\">\n\t\t\t<div class=\"elementor-widget-wrap elementor-element-populated\">\n\t\t\t\t\t\t<div class=\"elementor-element elementor-element-304737b elementor-widget elementor-widget-image\" data-id=\"304737b\" data-element_type=\"widget\" data-widget_type=\"image.default\">\n\t\t\t\t<div class=\"elementor-widget-container\">\n\t\t\t\t\t\t\t\t\t\t\t\t\t\t\t<img fetchpriority=\"high\" decoding=\"async\" width=\"845\" height=\"338\" src=\"https:\/\/xn--vos-dw-7ya.de\/wp-content\/uploads\/2022\/06\/74646792-1F4B-4919-8FD6-22C8820D24F3_1_201_a-1024x410.jpeg\" class=\"attachment-large size-large wp-image-334\" alt=\"\" srcset=\"https:\/\/xn--vos-dw-7ya.de\/wp-content\/uploads\/2022\/06\/74646792-1F4B-4919-8FD6-22C8820D24F3_1_201_a-1024x410.jpeg 1024w, https:\/\/xn--vos-dw-7ya.de\/wp-content\/uploads\/2022\/06\/74646792-1F4B-4919-8FD6-22C8820D24F3_1_201_a-300x120.jpeg 300w, https:\/\/xn--vos-dw-7ya.de\/wp-content\/uploads\/2022\/06\/74646792-1F4B-4919-8FD6-22C8820D24F3_1_201_a-768x307.jpeg 768w, https:\/\/xn--vos-dw-7ya.de\/wp-content\/uploads\/2022\/06\/74646792-1F4B-4919-8FD6-22C8820D24F3_1_201_a-1536x614.jpeg 1536w, https:\/\/xn--vos-dw-7ya.de\/wp-content\/uploads\/2022\/06\/74646792-1F4B-4919-8FD6-22C8820D24F3_1_201_a.jpeg 1920w\" sizes=\"(max-width: 845px) 100vw, 845px\" \/>\t\t\t\t\t\t\t\t\t\t\t\t\t\t\t<\/div>\n\t\t\t\t<\/div>\n\t\t\t\t\t<\/div>\n\t\t<\/div>\n\t\t\t\t\t<\/div>\n\t\t<\/section>\n\t\t\t\t<section class=\"elementor-section elementor-top-section elementor-element elementor-element-e053c8a elementor-section-boxed elementor-section-height-default elementor-section-height-default\" data-id=\"e053c8a\" data-element_type=\"section\">\n\t\t\t\t\t\t<div class=\"elementor-container elementor-column-gap-default\">\n\t\t\t\t\t<div class=\"elementor-column elementor-col-100 elementor-top-column elementor-element elementor-element-90866de\" data-id=\"90866de\" data-element_type=\"column\">\n\t\t\t<div class=\"elementor-widget-wrap elementor-element-populated\">\n\t\t\t\t\t\t<div class=\"elementor-element elementor-element-479ffab elementor-widget elementor-widget-text-editor\" data-id=\"479ffab\" data-element_type=\"widget\" data-widget_type=\"text-editor.default\">\n\t\t\t\t<div class=\"elementor-widget-container\">\n\t\t\t\t\t\t\t\t\t<h6 style=\"margin-top: 1em; margin-bottom: 1em; margin-left: 40px; text-align: center;\"><strong style=\"caret-color: #474747; color: #474747; font-size: 11.199999809265137px;\"><span style=\"font-family: 'comic sans ms';\"><span style=\"font-size: 16pt;\">Der F\u00f6rderverein unterst\u00fctzt Ihre Kinder im\u00a0<\/span><\/span><\/strong><span style=\"color: #474747; font-family: comic sans ms;\"><span style=\"caret-color: #474747; font-size: 21.33333396911621px;\"><b>Schulalltag<\/b><\/span><\/span><\/h6><p style=\"margin-top: 1em; margin-bottom: 1em; margin-left: 40px; color: #474747; font-size: 11.199999809265137px; caret-color: #474747;\">\u00a0<\/p>\t\t\t\t\t\t\t\t<\/div>\n\t\t\t\t<\/div>\n\t\t\t\t<div class=\"elementor-element elementor-element-93166e2 elementor-widget__width-inherit elementor-widget elementor-widget-text-editor\" data-id=\"93166e2\" data-element_type=\"widget\" data-widget_type=\"text-editor.default\">\n\t\t\t\t<div class=\"elementor-widget-container\">\n\t\t\t\t\t\t\t\t\t<p style=\"font-weight: 400; text-align: left;\"><span style=\"color: var( --e-global-color-text ); font-family: var( --e-global-typography-text-font-family ), Sans-serif; background-color: var(--base-3);\">Der F\u00f6rderverein der Valentin \u2013 Ostertag \u2013 Schule wurde am 07.12.1981 gegr\u00fcndet und erstmals am 03.03.1982 in das Vereinsregister eingetragen. Er war einer der ersten F\u00f6rdervereine, die damals gegr\u00fcndet wurden und schon daher etwas Besonderes.<\/span><\/p><p>In der Mitgliederversammlung am 03.09.2025 wurden Neuwahlen durchgef\u00fchrt<\/p><ul><li>1. Vorsitzende:\u00a0 \u00a0Herr Michael Hellenbrand<\/li><li>2.Vorsitzende:\u00a0 \u00a0 Herr Helmut Keul\u00a0 \u00a0 \u00a0 \u00a0 \u00a0 \u00a0 \u00a0 \u00a0 \u00a0 \u00a0 \u00a0 \u00a0 \u00a0 \u00a0 \u00a0 \u00a0 \u00a0 \u00a0 \u00a0 \u00a0 \u00a0 \u00a0 \u00a0 \u00a0 \u00a0 \u00a0 \u00a0 \u00a0 \u00a0<\/li><li>Schatzmeisterin: Frau Katinka Keul<\/li><li>1. Kassenpr\u00fcfer: Frau Melanie Merryman\u00a0 \u00a0 \u00a0 \u00a0 \u00a0 \u00a0 \u00a0 \u00a0 \u00a0 \u00a0 \u00a0 \u00a0 \u00a0 \u00a0 \u00a0 \u00a0 \u00a0 \u00a0 \u00a0 \u00a0 \u00a0 \u00a0 \u00a0 \u00a0 \u00a0 \u00a0 \u00a0\u00a0<\/li><li>2. Kassenpr\u00fcferin: Frau Barbara Roob\u00a0 \u00a0 \u00a0 \u00a0 \u00a0 \u00a0 \u00a0 \u00a0 \u00a0 \u00a0 \u00a0 \u00a0 \u00a0 \u00a0 \u00a0 \u00a0 \u00a0 \u00a0 \u00a0 \u00a0 \u00a0 \u00a0 \u00a0 \u00a0 \u00a0 \u00a0 \u00a0 \u00a0 \u00a0 \u00a0<\/li><li>1. Beisitzer:\u00a0 Herr Christian Franz\u00a0 \u00a0 \u00a0 \u00a0 \u00a0<\/li><li>2. Beisitzer:\u00a0 Herr Alexander Paul\u00a0 \u00a0 \u00a0 \u00a0 \u00a0 \u00a0 \u00a0 \u00a0 \u00a0 \u00a0 \u00a0 \u00a0 \u00a0 \u00a0 \u00a0 \u00a0 \u00a0 \u00a0 \u00a0 \u00a0 \u00a0 \u00a0 \u00a0 \u00a0 \u00a0 \u00a0 \u00a0 \u00a0 \u00a0 \u00a0 \u00a0 \u00a0 \u00a0 \u00a0 \u00a0 \u00a0 \u00a0 \u00a0 \u00a0 \u00a0 \u00a0 \u00a0 \u00a0 \u00a0 \u00a0 \u00a0 \u00a0 \u00a0 \u00a0 \u00a0 \u00a0 \u00a0 \u00a0 \u00a0 \u00a0<\/li><\/ul><p style=\"font-weight: 400;\"><span style=\"background-color: var(--base-3); color: var( --e-global-color-text ); font-family: var( --e-global-typography-text-font-family ), Sans-serif; font-size: inherit;\">\u00a0 \u00a0 \u00a0 \u00a0 \u00a0 \u00a0 \u00a0 \u00a0 \u00a0 \u00a0 \u00a0 \u00a0 \u00a0 \u00a0 \u00a0 \u00a0 \u00a0 \u00a0 \u00a0 \u00a0 \u00a0 \u00a0 \u00a0 \u00a0 \u00a0<\/span><\/p><p style=\"font-weight: 400;\"><u>Der F\u00f6rderverein hat laut Satzung den Zweck<\/u>,\u201c (\u2026) die Valentin \u2013 Ostertag \u2013 Schule auf materiellem, geistigem oder sittlichem Gebiet zu f\u00f6rdern (\u2026)\u201c.<\/p><p style=\"font-weight: 400;\"><span style=\"color: var( --e-global-color-text ); font-family: var( --e-global-typography-text-font-family ), Sans-serif; background-color: var(--base-3);\">Er unterst\u00fctzt die Schule bei Beschaffung von Lehr- und Anschauungsmaterial, Literatur f\u00fcr die Schulb\u00fccherei, Zusch\u00fcsse f\u00fcr Abschlussklassen, Klassenfahrten und Veranstaltungen, Spiel- und Sportger\u00e4te f\u00fcr die Sch\u00fcler*innen (aktuell in diesem Jahr einen \u201eRacer\u201c f\u00fcr den Au\u00dfenbereich) Die Liste der Anschaffungen und F\u00f6rderungen, die durch den Verein erm\u00f6glicht wurden ist fast unendlich.\u00a0<\/span><span style=\"color: var( --e-global-color-text ); font-family: var( --e-global-typography-text-font-family ), Sans-serif; background-color: var(--base-3);\">Auch f\u00fcr die Zukunft sind Anschaffungen und F\u00f6rderungen geplant und so bleibt zu hoffen, dass der F\u00f6rderverein auch in den n\u00e4chsten Jahren neue Mitglieder und Aktive gewinnt, die der Schule bei der Durchf\u00fchrung ihrer Aufgaben helfen.<\/span><span style=\"font-family: 'Comic Sans MS'; font-size: 8pt; background-color: var(--base-3); caret-color: #000000; color: #000000;\">\u00a0<\/span><\/p>\t\t\t\t\t\t\t\t<\/div>\n\t\t\t\t<\/div>\n\t\t\t\t\t<\/div>\n\t\t<\/div>\n\t\t\t\t\t<\/div>\n\t\t<\/section>\n\t\t\t\t<section class=\"elementor-section elementor-top-section elementor-element elementor-element-0cd0b71 elementor-section-boxed elementor-section-height-default elementor-section-height-default\" data-id=\"0cd0b71\" data-element_type=\"section\">\n\t\t\t\t\t\t<div class=\"elementor-container elementor-column-gap-default\">\n\t\t\t\t\t<div class=\"elementor-column elementor-col-100 elementor-top-column elementor-element elementor-element-92e7055\" data-id=\"92e7055\" data-element_type=\"column\">\n\t\t\t<div class=\"elementor-widget-wrap elementor-element-populated\">\n\t\t\t\t\t\t<div class=\"elementor-element elementor-element-ce79e2c elementor-widget-divider--view-line elementor-widget elementor-widget-divider\" data-id=\"ce79e2c\" data-element_type=\"widget\" data-widget_type=\"divider.default\">\n\t\t\t\t<div class=\"elementor-widget-container\">\n\t\t\t\t\t\t\t<div class=\"elementor-divider\">\n\t\t\t<span class=\"elementor-divider-separator\">\n\t\t\t\t\t\t<\/span>\n\t\t<\/div>\n\t\t\t\t\t\t<\/div>\n\t\t\t\t<\/div>\n\t\t\t\t\t<\/div>\n\t\t<\/div>\n\t\t\t\t\t<\/div>\n\t\t<\/section>\n\t\t\t\t<section class=\"elementor-section elementor-top-section elementor-element elementor-element-bea1203 elementor-section-boxed elementor-section-height-default elementor-section-height-default\" data-id=\"bea1203\" data-element_type=\"section\">\n\t\t\t\t\t\t<div class=\"elementor-container elementor-column-gap-default\">\n\t\t\t\t\t<div class=\"elementor-column elementor-col-100 elementor-top-column elementor-element elementor-element-3a4ff2c\" data-id=\"3a4ff2c\" data-element_type=\"column\">\n\t\t\t<div class=\"elementor-widget-wrap elementor-element-populated\">\n\t\t\t\t\t\t<div class=\"elementor-element elementor-element-fd9d241 elementor-widget elementor-widget-text-editor\" data-id=\"fd9d241\" data-element_type=\"widget\" data-widget_type=\"text-editor.default\">\n\t\t\t\t<div class=\"elementor-widget-container\">\n\t\t\t\t\t\t\t\t\t<h4><strong>F\u00f6rdervereinsmitglied werden<\/strong><\/h4><div><strong>\u00a0<\/strong><\/div>\t\t\t\t\t\t\t\t<\/div>\n\t\t\t\t<\/div>\n\t\t\t\t\t<\/div>\n\t\t<\/div>\n\t\t\t\t\t<\/div>\n\t\t<\/section>\n\t\t\t\t<section class=\"elementor-section elementor-top-section elementor-element elementor-element-82852c9 elementor-section-boxed elementor-section-height-default elementor-section-height-default\" data-id=\"82852c9\" data-element_type=\"section\">\n\t\t\t\t\t\t<div class=\"elementor-container elementor-column-gap-default\">\n\t\t\t\t\t<div class=\"elementor-column elementor-col-33 elementor-top-column elementor-element elementor-element-d0353bc\" data-id=\"d0353bc\" data-element_type=\"column\">\n\t\t\t<div class=\"elementor-widget-wrap elementor-element-populated\">\n\t\t\t\t\t\t<div class=\"elementor-element elementor-element-99ebd5a elementor-widget elementor-widget-text-editor\" data-id=\"99ebd5a\" data-element_type=\"widget\" data-widget_type=\"text-editor.default\">\n\t\t\t\t<div class=\"elementor-widget-container\">\n\t\t\t\t\t\t\t\t\t<p>Mit Ihrem Engagement unterst\u00fctzen Sie die Kinder der VOS. Hier finden Sie die Beitrittserkl\u00e4rung als Download. Sie k\u00f6nnen diese dann per Mail an das Sekretariat schicken. Wir leiten sie dann an den F\u00f6rderverein weiter.<\/p>\t\t\t\t\t\t\t\t<\/div>\n\t\t\t\t<\/div>\n\t\t\t\t\t<\/div>\n\t\t<\/div>\n\t\t\t\t<div class=\"elementor-column elementor-col-66 elementor-top-column elementor-element elementor-element-4910994\" data-id=\"4910994\" data-element_type=\"column\">\n\t\t\t<div class=\"elementor-widget-wrap elementor-element-populated\">\n\t\t\t\t\t\t<div class=\"elementor-element elementor-element-db483d7 elementor-align-center elementor-widget elementor-widget-button\" data-id=\"db483d7\" data-element_type=\"widget\" data-settings=\"{&quot;motion_fx_motion_fx_scrolling&quot;:&quot;yes&quot;,&quot;motion_fx_devices&quot;:[&quot;desktop&quot;,&quot;tablet&quot;,&quot;mobile&quot;]}\" data-widget_type=\"button.default\">\n\t\t\t\t<div class=\"elementor-widget-container\">\n\t\t\t\t\t\t\t\t\t<div class=\"elementor-button-wrapper\">\n\t\t\t\t\t<a class=\"elementor-button elementor-button-link elementor-size-md\" href=\"https:\/\/vos-d\u00fcw.de\/wp-content\/uploads\/2022\/10\/Beitrittserklaerung-Neu-2022.doc\">\n\t\t\t\t\t\t<span class=\"elementor-button-content-wrapper\">\n\t\t\t\t\t\t\t\t\t<span class=\"elementor-button-text\">Hier gehts zum Mitgliedsantrag<\/span>\n\t\t\t\t\t<\/span>\n\t\t\t\t\t<\/a>\n\t\t\t\t<\/div>\n\t\t\t\t\t\t\t\t<\/div>\n\t\t\t\t<\/div>\n\t\t\t\t<div class=\"elementor-element elementor-element-9b2cdaa elementor-align-center elementor-widget elementor-widget-button\" data-id=\"9b2cdaa\" data-element_type=\"widget\" data-widget_type=\"button.default\">\n\t\t\t\t<div class=\"elementor-widget-container\">\n\t\t\t\t\t\t\t\t\t<div class=\"elementor-button-wrapper\">\n\t\t\t\t\t<a class=\"elementor-button elementor-button-link elementor-size-sm\" href=\"https:\/\/xn--vos-dw-7ya.de\/wp-content\/uploads\/2023\/09\/SEPA_Basis_Lastschriftmandat.pdf\">\n\t\t\t\t\t\t<span class=\"elementor-button-content-wrapper\">\n\t\t\t\t\t\t\t\t\t<span class=\"elementor-button-text\">Sepa_Lastschrift<\/span>\n\t\t\t\t\t<\/span>\n\t\t\t\t\t<\/a>\n\t\t\t\t<\/div>\n\t\t\t\t\t\t\t\t<\/div>\n\t\t\t\t<\/div>\n\t\t\t\t\t<\/div>\n\t\t<\/div>\n\t\t\t\t\t<\/div>\n\t\t<\/section>\n\t\t\t\t<\/div>\n\t\t","protected":false},"excerpt":{"rendered":"<p>Der F\u00f6rderverein unterst\u00fctzt Ihre Kinder im\u00a0Schulalltag \u00a0 Der F\u00f6rderverein der Valentin \u2013 Ostertag \u2013 Schule wurde am 07.12.1981 gegr\u00fcndet und erstmals am 03.03.1982 in das Vereinsregister eingetragen. Er war einer &#8230; <a title=\"F\u00f6rderverein\" class=\"read-more\" href=\"https:\/\/vos-d\u00fcw.de\/home\/foerderverein\/\" aria-label=\"Mehr dazu unter F\u00f6rderverein\">Weiterlesen<\/a><\/p>\n","protected":false},"author":1,"featured_media":0,"parent":0,"menu_order":0,"comment_status":"closed","ping_status":"closed","template":"","meta":{"footnotes":""},"class_list":["post-158","page","type-page","status-publish"],"_links":{"self":[{"href":"https:\/\/vos-d\u00fcw.de\/home\/wp-json\/wp\/v2\/pages\/158","targetHints":{"allow":["GET"]}}],"collection":[{"href":"https:\/\/vos-d\u00fcw.de\/home\/wp-json\/wp\/v2\/pages"}],"about":[{"href":"https:\/\/vos-d\u00fcw.de\/home\/wp-json\/wp\/v2\/types\/page"}],"author":[{"embeddable":true,"href":"https:\/\/vos-d\u00fcw.de\/home\/wp-json\/wp\/v2\/users\/1"}],"replies":[{"embeddable":true,"href":"https:\/\/vos-d\u00fcw.de\/home\/wp-json\/wp\/v2\/comments?post=158"}],"version-history":[{"count":37,"href":"https:\/\/vos-d\u00fcw.de\/home\/wp-json\/wp\/v2\/pages\/158\/revisions"}],"predecessor-version":[{"id":2314,"href":"https:\/\/vos-d\u00fcw.de\/home\/wp-json\/wp\/v2\/pages\/158\/revisions\/2314"}],"wp:attachment":[{"href":"https:\/\/vos-d\u00fcw.de\/home\/wp-json\/wp\/v2\/media?parent=158"}],"curies":[{"name":"wp","href":"https:\/\/api.w.org\/{rel}","templated":true}]}}