{"id":1702,"date":"2023-07-07T09:24:11","date_gmt":"2023-07-07T07:24:11","guid":{"rendered":"https:\/\/xn--vos-dw-7ya.de\/?page_id=1702"},"modified":"2025-01-16T11:24:55","modified_gmt":"2025-01-16T10:24:55","slug":"informationen-fuer-zukuenftige-schuelerinnen-und-eltern","status":"publish","type":"page","link":"https:\/\/vos-d\u00fcw.de\/home\/informationen-fuer-zukuenftige-schuelerinnen-und-eltern\/","title":{"rendered":"Informationen f\u00fcr zuk\u00fcnftige Sch\u00fcler*innen und Eltern"},"content":{"rendered":"\t\t<div data-elementor-type=\"wp-page\" data-elementor-id=\"1702\" class=\"elementor elementor-1702\" data-elementor-post-type=\"page\">\n\t\t\t\t<div class=\"elementor-element elementor-element-3c202fe e-flex e-con-boxed e-con e-parent\" data-id=\"3c202fe\" data-element_type=\"container\">\n\t\t\t\t\t<div class=\"e-con-inner\">\n\t\t\t\t<div class=\"elementor-element elementor-element-351e3d5 elementor-widget elementor-widget-heading\" data-id=\"351e3d5\" data-element_type=\"widget\" data-widget_type=\"heading.default\">\n\t\t\t\t<div class=\"elementor-widget-container\">\n\t\t\t\t\t<h2 class=\"elementor-heading-title elementor-size-default\">Informationen zu den verschiedenen Ganztags- und Betreuungsformen<\/h2>\t\t\t\t<\/div>\n\t\t\t\t<\/div>\n\t\t\t\t\t<\/div>\n\t\t\t\t<\/div>\n\t\t<div class=\"elementor-element elementor-element-14431c9 e-flex e-con-boxed e-con e-parent\" data-id=\"14431c9\" data-element_type=\"container\">\n\t\t\t\t\t<div class=\"e-con-inner\">\n\t\t\t\t<div class=\"elementor-element elementor-element-5813d6e elementor-widget elementor-widget-text-editor\" data-id=\"5813d6e\" data-element_type=\"widget\" data-widget_type=\"text-editor.default\">\n\t\t\t\t<div class=\"elementor-widget-container\">\n\t\t\t\t\t\t\t\t\t<p>Hier finden Sie die aktuellen Informationen \u00fcber die Betreuungsm\u00f6glichkeiten und aktuelle Kosten.\u00a0<\/p>\t\t\t\t\t\t\t\t<\/div>\n\t\t\t\t<\/div>\n\t\t\t\t\t<\/div>\n\t\t\t\t<\/div>\n\t\t<div class=\"elementor-element elementor-element-49bc706 e-flex e-con-boxed e-con e-parent\" data-id=\"49bc706\" data-element_type=\"container\">\n\t\t\t\t\t<div class=\"e-con-inner\">\n\t\t\t\t<div class=\"elementor-element elementor-element-04eb4d9 elementor-widget elementor-widget-text-editor\" data-id=\"04eb4d9\" data-element_type=\"widget\" data-widget_type=\"text-editor.default\">\n\t\t\t\t<div class=\"elementor-widget-container\">\n\t\t\t\t\t\t\t\t\t<p><div class=\"_df_book df-lite\" id=\"df_1704\"  _slug=\"informationen-zu-betreuungsangeboten-und-ganztagsschulen-in-duew\" data-title=\"informationen-zu-betreuungsangeboten-und-ganztagsschulen-in-duew\" wpoptions=\"true\" thumb=\"https:\/\/xn--vos-dw-7ya.de\/wp-content\/uploads\/2023\/07\/Thumbnail-Praesentation.png\" thumbtype=\"\" ><\/div><script class=\"df-shortcode-script\" nowprocket type=\"application\/javascript\">window.option_df_1704 = {\"outline\":[],\"autoEnableOutline\":\"false\",\"autoEnableThumbnail\":\"false\",\"overwritePDFOutline\":\"false\",\"direction\":\"1\",\"pageSize\":\"0\",\"source\":\"https:\\\/\\\/xn--vos-dw-7ya.de\\\/wp-content\\\/uploads\\\/2023\\\/07\\\/2025_Informationsveranstaltung-Betreuungsangebote-Grundschulen-zum-versenden.pdf\",\"wpOptions\":\"true\"}; if(window.DFLIP && window.DFLIP.parseBooks){window.DFLIP.parseBooks();}<\/script><\/p>\t\t\t\t\t\t\t\t<\/div>\n\t\t\t\t<\/div>\n\t\t\t\t\t<\/div>\n\t\t\t\t<\/div>\n\t\t\t\t<\/div>\n\t\t","protected":false},"excerpt":{"rendered":"<p>Informationen zu den verschiedenen Ganztags- und Betreuungsformen Hier finden Sie die aktuellen Informationen \u00fcber die Betreuungsm\u00f6glichkeiten und aktuelle Kosten.\u00a0<\/p>\n","protected":false},"author":1,"featured_media":0,"parent":0,"menu_order":0,"comment_status":"closed","ping_status":"closed","template":"","meta":{"footnotes":""},"class_list":["post-1702","page","type-page","status-publish"],"_links":{"self":[{"href":"https:\/\/vos-d\u00fcw.de\/home\/wp-json\/wp\/v2\/pages\/1702","targetHints":{"allow":["GET"]}}],"collection":[{"href":"https:\/\/vos-d\u00fcw.de\/home\/wp-json\/wp\/v2\/pages"}],"about":[{"href":"https:\/\/vos-d\u00fcw.de\/home\/wp-json\/wp\/v2\/types\/page"}],"author":[{"embeddable":true,"href":"https:\/\/vos-d\u00fcw.de\/home\/wp-json\/wp\/v2\/users\/1"}],"replies":[{"embeddable":true,"href":"https:\/\/vos-d\u00fcw.de\/home\/wp-json\/wp\/v2\/comments?post=1702"}],"version-history":[{"count":10,"href":"https:\/\/vos-d\u00fcw.de\/home\/wp-json\/wp\/v2\/pages\/1702\/revisions"}],"predecessor-version":[{"id":2146,"href":"https:\/\/vos-d\u00fcw.de\/home\/wp-json\/wp\/v2\/pages\/1702\/revisions\/2146"}],"wp:attachment":[{"href":"https:\/\/vos-d\u00fcw.de\/home\/wp-json\/wp\/v2\/media?parent=1702"}],"curies":[{"name":"wp","href":"https:\/\/api.w.org\/{rel}","templated":true}]}}