{"id":2165,"date":"2025-03-25T08:12:20","date_gmt":"2025-03-25T07:12:20","guid":{"rendered":"https:\/\/xn--vos-dw-7ya.de\/?page_id=2165"},"modified":"2025-03-25T08:20:45","modified_gmt":"2025-03-25T07:20:45","slug":"bewegte-schule","status":"publish","type":"page","link":"https:\/\/vos-d\u00fcw.de\/home\/bewegte-schule\/","title":{"rendered":"Bewegte Schule"},"content":{"rendered":"\t\t<div data-elementor-type=\"wp-page\" data-elementor-id=\"2165\" class=\"elementor elementor-2165\" data-elementor-post-type=\"page\">\n\t\t\t\t<div class=\"elementor-element elementor-element-88bed3f e-flex e-con-boxed e-con e-parent\" data-id=\"88bed3f\" data-element_type=\"container\">\n\t\t\t\t\t<div class=\"e-con-inner\">\n\t\t\t\t<div class=\"elementor-element elementor-element-0f31e5c elementor-widget elementor-widget-heading\" data-id=\"0f31e5c\" data-element_type=\"widget\" data-widget_type=\"heading.default\">\n\t\t\t\t<div class=\"elementor-widget-container\">\n\t\t\t\t\t<h2 class=\"elementor-heading-title elementor-size-default\">Wir habe uns dem ganzheitlichen Lernen verschrieben<\/h2>\t\t\t\t<\/div>\n\t\t\t\t<\/div>\n\t\t\t\t\t<\/div>\n\t\t\t\t<\/div>\n\t\t<div class=\"elementor-element elementor-element-57ae8e9 e-flex e-con-boxed e-con e-parent\" data-id=\"57ae8e9\" data-element_type=\"container\">\n\t\t\t\t\t<div class=\"e-con-inner\">\n\t\t\t\t<div class=\"elementor-element elementor-element-4244dcf elementor-widget elementor-widget-image\" data-id=\"4244dcf\" data-element_type=\"widget\" data-widget_type=\"image.default\">\n\t\t\t\t<div class=\"elementor-widget-container\">\n\t\t\t\t\t\t\t\t\t\t\t\t\t\t\t<img fetchpriority=\"high\" decoding=\"async\" width=\"845\" height=\"634\" src=\"https:\/\/xn--vos-dw-7ya.de\/wp-content\/uploads\/2025\/02\/IMG_1518-1024x768.jpeg\" class=\"attachment-large size-large wp-image-2167\" alt=\"\" srcset=\"https:\/\/xn--vos-dw-7ya.de\/wp-content\/uploads\/2025\/02\/IMG_1518-1024x768.jpeg 1024w, https:\/\/xn--vos-dw-7ya.de\/wp-content\/uploads\/2025\/02\/IMG_1518-300x225.jpeg 300w, https:\/\/xn--vos-dw-7ya.de\/wp-content\/uploads\/2025\/02\/IMG_1518-768x576.jpeg 768w, https:\/\/xn--vos-dw-7ya.de\/wp-content\/uploads\/2025\/02\/IMG_1518-1536x1152.jpeg 1536w, https:\/\/xn--vos-dw-7ya.de\/wp-content\/uploads\/2025\/02\/IMG_1518-2048x1536.jpeg 2048w\" sizes=\"(max-width: 845px) 100vw, 845px\" \/>\t\t\t\t\t\t\t\t\t\t\t\t\t\t\t<\/div>\n\t\t\t\t<\/div>\n\t\t\t\t\t<\/div>\n\t\t\t\t<\/div>\n\t\t<div class=\"elementor-element elementor-element-88d7a8e e-flex e-con-boxed e-con e-parent\" data-id=\"88d7a8e\" data-element_type=\"container\">\n\t\t\t\t\t<div class=\"e-con-inner\">\n\t\t\t\t<div class=\"elementor-element elementor-element-c1068f8 elementor-widget elementor-widget-text-editor\" data-id=\"c1068f8\" data-element_type=\"widget\" data-widget_type=\"text-editor.default\">\n\t\t\t\t<div class=\"elementor-widget-container\">\n\t\t\t\t\t\t\t\t\t<h1>Discemotorik im Schulalltag: Vorteile und Verpflichtungen<\/h1><h2>Was ist Discemotorik?<\/h2><p>Discemotorik ist ein integrativer Ansatz zur F\u00f6rderung der motorischen F\u00e4higkeiten von Kindern. Sie verbindet Bewegung, Wahrnehmung und Koordination und unterst\u00fctzt die ganzheitliche Entwicklung von Sch\u00fclerinnen und Sch\u00fclern. Durch gezielte \u00dcbungen und Spiele werden nicht nur die physischen F\u00e4higkeiten gest\u00e4rkt, sondern auch das Selbstbewusstsein und die sozialen Kompetenzen gef\u00f6rdert. In Kombination mit den Lerninhalten ist die Discemotorik ein M\u00f6glichkeit die Chancengleichheit zwischen den verschiedenen Lerntypen zu verbessern.<\/p><h2>Vorteile der Discemotorik<\/h2><ol><li><strong>Verbesserte motorische F\u00e4higkeiten:<\/strong> Durch regelm\u00e4\u00dfige \u00dcbungen werden die Grob- und Feinmotorik der Kinder gest\u00e4rkt, was sich positiv auf ihre Aktivit\u00e4ten und den Alltag auswirkt.<\/li><li><strong>Steigerung der Konzentration:<\/strong> Bewegung hat einen direkten Einfluss auf die Konzentrationsf\u00e4higkeit. Kinder, die sich regelm\u00e4\u00dfig bewegen, k\u00f6nnen sich besser auf den Unterricht konzentrieren. Durch die M\u00f6glichkeit den Unterricht bewegt zu erleben, verringern sich Haltungssch\u00e4den und die Kinder haben die M\u00f6glichkeit Lernphasen am Tisch durch Lernphasen an den Stationen zu tauschen.<\/li><li><strong>F\u00f6rderung des sozialen Miteinanders:<\/strong>\u00a0Discemotorische Aktivit\u00e4ten werden oft in Gruppen durchgef\u00fchrt, was das Teamwork und die sozialen F\u00e4higkeiten der Kinder st\u00e4rkt.<\/li><li><strong>Stressabbau und Wohlbefinden:<\/strong>\u00a0Bewegung hilft, Stress abzubauen und das allgemeine Wohlbefinden zu steigern. Kinder, die sich regelm\u00e4\u00dfig bewegen, sind oft ausgeglichener und zufriedener.<\/li><\/ol><h2>Verpflichtung im Schulalltag<\/h2><p>Die Integration von Discemotorik in den Schulalltag ist nicht nur vorteilhaft, sondern auch eine Verpflichtung, um die ganzheitliche Entwicklung der Kinder zu f\u00f6rdern. Schulen sind gefordert, geeignete Programme und Aktivit\u00e4ten anzubieten, die den Bewegungsdrang der Kinder unterst\u00fctzen und ihnen die M\u00f6glichkeit geben, ihre motorischen F\u00e4higkeiten zu entwickeln. Aus diesem Grund haben wir die Discemotorik als Konferenzbeschluss f\u00fcr alle Lehrkr\u00e4fte der VOS verbindlich gemacht. So kommt jedes Kind in den Genuss bewegten Lernens.<\/p><h2>Unterst\u00fctzung durch Frau Oehler<\/h2><p>Wir freuen uns, bekannt geben zu k\u00f6nnen, dass Frau Oehler, eine erfahrene Kinesiologin, zur F\u00f6rderung der Discemotorik an unserer Schule bereitsteht. Sie wird durch Spendenmittel finanziert. Frau Oehler wird regelm\u00e4\u00dfig\u00a0 individuelle F\u00f6rderstunden anbieten, um die Kinder in ihrer motorischen Entwicklung zu unterst\u00fctzen. Hierbei wird sie sich eng mit den Kolleg*innen der VOS absprechen.<\/p><p>Um dieses Angebot langfristig zu sichern, sind wir auf Spenden angewiesen. Wenn Sie sich hier beteiligen m\u00f6chten, k\u00f6nnen Sie direkt an den F\u00f6rderverein der Schule spenden. Noch besser w\u00e4re sogar eine Mitgliedschaft in diesem. So sind die Gelder besser planbar.<\/p><p>Weiterf\u00fchrende Informationen k\u00f6nnen Sie unserem Konzept entnehmen, das Sie hier finden:<br \/><a href=\"https:\/\/xn--vos-dw-7ya.de\/wp-content\/uploads\/2025\/03\/Discemotorikkonzept.pdf\">Discemotorikkonzept<\/a><\/p>\t\t\t\t\t\t\t\t<\/div>\n\t\t\t\t<\/div>\n\t\t\t\t\t<\/div>\n\t\t\t\t<\/div>\n\t\t\t\t<\/div>\n\t\t","protected":false},"excerpt":{"rendered":"<p>Wir habe uns dem ganzheitlichen Lernen verschrieben Discemotorik im Schulalltag: Vorteile und Verpflichtungen Was ist Discemotorik? Discemotorik ist ein integrativer Ansatz zur F\u00f6rderung der motorischen F\u00e4higkeiten von Kindern. Sie verbindet &#8230; <a title=\"Bewegte Schule\" class=\"read-more\" href=\"https:\/\/vos-d\u00fcw.de\/home\/bewegte-schule\/\" aria-label=\"Mehr dazu unter Bewegte Schule\">Weiterlesen<\/a><\/p>\n","protected":false},"author":1,"featured_media":0,"parent":0,"menu_order":0,"comment_status":"closed","ping_status":"closed","template":"","meta":{"footnotes":""},"class_list":["post-2165","page","type-page","status-publish"],"_links":{"self":[{"href":"https:\/\/vos-d\u00fcw.de\/home\/wp-json\/wp\/v2\/pages\/2165","targetHints":{"allow":["GET"]}}],"collection":[{"href":"https:\/\/vos-d\u00fcw.de\/home\/wp-json\/wp\/v2\/pages"}],"about":[{"href":"https:\/\/vos-d\u00fcw.de\/home\/wp-json\/wp\/v2\/types\/page"}],"author":[{"embeddable":true,"href":"https:\/\/vos-d\u00fcw.de\/home\/wp-json\/wp\/v2\/users\/1"}],"replies":[{"embeddable":true,"href":"https:\/\/vos-d\u00fcw.de\/home\/wp-json\/wp\/v2\/comments?post=2165"}],"version-history":[{"count":7,"href":"https:\/\/vos-d\u00fcw.de\/home\/wp-json\/wp\/v2\/pages\/2165\/revisions"}],"predecessor-version":[{"id":2192,"href":"https:\/\/vos-d\u00fcw.de\/home\/wp-json\/wp\/v2\/pages\/2165\/revisions\/2192"}],"wp:attachment":[{"href":"https:\/\/vos-d\u00fcw.de\/home\/wp-json\/wp\/v2\/media?parent=2165"}],"curies":[{"name":"wp","href":"https:\/\/api.w.org\/{rel}","templated":true}]}}