{"id":275,"date":"2022-05-29T21:36:21","date_gmt":"2022-05-29T19:36:21","guid":{"rendered":"https:\/\/xn--vos-dw-7ya.de\/?page_id=275"},"modified":"2022-10-13T11:40:40","modified_gmt":"2022-10-13T09:40:40","slug":"huhnerdienst","status":"publish","type":"page","link":"https:\/\/vos-d\u00fcw.de\/home\/schulleben\/huhnerdienst\/","title":{"rendered":"Unsere H\u00fchner"},"content":{"rendered":"\t\t<div data-elementor-type=\"wp-page\" data-elementor-id=\"275\" class=\"elementor elementor-275\" data-elementor-post-type=\"page\">\n\t\t\t\t\t\t<section class=\"elementor-section elementor-top-section elementor-element elementor-element-1858adf elementor-section-boxed elementor-section-height-default elementor-section-height-default\" data-id=\"1858adf\" data-element_type=\"section\">\n\t\t\t\t\t\t<div class=\"elementor-container elementor-column-gap-default\">\n\t\t\t\t\t<div class=\"elementor-column elementor-col-100 elementor-top-column elementor-element elementor-element-fba2016\" data-id=\"fba2016\" data-element_type=\"column\">\n\t\t\t<div class=\"elementor-widget-wrap elementor-element-populated\">\n\t\t\t\t\t\t<div class=\"elementor-element elementor-element-e75ecc3 elementor-widget elementor-widget-heading\" data-id=\"e75ecc3\" data-element_type=\"widget\" data-widget_type=\"heading.default\">\n\t\t\t\t<div class=\"elementor-widget-container\">\n\t\t\t\t\t<h2 class=\"elementor-heading-title elementor-size-default\">Eine sch\u00f6ne Tradition<br><\/h2>\t\t\t\t<\/div>\n\t\t\t\t<\/div>\n\t\t\t\t<div class=\"elementor-element elementor-element-0c119ea elementor-widget elementor-widget-text-editor\" data-id=\"0c119ea\" data-element_type=\"widget\" data-widget_type=\"text-editor.default\">\n\t\t\t\t<div class=\"elementor-widget-container\">\n\t\t\t\t\t\t\t\t\t<p>Die Valentin-Ostertag-Schule hat seit \u00fcber 10 Jahren Schulh\u00fchner, die den Schulalltag interessanter machen. Wir freuen uns, dass wir Kolleg*innen haben, die diese Aufgabe \u00fcbernehmen und den Kindern den Umgang mit Tieren und den Konsequenzen der F\u00fcrsorge n\u00e4her bringen. Dabei ben\u00f6tigen wir allerdings auch die Unterst\u00fctzung der Eltern. Genauere Informationen Hierzu erhalten Sie dann bei SDUI.<\/p>\t\t\t\t\t\t\t\t<\/div>\n\t\t\t\t<\/div>\n\t\t\t\t\t<\/div>\n\t\t<\/div>\n\t\t\t\t\t<\/div>\n\t\t<\/section>\n\t\t\t\t<section class=\"elementor-section elementor-top-section elementor-element elementor-element-fa71e4c elementor-section-boxed elementor-section-height-default elementor-section-height-default\" data-id=\"fa71e4c\" data-element_type=\"section\">\n\t\t\t\t\t\t<div class=\"elementor-container elementor-column-gap-default\">\n\t\t\t\t\t<div class=\"elementor-column elementor-col-100 elementor-top-column elementor-element elementor-element-5f1de04\" data-id=\"5f1de04\" data-element_type=\"column\">\n\t\t\t<div class=\"elementor-widget-wrap elementor-element-populated\">\n\t\t\t\t\t\t<div class=\"elementor-element elementor-element-f493416 elementor-widget elementor-widget-heading\" data-id=\"f493416\" data-element_type=\"widget\" data-widget_type=\"heading.default\">\n\t\t\t\t<div class=\"elementor-widget-container\">\n\t\t\t\t\t<h2 class=\"elementor-heading-title elementor-size-default\">H\u00fchnerdienst<\/h2>\t\t\t\t<\/div>\n\t\t\t\t<\/div>\n\t\t\t\t<div class=\"elementor-element elementor-element-aee8902 elementor-widget elementor-widget-text-editor\" data-id=\"aee8902\" data-element_type=\"widget\" data-widget_type=\"text-editor.default\">\n\t\t\t\t<div class=\"elementor-widget-container\">\n\t\t\t\t\t\t\t\t\t<p>Liebe Eltern und Kinder,<\/p><p>hier die wichtigsten Infos f\u00fcr den H\u00fchnerdienst.<\/p><p><strong>Der H\u00fchnerdienst beginnt immer montags und dauert eine Woche. Der Schl\u00fcssel wird also immer montags in der Schule an das n\u00e4chste Kind weitergegeben. (Siehe Kalender am Treppenaufgang 1. und 2. Klasse und Homepage)<\/strong><\/p><ul><li>Aktuell (01\/2018) leben f\u00fcnf Hennen im H\u00fchnerstall der VOS.<\/li><li>H\u00fchner bitte jeden Morgen vor Schulbeginn aus dem H\u00fchnerstall in das Freigehe lassen (Ferien und Wochenende: In Eigenverantwortung am Vormittag!) Dazu bitte die kleine T\u00fcr mit dem Seilzug \u00f6ffnen.<\/li><li>Zwischen sechs und acht Uhr am Abend die H\u00fchner bitte in den Stall einsperren (im Winter mit Einbruch der Dunkelheit) und die kleine T\u00fcr am H\u00fchnerstall schlie\u00dfen. Die H\u00fchner d\u00fcrfen nicht im Freigehe \u00fcbernachten, sonst holt sie nachts der Fuchs. Das Fenster im H\u00fchnerstall nicht \u00f6ffnen. Im Sommer wird es auf kleinster Stufe von Frau Braun ge\u00f6ffnet.<\/li><li>Die gro\u00dfe Metallt\u00fcr am H\u00fchnerstall bitte stets geschlossen halten und nur bei Arbeiten im Stall \u00f6ffnen.<\/li><li>Immer das Wasser t\u00e4glich wechseln und auff\u00fcllen; bitte\u00a0<u>unbedingt den Beh\u00e4lter mit der B\u00fcrste richtig s\u00e4ubern<\/u>. Wasser kann am Schulhaus im Becken geholt werden, der Hahn l\u00e4sst sich mit dem Aufsatz am H\u00fchnerschl\u00fcssel \u00f6ffnen.<\/li><li>Die Futterrinne bitte auf ihrem Platz im Stall stehen lassen.\u00a0<strong>Am Abend die Rinne bef\u00fcllen. Damit bekommen Sie die H\u00fchner in den Stall, da sie hungrig sind<\/strong>. Falls am Morgen zu viel gef\u00fcttert wird, kann das Einfangen anstrengend werden. Im Winter haben die H\u00fchner nur wenig Gr\u00fcnfutter im Au\u00dfenbereich und m\u00fcssen auch morgens mit K\u00f6rnerfutter gef\u00fcttert werden. Die H\u00fchner sollten nicht hungrig sein und einen \u201e\u00fcberfallen\u201c, wenn man in den H\u00fchnerstall kommt.<\/li><li>Bitte keine Essensreste f\u00fcttern (sonst kommen die Ratten!) und\u00a0<strong>kein K\u00f6rnerfutter im Gehege<\/strong>\u00a0verteilen. Das Futter steht im geschlossenen Eimer im Stall.\u00a0<u>Den Eimer bitte immer richtig verschlie\u00dfen<\/u>, sonst fliegen die H\u00fchner in die Futtertonne und hinterlassen dort ihr \u201eGesch\u00e4ft\u201c. Dann muss das komplette Futter entsorgt werden.<\/li><li>Jeden Tag den H\u00fchnerkot unter den Stangen mit dem Kratzer entfernen und in den daf\u00fcr vorgesehenen Eimer geben. Den Eimer bitte nach dem Ausmisten in die gr\u00fcne Tonne am Parkplatz leeren.<\/li><li>Die Steine im Au\u00dfengehe bitte nicht verr\u00fccken. Sie dienen zur Fixierung des Zaunes.<\/li><li><strong>Nach jeder Stallarbeit bitte immer die H\u00e4nde waschen!!!!!<\/strong><\/li><li>Die Eier k\u00f6nnen im Lehrerzimmer abgegeben werden und nach Schulschluss mit nach Hause genommen werden.<\/li><li>Bei Krankheit und Ausf\u00e4llen im H\u00fchnerdienst muss sich der Verantwortliche einen Tauschpartner suchen. Dazu bitte die Notfallnummern der \u201eH\u00fchnerdienstler\u201c nutzen. Im Notfall kann man auch bei Frau Braun fragen, ob sie einspringt.<\/li><li>Bei Fragen, Problemen und Unklarheiten wenden Sie sich bitte an Frau Braun. Es ist kein Problem abends oder am Wochenende anzurufen 06322\/7908389 oder \u00fcber SDUI.<\/li><\/ul><p>\u00a0<\/p><p>Vielen Dank f\u00fcr Ihre Mithilfe und viel Spa\u00df im H\u00fchnerstall!<\/p>\t\t\t\t\t\t\t\t<\/div>\n\t\t\t\t<\/div>\n\t\t\t\t<div class=\"elementor-element elementor-element-fdb9507 elementor-widget elementor-widget-text-editor\" data-id=\"fdb9507\" data-element_type=\"widget\" data-widget_type=\"text-editor.default\">\n\t\t\t\t<div class=\"elementor-widget-container\">\n\t\t\t\t\t\t\t\t\t<p style=\"margin-top: 1em; margin-bottom: 1em; color: #474747; font-size: 11.2px; background-color: rgba(255, 255, 255, 0.9);\"><strong>Liebe Eltern und Kinder,<br \/>hier die wichtigsten Infos f\u00fcr den H\u00fchnerdienst.<\/strong><\/p><p style=\"margin-top: 1em; margin-bottom: 1em; color: #474747; font-size: 11.2px; background-color: rgba(255, 255, 255, 0.9);\"><strong>Der H\u00fchnerdienst beginnt immer montags und dauert eine Woche. Der Schl\u00fcssel wird also immer montags in der Schule an das n\u00e4chste Kind weitergegeben. (Siehe Kalender am Treppenaufgang 1. und 2. Klasse und Homepage)<\/strong><\/p><ul style=\"margin-top: 0.5em; margin-bottom: 0.5em; padding-left: 40px; color: #474747; font-size: 11.2px; background-color: rgba(255, 255, 255, 0.9);\"><li style=\"margin-top: 0cm; margin-right: 0cm; margin-bottom: 0.0001pt; font-size: 11pt; font-family: Calibri;\">Aktuell\u00a0 leben noch drei Hennen im H\u00fchnerstall der VOS.<\/li><li style=\"margin-top: 0cm; margin-right: 0cm; margin-bottom: 0.0001pt; font-size: 11pt; font-family: Calibri;\">H\u00fchner bitte jeden Morgen vor Schulbeginn aus dem H\u00fchnerstall in das Freigehe lassen (Ferien und Wochenende: In Eigenverantwortung am Vormittag!) Dazu bitte die kleine T\u00fcr mit dem Seilzug \u00f6ffnen.<\/li><li style=\"margin-top: 0cm; margin-right: 0cm; margin-bottom: 0.0001pt; font-size: 11pt; font-family: Calibri;\">Zwischen sechs und acht Uhr am Abend die H\u00fchner bitte in den Stall einsperren (im Winter mit Einbruch der Dunkelheit) und die kleine T\u00fcr am H\u00fchnerstall schlie\u00dfen. Die H\u00fchner d\u00fcrfen nicht im Freigehe \u00fcbernachten, sonst holt sie nachts der Fuchs. Das Fenster im H\u00fchnerstall nicht \u00f6ffnen. Im Sommer wird es auf kleinster Stufe von Frau Braun ge\u00f6ffnet.<\/li><li style=\"margin-top: 0cm; margin-right: 0cm; margin-bottom: 0.0001pt; font-size: 11pt; font-family: Calibri;\">Die gro\u00dfe Metallt\u00fcr am H\u00fchnerstall bitte stets geschlossen halten und nur bei Arbeiten im Stall \u00f6ffnen.<\/li><li style=\"margin-top: 0cm; margin-right: 0cm; margin-bottom: 0.0001pt; font-size: 11pt; font-family: Calibri;\">Immer das Wasser t\u00e4glich wechseln und auff\u00fcllen; bitte\u00a0<u>unbedingt den Beh\u00e4lter mit der B\u00fcrste richtig s\u00e4ubern<\/u>. Wasser kann am Schulhaus im Becken geholt werden, der Hahn l\u00e4sst sich mit dem Aufsatz am H\u00fchnerschl\u00fcssel \u00f6ffnen.<\/li><li style=\"margin-top: 0cm; margin-right: 0cm; margin-bottom: 0.0001pt; font-size: 11pt; font-family: Calibri;\">Die Futterrinne bitte auf ihrem Platz im Stall stehen lassen.\u00a0<strong>Am Abend die Rinne bef\u00fcllen. Damit bekommen Sie die H\u00fchner in den Stall, da sie hungrig sind<\/strong>. Falls am Morgen zu viel gef\u00fcttert wird, kann das Einfangen anstrengend werden. Im Winter haben die H\u00fchner nur wenig Gr\u00fcnfutter im Au\u00dfenbereich und m\u00fcssen auch morgens mit K\u00f6rnerfutter gef\u00fcttert werden. Die H\u00fchner sollten nicht hungrig sein und einen \u201e\u00fcberfallen\u201c, wenn man in den H\u00fchnerstall kommt.<\/li><li style=\"margin-top: 0cm; margin-right: 0cm; margin-bottom: 0.0001pt; font-size: 11pt; font-family: Calibri;\">Bitte keine Essensreste f\u00fcttern (sonst kommen die Ratten!) und\u00a0<strong>kein K\u00f6rnerfutter im Gehege<\/strong>\u00a0verteilen. Das Futter steht im geschlossenen Eimer im Stall.\u00a0<u>Den Eimer bitte immer richtig verschlie\u00dfen<\/u>, sonst fliegen die H\u00fchner in die Futtertonne und hinterlassen dort ihr \u201eGesch\u00e4ft\u201c. Dann muss das komplette Futter entsorgt werden.<\/li><li style=\"margin-top: 0cm; margin-right: 0cm; margin-bottom: 0.0001pt; font-size: 11pt; font-family: Calibri;\">Jeden Tag den H\u00fchnerkot unter den Stangen mit dem Kratzer entfernen und in den daf\u00fcr vorgesehenen Eimer geben. Den Eimer bitte nach dem Ausmisten in die gr\u00fcne Tonne am Parkplatz leeren.<\/li><li style=\"margin-top: 0cm; margin-right: 0cm; margin-bottom: 0.0001pt; font-size: 11pt; font-family: Calibri;\">Die Steine im Au\u00dfengehe bitte nicht verr\u00fccken. Sie dienen zur Fixierung des Zaunes.<\/li><li style=\"margin-top: 0cm; margin-right: 0cm; margin-bottom: 0.0001pt; font-size: 11pt; font-family: Calibri;\"><strong>Nach jeder Stallarbeit bitte immer die H\u00e4nde waschen!!!!!<\/strong><\/li><li style=\"margin-top: 0cm; margin-right: 0cm; margin-bottom: 0.0001pt; font-size: 11pt; font-family: Calibri;\">Die Eier k\u00f6nnen im Lehrerzimmer abgegeben werden und nach Schulschluss mit nach Hause genommen werden.<\/li><li style=\"margin-top: 0cm; margin-right: 0cm; margin-bottom: 0.0001pt; font-size: 11pt; font-family: Calibri;\">Bei Krankheit und Ausf\u00e4llen im H\u00fchnerdienst muss sich der Verantwortliche einen Tauschpartner suchen. Dazu bitte die Notfallnummern der \u201eH\u00fchnerdienstler\u201c nutzen. Im Notfall kann man auch bei Frau Braun fragen, ob sie einspringt.<\/li><li style=\"margin-top: 0cm; margin-right: 0cm; margin-bottom: 0.0001pt; font-size: 11pt; font-family: Calibri;\">Bei Fragen, Problemen und Unklarheiten wenden Sie sich bitte an Frau Braun. Es ist kein Problem abends oder am Wochenende anzurufen 06322\/7908389 oder\u00a0<a style=\"text-decoration-line: underline; color: #8c8c8c;\" href=\"mailto:tibraun@gmx.de\">\u00fc<\/a>ber SDui.<\/li><\/ul><p style=\"margin: 0cm 0cm 10pt 38.25pt; color: #474747; font-family: Calibri; font-size: 11pt; background-color: rgba(255, 255, 255, 0.9); line-height: 16.8667px;\">Vielen Dank f\u00fcr Ihre Mithilfe und viel Spa\u00df im H\u00fchnerstall!<\/p>\t\t\t\t\t\t\t\t<\/div>\n\t\t\t\t<\/div>\n\t\t\t\t\t<\/div>\n\t\t<\/div>\n\t\t\t\t\t<\/div>\n\t\t<\/section>\n\t\t\t\t<\/div>\n\t\t","protected":false},"excerpt":{"rendered":"<p>Eine sch\u00f6ne Tradition Die Valentin-Ostertag-Schule hat seit \u00fcber 10 Jahren Schulh\u00fchner, die den Schulalltag interessanter machen. Wir freuen uns, dass wir Kolleg*innen haben, die diese Aufgabe \u00fcbernehmen und den Kindern &#8230; <a title=\"Unsere H\u00fchner\" class=\"read-more\" href=\"https:\/\/vos-d\u00fcw.de\/home\/schulleben\/huhnerdienst\/\" aria-label=\"Mehr dazu unter Unsere H\u00fchner\">Weiterlesen<\/a><\/p>\n","protected":false},"author":1,"featured_media":0,"parent":138,"menu_order":-1,"comment_status":"closed","ping_status":"closed","template":"","meta":{"footnotes":""},"class_list":["post-275","page","type-page","status-publish"],"_links":{"self":[{"href":"https:\/\/vos-d\u00fcw.de\/home\/wp-json\/wp\/v2\/pages\/275","targetHints":{"allow":["GET"]}}],"collection":[{"href":"https:\/\/vos-d\u00fcw.de\/home\/wp-json\/wp\/v2\/pages"}],"about":[{"href":"https:\/\/vos-d\u00fcw.de\/home\/wp-json\/wp\/v2\/types\/page"}],"author":[{"embeddable":true,"href":"https:\/\/vos-d\u00fcw.de\/home\/wp-json\/wp\/v2\/users\/1"}],"replies":[{"embeddable":true,"href":"https:\/\/vos-d\u00fcw.de\/home\/wp-json\/wp\/v2\/comments?post=275"}],"version-history":[{"count":15,"href":"https:\/\/vos-d\u00fcw.de\/home\/wp-json\/wp\/v2\/pages\/275\/revisions"}],"predecessor-version":[{"id":541,"href":"https:\/\/vos-d\u00fcw.de\/home\/wp-json\/wp\/v2\/pages\/275\/revisions\/541"}],"up":[{"embeddable":true,"href":"https:\/\/vos-d\u00fcw.de\/home\/wp-json\/wp\/v2\/pages\/138"}],"wp:attachment":[{"href":"https:\/\/vos-d\u00fcw.de\/home\/wp-json\/wp\/v2\/media?parent=275"}],"curies":[{"name":"wp","href":"https:\/\/api.w.org\/{rel}","templated":true}]}}