{"id":576,"date":"2022-10-27T17:30:37","date_gmt":"2022-10-27T15:30:37","guid":{"rendered":"https:\/\/xn--vos-dw-7ya.de\/?page_id=576"},"modified":"2022-10-27T18:02:55","modified_gmt":"2022-10-27T16:02:55","slug":"schulengelspenden","status":"publish","type":"page","link":"https:\/\/vos-d\u00fcw.de\/home\/schulengelspenden\/","title":{"rendered":"Schulengelspenden"},"content":{"rendered":"\t\t<div data-elementor-type=\"wp-page\" data-elementor-id=\"576\" class=\"elementor elementor-576\" data-elementor-post-type=\"page\">\n\t\t\t\t\t\t<section class=\"elementor-section elementor-top-section elementor-element elementor-element-3fe41028 elementor-section-boxed elementor-section-height-default elementor-section-height-default\" data-id=\"3fe41028\" data-element_type=\"section\">\n\t\t\t\t\t\t<div class=\"elementor-container elementor-column-gap-default\">\n\t\t\t\t\t<div class=\"elementor-column elementor-col-100 elementor-top-column elementor-element elementor-element-58701e4a\" data-id=\"58701e4a\" data-element_type=\"column\">\n\t\t\t<div class=\"elementor-widget-wrap elementor-element-populated\">\n\t\t\t\t\t\t<section class=\"elementor-section elementor-inner-section elementor-element elementor-element-9e3f91a elementor-section-boxed elementor-section-height-default elementor-section-height-default\" data-id=\"9e3f91a\" data-element_type=\"section\">\n\t\t\t\t\t\t<div class=\"elementor-container elementor-column-gap-default\">\n\t\t\t\t\t<div class=\"elementor-column elementor-col-50 elementor-inner-column elementor-element elementor-element-5d893d0\" data-id=\"5d893d0\" data-element_type=\"column\">\n\t\t\t<div class=\"elementor-widget-wrap elementor-element-populated\">\n\t\t\t\t\t\t<div class=\"elementor-element elementor-element-a8bc33c elementor-widget elementor-widget-html\" data-id=\"a8bc33c\" data-element_type=\"widget\" data-widget_type=\"html.default\">\n\t\t\t\t<div class=\"elementor-widget-container\">\n\t\t\t\t\t<a href=\"https:\/\/www.schulengel.de\/einrichtungen\/details\/13631-valentin-ostertag-schule-foerderverein\" target=\"_blank\"><img decoding=\"async\" src=\"https:\/\/www.schulengel.de\/widgets\/spendenbanner122x240-13631.png\" border=\"0\"><\/a>\t\t\t\t<\/div>\n\t\t\t\t<\/div>\n\t\t\t\t\t<\/div>\n\t\t<\/div>\n\t\t\t\t<div class=\"elementor-column elementor-col-50 elementor-inner-column elementor-element elementor-element-87269c5\" data-id=\"87269c5\" data-element_type=\"column\">\n\t\t\t<div class=\"elementor-widget-wrap elementor-element-populated\">\n\t\t\t\t\t\t<div class=\"elementor-element elementor-element-7af4f55 elementor-widget elementor-widget-text-editor\" data-id=\"7af4f55\" data-element_type=\"widget\" data-widget_type=\"text-editor.default\">\n\t\t\t\t<div class=\"elementor-widget-container\">\n\t\t\t\t\t\t\t\t\t<p>Die VOS hat sich neu bei Schulengel registriert. Hierbei handelt es sich um die M\u00f6glichkeit mit seinen Interneteink\u00e4ufen kleine Prozente an unseren F\u00f6rderverein zu spenden. Nat\u00fcrlich w\u00fcnschen wir uns, dass m\u00f6glichst viel regional gekauft wird. Sollte es dann doch einmal etwas aus dem Netz sei, freuen wir uns, wenn Sie uns unterst\u00fctzen. Es kostet Sie nur den kleinen Umweg zu Ihrer Einrichtung \u00fcber Schulengel.<\/p>\n<p>Vielen Dank!<\/p>\t\t\t\t\t\t\t\t<\/div>\n\t\t\t\t<\/div>\n\t\t\t\t<div class=\"elementor-element elementor-element-e6c3ef4 elementor-widget elementor-widget-button\" data-id=\"e6c3ef4\" data-element_type=\"widget\" data-widget_type=\"button.default\">\n\t\t\t\t<div class=\"elementor-widget-container\">\n\t\t\t\t\t\t\t\t\t<div class=\"elementor-button-wrapper\">\n\t\t\t\t\t<a class=\"elementor-button elementor-button-link elementor-size-sm\" href=\"https:\/\/www.schulengel.de\/cms\/fileadmin\/Schulengel-Downloads\/Schulengel_Flyer-allgemein_16-05-2022_Ansicht-final.pdf\">\n\t\t\t\t\t\t<span class=\"elementor-button-content-wrapper\">\n\t\t\t\t\t\t\t\t\t<span class=\"elementor-button-text\">Hier gehts zum Flyer<\/span>\n\t\t\t\t\t<\/span>\n\t\t\t\t\t<\/a>\n\t\t\t\t<\/div>\n\t\t\t\t\t\t\t\t<\/div>\n\t\t\t\t<\/div>\n\t\t\t\t\t<\/div>\n\t\t<\/div>\n\t\t\t\t\t<\/div>\n\t\t<\/section>\n\t\t\t\t\t<\/div>\n\t\t<\/div>\n\t\t\t\t\t<\/div>\n\t\t<\/section>\n\t\t\t\t<\/div>\n\t\t","protected":false},"excerpt":{"rendered":"<p>Die VOS hat sich neu bei Schulengel registriert. Hierbei handelt es sich um die M\u00f6glichkeit mit seinen Interneteink\u00e4ufen kleine Prozente an unseren F\u00f6rderverein zu spenden. Nat\u00fcrlich w\u00fcnschen wir uns, dass &#8230; <a title=\"Schulengelspenden\" class=\"read-more\" href=\"https:\/\/vos-d\u00fcw.de\/home\/schulengelspenden\/\" aria-label=\"Mehr dazu unter Schulengelspenden\">Weiterlesen<\/a><\/p>\n","protected":false},"author":1,"featured_media":0,"parent":0,"menu_order":0,"comment_status":"closed","ping_status":"closed","template":"","meta":{"footnotes":""},"class_list":["post-576","page","type-page","status-publish"],"_links":{"self":[{"href":"https:\/\/vos-d\u00fcw.de\/home\/wp-json\/wp\/v2\/pages\/576","targetHints":{"allow":["GET"]}}],"collection":[{"href":"https:\/\/vos-d\u00fcw.de\/home\/wp-json\/wp\/v2\/pages"}],"about":[{"href":"https:\/\/vos-d\u00fcw.de\/home\/wp-json\/wp\/v2\/types\/page"}],"author":[{"embeddable":true,"href":"https:\/\/vos-d\u00fcw.de\/home\/wp-json\/wp\/v2\/users\/1"}],"replies":[{"embeddable":true,"href":"https:\/\/vos-d\u00fcw.de\/home\/wp-json\/wp\/v2\/comments?post=576"}],"version-history":[{"count":17,"href":"https:\/\/vos-d\u00fcw.de\/home\/wp-json\/wp\/v2\/pages\/576\/revisions"}],"predecessor-version":[{"id":597,"href":"https:\/\/vos-d\u00fcw.de\/home\/wp-json\/wp\/v2\/pages\/576\/revisions\/597"}],"wp:attachment":[{"href":"https:\/\/vos-d\u00fcw.de\/home\/wp-json\/wp\/v2\/media?parent=576"}],"curies":[{"name":"wp","href":"https:\/\/api.w.org\/{rel}","templated":true}]}}