{"id":671,"date":"2022-11-03T09:22:20","date_gmt":"2022-11-03T08:22:20","guid":{"rendered":"https:\/\/xn--vos-dw-7ya.de\/?page_id=671"},"modified":"2022-11-24T11:34:24","modified_gmt":"2022-11-24T10:34:24","slug":"elternvertretung","status":"publish","type":"page","link":"https:\/\/vos-d\u00fcw.de\/home\/elternvertretung\/","title":{"rendered":"Elternvertretung"},"content":{"rendered":"\t\t<div data-elementor-type=\"wp-page\" data-elementor-id=\"671\" class=\"elementor elementor-671\" data-elementor-post-type=\"page\">\n\t\t\t\t\t\t<section class=\"elementor-section elementor-top-section elementor-element elementor-element-40f1c449 elementor-section-boxed elementor-section-height-default elementor-section-height-default\" data-id=\"40f1c449\" data-element_type=\"section\">\n\t\t\t\t\t\t<div class=\"elementor-container elementor-column-gap-default\">\n\t\t\t\t\t<div class=\"elementor-column elementor-col-100 elementor-top-column elementor-element elementor-element-7e68955c\" data-id=\"7e68955c\" data-element_type=\"column\">\n\t\t\t<div class=\"elementor-widget-wrap elementor-element-populated\">\n\t\t\t\t\t\t<div class=\"elementor-element elementor-element-7cc08dec elementor-widget elementor-widget-text-editor\" data-id=\"7cc08dec\" data-element_type=\"widget\" data-widget_type=\"text-editor.default\">\n\t\t\t\t<div class=\"elementor-widget-container\">\n\t\t\t\t\t\t\t\t\t\n<div id=\"wp-block-themeisle-blocks-advanced-columns-1fdbef18\" class=\"wp-block-themeisle-blocks-advanced-columns has-0-columns has-desktop-undefined-layout has-tablet-equal-layout has-mobile-equal-layout has-vertical-unset\"><div class=\"wp-block-themeisle-blocks-advanced-columns-overlay\"><\/div><div class=\"innerblocks-wrap\"><\/div><\/div>\n\t\t\t\t\t\t\t\t<\/div>\n\t\t\t\t<\/div>\n\t\t\t\t\t<\/div>\n\t\t<\/div>\n\t\t\t\t\t<\/div>\n\t\t<\/section>\n\t\t\t\t<section class=\"elementor-section elementor-top-section elementor-element elementor-element-3307840 elementor-section-boxed elementor-section-height-default elementor-section-height-default\" data-id=\"3307840\" data-element_type=\"section\">\n\t\t\t\t\t\t<div class=\"elementor-container elementor-column-gap-default\">\n\t\t\t\t\t<div class=\"elementor-column elementor-col-100 elementor-top-column elementor-element elementor-element-82de193\" data-id=\"82de193\" data-element_type=\"column\">\n\t\t\t<div class=\"elementor-widget-wrap elementor-element-populated\">\n\t\t\t\t\t\t\t<\/div>\n\t\t<\/div>\n\t\t\t\t\t<\/div>\n\t\t<\/section>\n\t\t\t\t<section class=\"elementor-section elementor-top-section elementor-element elementor-element-b9e6d5b elementor-section-boxed elementor-section-height-default elementor-section-height-default\" data-id=\"b9e6d5b\" data-element_type=\"section\">\n\t\t\t\t\t\t<div class=\"elementor-container elementor-column-gap-default\">\n\t\t\t\t\t<div class=\"elementor-column elementor-col-100 elementor-top-column elementor-element elementor-element-fde0145\" data-id=\"fde0145\" data-element_type=\"column\">\n\t\t\t<div class=\"elementor-widget-wrap elementor-element-populated\">\n\t\t\t\t\t\t<div class=\"elementor-element elementor-element-c7bc4b8 elementor-widget elementor-widget-text-editor\" data-id=\"c7bc4b8\" data-element_type=\"widget\" data-widget_type=\"text-editor.default\">\n\t\t\t\t<div class=\"elementor-widget-container\">\n\t\t\t\t\t\t\t\t\t<h4 style=\"text-align: center;\"><span style=\"background-color: var(--base-3);\">Der Schulelternbeirat stellt sich vor!<\/span><\/h4>\n<p><strong>Wer wir sind<\/strong><\/p>\n<p>Der Schulelternbeirat (SEB) besteht aus 6 Mitgliedern und wurde Ende Oktober<\/p>\n<p>2021 f\u00fcr die Schuljahre 2021\/2022 sowie 2022\/2023 gew\u00e4hlt. Wir alle haben<\/p>\n<p>Kinder unterschiedlichen Alters in verschiedensten Klassenstufen der VOS.<\/p>\n<p><strong>Was wir tun<\/strong><\/p>\n<p>Als SEB ist es unsere Aufgabe, die Erziehungs- und Unterrichtsarbeit der Schule zu<\/p>\n<p>unterst\u00fctzen und mitzugestalten. Wir vertreten dabei die Belange der Kinder und<\/p>\n<p>Eltern gegen\u00fcber der Schule, sprechen aktuelle Themen an, geben Anregungen und<\/p>\n<p>machen Vorschl\u00e4ge. Dar\u00fcber hinaus unterst\u00fctzen wir die Schule bei der<\/p>\n<p>Organisation von Festen oder anderen Aktivit\u00e4ten.<\/p>\n<p>Wir verstehen uns dabei als Bindeglied zwischen den Eltern und der Schule und<\/p>\n<p>m\u00f6chten eine offene Kommunikation zwischen beiden Seiten f\u00f6rdern. Ihnen als<\/p>\n<p>Eltern stehen wir deshalb mit Rat, Tat und stets einem offenen Ohr zur Seite!<\/p>\n<p style=\"text-align: center;\"><strong>&nbsp;<\/strong><\/p>\n<p style=\"text-align: center;\"><strong>Die genauen Ansprechpartner und Maillisten finden Sie im Hausaufgabenheft oder in der Cloud der Elterninformationen auf SDUI.<\/strong><\/p>\n<p style=\"text-align: center;\"><strong>Sprechen Sie uns gerne an \u2013 wir freuen uns, mit Ihnen im Austausch stehen zu<\/strong><\/p>\n<p style=\"text-align: center;\"><strong>d\u00fcrfen!<\/strong><\/p>\n<p style=\"text-align: center;\"><strong>&nbsp;<\/strong><\/p>\t\t\t\t\t\t\t\t<\/div>\n\t\t\t\t<\/div>\n\t\t\t\t\t<\/div>\n\t\t<\/div>\n\t\t\t\t\t<\/div>\n\t\t<\/section>\n\t\t\t\t<\/div>\n\t\t","protected":false},"excerpt":{"rendered":"<p>Der Schulelternbeirat stellt sich vor! Wer wir sind Der Schulelternbeirat (SEB) besteht aus 6 Mitgliedern und wurde Ende Oktober 2021 f\u00fcr die Schuljahre 2021\/2022 sowie 2022\/2023 gew\u00e4hlt. Wir alle haben &#8230; <a title=\"Elternvertretung\" class=\"read-more\" href=\"https:\/\/vos-d\u00fcw.de\/home\/elternvertretung\/\" aria-label=\"Mehr dazu unter Elternvertretung\">Weiterlesen<\/a><\/p>\n","protected":false},"author":1,"featured_media":0,"parent":0,"menu_order":0,"comment_status":"closed","ping_status":"closed","template":"","meta":{"footnotes":""},"class_list":["post-671","page","type-page","status-publish"],"_links":{"self":[{"href":"https:\/\/vos-d\u00fcw.de\/home\/wp-json\/wp\/v2\/pages\/671","targetHints":{"allow":["GET"]}}],"collection":[{"href":"https:\/\/vos-d\u00fcw.de\/home\/wp-json\/wp\/v2\/pages"}],"about":[{"href":"https:\/\/vos-d\u00fcw.de\/home\/wp-json\/wp\/v2\/types\/page"}],"author":[{"embeddable":true,"href":"https:\/\/vos-d\u00fcw.de\/home\/wp-json\/wp\/v2\/users\/1"}],"replies":[{"embeddable":true,"href":"https:\/\/vos-d\u00fcw.de\/home\/wp-json\/wp\/v2\/comments?post=671"}],"version-history":[{"count":20,"href":"https:\/\/vos-d\u00fcw.de\/home\/wp-json\/wp\/v2\/pages\/671\/revisions"}],"predecessor-version":[{"id":825,"href":"https:\/\/vos-d\u00fcw.de\/home\/wp-json\/wp\/v2\/pages\/671\/revisions\/825"}],"wp:attachment":[{"href":"https:\/\/vos-d\u00fcw.de\/home\/wp-json\/wp\/v2\/media?parent=671"}],"curies":[{"name":"wp","href":"https:\/\/api.w.org\/{rel}","templated":true}]}}