{"id":776,"date":"2022-11-23T08:03:08","date_gmt":"2022-11-23T07:03:08","guid":{"rendered":"https:\/\/xn--vos-dw-7ya.de\/?page_id=776"},"modified":"2022-11-23T09:33:09","modified_gmt":"2022-11-23T08:33:09","slug":"leseinsel","status":"publish","type":"page","link":"https:\/\/vos-d\u00fcw.de\/home\/schulleben\/leseinsel\/","title":{"rendered":"Unsere Leseinsel"},"content":{"rendered":"\t\t<div data-elementor-type=\"wp-page\" data-elementor-id=\"776\" class=\"elementor elementor-776\" data-elementor-post-type=\"page\">\n\t\t\t\t\t\t<section class=\"elementor-section elementor-top-section elementor-element elementor-element-48f4a918 elementor-section-boxed elementor-section-height-default elementor-section-height-default\" data-id=\"48f4a918\" data-element_type=\"section\">\n\t\t\t\t\t\t<div class=\"elementor-container elementor-column-gap-default\">\n\t\t\t\t\t<div class=\"elementor-column elementor-col-100 elementor-top-column elementor-element elementor-element-317a58f7\" data-id=\"317a58f7\" data-element_type=\"column\">\n\t\t\t<div class=\"elementor-widget-wrap elementor-element-populated\">\n\t\t\t\t\t\t<div class=\"elementor-element elementor-element-52b5e9f1 elementor-widget elementor-widget-text-editor\" data-id=\"52b5e9f1\" data-element_type=\"widget\" data-widget_type=\"text-editor.default\">\n\t\t\t\t<div class=\"elementor-widget-container\">\n\t\t\t\t\t\t\t\t\t<h1>Die Leseinsel der VOS<\/h1>\t\t\t\t\t\t\t\t<\/div>\n\t\t\t\t<\/div>\n\t\t\t\t\t<\/div>\n\t\t<\/div>\n\t\t\t\t\t<\/div>\n\t\t<\/section>\n\t\t\t\t<section class=\"elementor-section elementor-top-section elementor-element elementor-element-24cb1b6 elementor-section-boxed elementor-section-height-default elementor-section-height-default\" data-id=\"24cb1b6\" data-element_type=\"section\">\n\t\t\t\t\t\t<div class=\"elementor-container elementor-column-gap-default\">\n\t\t\t\t\t<div class=\"elementor-column elementor-col-100 elementor-top-column elementor-element elementor-element-2c00cd8\" data-id=\"2c00cd8\" data-element_type=\"column\">\n\t\t\t<div class=\"elementor-widget-wrap elementor-element-populated\">\n\t\t\t\t\t\t<section class=\"elementor-section elementor-inner-section elementor-element elementor-element-d55948f elementor-section-boxed elementor-section-height-default elementor-section-height-default\" data-id=\"d55948f\" data-element_type=\"section\">\n\t\t\t\t\t\t<div class=\"elementor-container elementor-column-gap-default\">\n\t\t\t\t\t<div class=\"elementor-column elementor-col-50 elementor-inner-column elementor-element elementor-element-bc2225d\" data-id=\"bc2225d\" data-element_type=\"column\">\n\t\t\t<div class=\"elementor-widget-wrap elementor-element-populated\">\n\t\t\t\t\t\t<div class=\"elementor-element elementor-element-45ea279 elementor-widget elementor-widget-text-editor\" data-id=\"45ea279\" data-element_type=\"widget\" data-widget_type=\"text-editor.default\">\n\t\t\t\t<div class=\"elementor-widget-container\">\n\t\t\t\t\t\t\t\t\t<p>Lesen ist eine Schl\u00fcsselkompetenz, die f\u00fcr den erfolgreichen Besuch des Schulsystems und das Bestreiten des Erwerbslebens unerl\u00e4sslich ist. Deshalb m\u00f6chten wir den Sch\u00fcler*innen fr\u00fch einen selbstbestimmten Zugang dazu erm\u00f6glichen. Hierzu haben wir eine kleine B\u00fccherei eingerichtet, die von der Handhabung einer Stadtb\u00fccherei in nichts nachsteht. Die Kinder morgens vor dem Unterricht B\u00fccher und andere Medien wie zum Beispiel H\u00f6rspiele ausleihen. Wir versuchen immer aktuelle und ansprechende Literatur anzubieten. Organisiert wird dies durch Frau Roob mit Unterst\u00fctzung unserer Elternschaft. Die Leseinsel erfreut sich gro\u00dfer Beliebtheit worauf wir sehr stolz sin<\/p>\t\t\t\t\t\t\t\t<\/div>\n\t\t\t\t<\/div>\n\t\t\t\t\t<\/div>\n\t\t<\/div>\n\t\t\t\t<div class=\"elementor-column elementor-col-50 elementor-inner-column elementor-element elementor-element-f05cb91\" data-id=\"f05cb91\" data-element_type=\"column\">\n\t\t\t<div class=\"elementor-widget-wrap elementor-element-populated\">\n\t\t\t\t\t\t<div class=\"elementor-element elementor-element-5760bd9 elementor-widget elementor-widget-image\" data-id=\"5760bd9\" data-element_type=\"widget\" data-widget_type=\"image.default\">\n\t\t\t\t<div class=\"elementor-widget-container\">\n\t\t\t\t\t\t\t\t\t\t\t\t\t\t\t<img fetchpriority=\"high\" decoding=\"async\" width=\"828\" height=\"609\" src=\"https:\/\/xn--vos-dw-7ya.de\/wp-content\/uploads\/2022\/11\/Oeffnungszeiten-der-Buecherei.png\" class=\"attachment-large size-large wp-image-779\" alt=\"\" srcset=\"https:\/\/xn--vos-dw-7ya.de\/wp-content\/uploads\/2022\/11\/Oeffnungszeiten-der-Buecherei.png 828w, https:\/\/xn--vos-dw-7ya.de\/wp-content\/uploads\/2022\/11\/Oeffnungszeiten-der-Buecherei-300x221.png 300w, https:\/\/xn--vos-dw-7ya.de\/wp-content\/uploads\/2022\/11\/Oeffnungszeiten-der-Buecherei-768x565.png 768w\" sizes=\"(max-width: 828px) 100vw, 828px\" \/>\t\t\t\t\t\t\t\t\t\t\t\t\t\t\t<\/div>\n\t\t\t\t<\/div>\n\t\t\t\t\t<\/div>\n\t\t<\/div>\n\t\t\t\t\t<\/div>\n\t\t<\/section>\n\t\t\t\t\t<\/div>\n\t\t<\/div>\n\t\t\t\t\t<\/div>\n\t\t<\/section>\n\t\t\t\t<section class=\"elementor-section elementor-top-section elementor-element elementor-element-5a58f57 elementor-section-boxed elementor-section-height-default elementor-section-height-default\" data-id=\"5a58f57\" data-element_type=\"section\">\n\t\t\t\t\t\t<div class=\"elementor-container elementor-column-gap-default\">\n\t\t\t\t\t<div class=\"elementor-column elementor-col-100 elementor-top-column elementor-element elementor-element-003d5a5\" data-id=\"003d5a5\" data-element_type=\"column\">\n\t\t\t<div class=\"elementor-widget-wrap elementor-element-populated\">\n\t\t\t\t\t\t<div class=\"elementor-element elementor-element-7ac8f97 elementor-widget elementor-widget-gallery\" data-id=\"7ac8f97\" data-element_type=\"widget\" data-settings=\"{&quot;gallery_layout&quot;:&quot;justified&quot;,&quot;ideal_row_height&quot;:{&quot;unit&quot;:&quot;px&quot;,&quot;size&quot;:149,&quot;sizes&quot;:[]},&quot;gap&quot;:{&quot;unit&quot;:&quot;px&quot;,&quot;size&quot;:13,&quot;sizes&quot;:[]},&quot;lazyload&quot;:&quot;yes&quot;,&quot;ideal_row_height_tablet&quot;:{&quot;unit&quot;:&quot;px&quot;,&quot;size&quot;:150,&quot;sizes&quot;:[]},&quot;ideal_row_height_mobile&quot;:{&quot;unit&quot;:&quot;px&quot;,&quot;size&quot;:150,&quot;sizes&quot;:[]},&quot;gap_tablet&quot;:{&quot;unit&quot;:&quot;px&quot;,&quot;size&quot;:10,&quot;sizes&quot;:[]},&quot;gap_mobile&quot;:{&quot;unit&quot;:&quot;px&quot;,&quot;size&quot;:10,&quot;sizes&quot;:[]},&quot;link_to&quot;:&quot;file&quot;,&quot;overlay_background&quot;:&quot;yes&quot;,&quot;content_hover_animation&quot;:&quot;fade-in&quot;}\" data-widget_type=\"gallery.default\">\n\t\t\t\t<div class=\"elementor-widget-container\">\n\t\t\t\t\t\t\t<div class=\"elementor-gallery__container\">\n\t\t\t\t\t\t\t<a class=\"e-gallery-item elementor-gallery-item elementor-animated-content\" href=\"https:\/\/xn--vos-dw-7ya.de\/wp-content\/uploads\/2022\/11\/IMG_6255-scaled.jpeg\" data-elementor-open-lightbox=\"yes\" data-elementor-lightbox-slideshow=\"7ac8f97\" data-elementor-lightbox-title=\"IMG_6255\" data-e-action-hash=\"#elementor-action%3Aaction%3Dlightbox%26settings%3DeyJpZCI6NzkwLCJ1cmwiOiJodHRwczpcL1wveG4tLXZvcy1kdy03eWEuZGVcL3dwLWNvbnRlbnRcL3VwbG9hZHNcLzIwMjJcLzExXC9JTUdfNjI1NS1zY2FsZWQuanBlZyIsInNsaWRlc2hvdyI6IjdhYzhmOTcifQ%3D%3D\">\n\t\t\t\t\t<div class=\"e-gallery-image elementor-gallery-item__image\" data-thumbnail=\"https:\/\/xn--vos-dw-7ya.de\/wp-content\/uploads\/2022\/11\/IMG_6255-300x225.jpeg\" data-width=\"300\" data-height=\"225\" aria-label=\"\" role=\"img\" ><\/div>\n\t\t\t\t\t\t\t\t\t\t\t<div class=\"elementor-gallery-item__overlay\"><\/div>\n\t\t\t\t\t\t\t\t\t\t\t\t\t\t<\/a>\n\t\t\t\t\t\t\t<a class=\"e-gallery-item elementor-gallery-item elementor-animated-content\" href=\"https:\/\/xn--vos-dw-7ya.de\/wp-content\/uploads\/2022\/11\/IMG_6256-scaled.jpeg\" data-elementor-open-lightbox=\"yes\" data-elementor-lightbox-slideshow=\"7ac8f97\" data-elementor-lightbox-title=\"IMG_6256\" data-e-action-hash=\"#elementor-action%3Aaction%3Dlightbox%26settings%3DeyJpZCI6NzkxLCJ1cmwiOiJodHRwczpcL1wveG4tLXZvcy1kdy03eWEuZGVcL3dwLWNvbnRlbnRcL3VwbG9hZHNcLzIwMjJcLzExXC9JTUdfNjI1Ni1zY2FsZWQuanBlZyIsInNsaWRlc2hvdyI6IjdhYzhmOTcifQ%3D%3D\">\n\t\t\t\t\t<div class=\"e-gallery-image elementor-gallery-item__image\" data-thumbnail=\"https:\/\/xn--vos-dw-7ya.de\/wp-content\/uploads\/2022\/11\/IMG_6256-300x225.jpeg\" data-width=\"300\" data-height=\"225\" aria-label=\"\" role=\"img\" ><\/div>\n\t\t\t\t\t\t\t\t\t\t\t<div class=\"elementor-gallery-item__overlay\"><\/div>\n\t\t\t\t\t\t\t\t\t\t\t\t\t\t<\/a>\n\t\t\t\t\t\t\t<a class=\"e-gallery-item elementor-gallery-item elementor-animated-content\" href=\"https:\/\/xn--vos-dw-7ya.de\/wp-content\/uploads\/2022\/11\/IMG_6257-scaled.jpeg\" data-elementor-open-lightbox=\"yes\" data-elementor-lightbox-slideshow=\"7ac8f97\" data-elementor-lightbox-title=\"IMG_6257\" data-e-action-hash=\"#elementor-action%3Aaction%3Dlightbox%26settings%3DeyJpZCI6NzkyLCJ1cmwiOiJodHRwczpcL1wveG4tLXZvcy1kdy03eWEuZGVcL3dwLWNvbnRlbnRcL3VwbG9hZHNcLzIwMjJcLzExXC9JTUdfNjI1Ny1zY2FsZWQuanBlZyIsInNsaWRlc2hvdyI6IjdhYzhmOTcifQ%3D%3D\">\n\t\t\t\t\t<div class=\"e-gallery-image elementor-gallery-item__image\" data-thumbnail=\"https:\/\/xn--vos-dw-7ya.de\/wp-content\/uploads\/2022\/11\/IMG_6257-300x225.jpeg\" data-width=\"300\" data-height=\"225\" aria-label=\"\" role=\"img\" ><\/div>\n\t\t\t\t\t\t\t\t\t\t\t<div class=\"elementor-gallery-item__overlay\"><\/div>\n\t\t\t\t\t\t\t\t\t\t\t\t\t\t<\/a>\n\t\t\t\t\t\t\t<a class=\"e-gallery-item elementor-gallery-item elementor-animated-content\" href=\"https:\/\/xn--vos-dw-7ya.de\/wp-content\/uploads\/2022\/11\/IMG_6258-scaled.jpeg\" data-elementor-open-lightbox=\"yes\" data-elementor-lightbox-slideshow=\"7ac8f97\" data-elementor-lightbox-title=\"IMG_6258\" data-e-action-hash=\"#elementor-action%3Aaction%3Dlightbox%26settings%3DeyJpZCI6NzkzLCJ1cmwiOiJodHRwczpcL1wveG4tLXZvcy1kdy03eWEuZGVcL3dwLWNvbnRlbnRcL3VwbG9hZHNcLzIwMjJcLzExXC9JTUdfNjI1OC1zY2FsZWQuanBlZyIsInNsaWRlc2hvdyI6IjdhYzhmOTcifQ%3D%3D\">\n\t\t\t\t\t<div class=\"e-gallery-image elementor-gallery-item__image\" data-thumbnail=\"https:\/\/xn--vos-dw-7ya.de\/wp-content\/uploads\/2022\/11\/IMG_6258-300x225.jpeg\" data-width=\"300\" data-height=\"225\" aria-label=\"\" role=\"img\" ><\/div>\n\t\t\t\t\t\t\t\t\t\t\t<div class=\"elementor-gallery-item__overlay\"><\/div>\n\t\t\t\t\t\t\t\t\t\t\t\t\t\t<\/a>\n\t\t\t\t\t\t\t<a class=\"e-gallery-item elementor-gallery-item elementor-animated-content\" href=\"https:\/\/xn--vos-dw-7ya.de\/wp-content\/uploads\/2022\/11\/IMG_6259.jpeg\" data-elementor-open-lightbox=\"yes\" data-elementor-lightbox-slideshow=\"7ac8f97\" data-elementor-lightbox-title=\"IMG_6259\" data-e-action-hash=\"#elementor-action%3Aaction%3Dlightbox%26settings%3DeyJpZCI6Nzk0LCJ1cmwiOiJodHRwczpcL1wveG4tLXZvcy1kdy03eWEuZGVcL3dwLWNvbnRlbnRcL3VwbG9hZHNcLzIwMjJcLzExXC9JTUdfNjI1OS5qcGVnIiwic2xpZGVzaG93IjoiN2FjOGY5NyJ9\">\n\t\t\t\t\t<div class=\"e-gallery-image elementor-gallery-item__image\" data-thumbnail=\"https:\/\/xn--vos-dw-7ya.de\/wp-content\/uploads\/2022\/11\/IMG_6259-300x225.jpeg\" data-width=\"300\" data-height=\"225\" aria-label=\"\" role=\"img\" ><\/div>\n\t\t\t\t\t\t\t\t\t\t\t<div class=\"elementor-gallery-item__overlay\"><\/div>\n\t\t\t\t\t\t\t\t\t\t\t\t\t\t<\/a>\n\t\t\t\t\t\t\t<a class=\"e-gallery-item elementor-gallery-item elementor-animated-content\" href=\"https:\/\/xn--vos-dw-7ya.de\/wp-content\/uploads\/2022\/11\/IMG_6260-scaled.jpeg\" data-elementor-open-lightbox=\"yes\" data-elementor-lightbox-slideshow=\"7ac8f97\" data-elementor-lightbox-title=\"IMG_6260\" data-e-action-hash=\"#elementor-action%3Aaction%3Dlightbox%26settings%3DeyJpZCI6Nzk1LCJ1cmwiOiJodHRwczpcL1wveG4tLXZvcy1kdy03eWEuZGVcL3dwLWNvbnRlbnRcL3VwbG9hZHNcLzIwMjJcLzExXC9JTUdfNjI2MC1zY2FsZWQuanBlZyIsInNsaWRlc2hvdyI6IjdhYzhmOTcifQ%3D%3D\">\n\t\t\t\t\t<div class=\"e-gallery-image elementor-gallery-item__image\" data-thumbnail=\"https:\/\/xn--vos-dw-7ya.de\/wp-content\/uploads\/2022\/11\/IMG_6260-300x225.jpeg\" data-width=\"300\" data-height=\"225\" aria-label=\"\" role=\"img\" ><\/div>\n\t\t\t\t\t\t\t\t\t\t\t<div class=\"elementor-gallery-item__overlay\"><\/div>\n\t\t\t\t\t\t\t\t\t\t\t\t\t\t<\/a>\n\t\t\t\t\t<\/div>\n\t\t\t\t\t<\/div>\n\t\t\t\t<\/div>\n\t\t\t\t\t<\/div>\n\t\t<\/div>\n\t\t\t\t\t<\/div>\n\t\t<\/section>\n\t\t\t\t<\/div>\n\t\t","protected":false},"excerpt":{"rendered":"<p>Die Leseinsel der VOS Lesen ist eine Schl\u00fcsselkompetenz, die f\u00fcr den erfolgreichen Besuch des Schulsystems und das Bestreiten des Erwerbslebens unerl\u00e4sslich ist. Deshalb m\u00f6chten wir den Sch\u00fcler*innen fr\u00fch einen selbstbestimmten &#8230; <a title=\"Unsere Leseinsel\" class=\"read-more\" href=\"https:\/\/vos-d\u00fcw.de\/home\/schulleben\/leseinsel\/\" aria-label=\"Mehr dazu unter Unsere Leseinsel\">Weiterlesen<\/a><\/p>\n","protected":false},"author":1,"featured_media":0,"parent":138,"menu_order":0,"comment_status":"closed","ping_status":"closed","template":"","meta":{"footnotes":""},"class_list":["post-776","page","type-page","status-publish"],"_links":{"self":[{"href":"https:\/\/vos-d\u00fcw.de\/home\/wp-json\/wp\/v2\/pages\/776","targetHints":{"allow":["GET"]}}],"collection":[{"href":"https:\/\/vos-d\u00fcw.de\/home\/wp-json\/wp\/v2\/pages"}],"about":[{"href":"https:\/\/vos-d\u00fcw.de\/home\/wp-json\/wp\/v2\/types\/page"}],"author":[{"embeddable":true,"href":"https:\/\/vos-d\u00fcw.de\/home\/wp-json\/wp\/v2\/users\/1"}],"replies":[{"embeddable":true,"href":"https:\/\/vos-d\u00fcw.de\/home\/wp-json\/wp\/v2\/comments?post=776"}],"version-history":[{"count":18,"href":"https:\/\/vos-d\u00fcw.de\/home\/wp-json\/wp\/v2\/pages\/776\/revisions"}],"predecessor-version":[{"id":804,"href":"https:\/\/vos-d\u00fcw.de\/home\/wp-json\/wp\/v2\/pages\/776\/revisions\/804"}],"up":[{"embeddable":true,"href":"https:\/\/vos-d\u00fcw.de\/home\/wp-json\/wp\/v2\/pages\/138"}],"wp:attachment":[{"href":"https:\/\/vos-d\u00fcw.de\/home\/wp-json\/wp\/v2\/media?parent=776"}],"curies":[{"name":"wp","href":"https:\/\/api.w.org\/{rel}","templated":true}]}}