{"id":954,"date":"2022-12-12T10:06:41","date_gmt":"2022-12-12T09:06:41","guid":{"rendered":"https:\/\/xn--vos-dw-7ya.de\/?page_id=954"},"modified":"2022-12-12T10:30:33","modified_gmt":"2022-12-12T09:30:33","slug":"was-darf-ich-lehrerinnen-schenken","status":"publish","type":"page","link":"https:\/\/vos-d\u00fcw.de\/home\/was-darf-ich-lehrerinnen-schenken\/","title":{"rendered":"Was darf ich Lehrer*innen schenken?"},"content":{"rendered":"\t\t<div data-elementor-type=\"wp-page\" data-elementor-id=\"954\" class=\"elementor elementor-954\" data-elementor-post-type=\"page\">\n\t\t\t\t\t\t<section class=\"elementor-section elementor-top-section elementor-element elementor-element-75a7dd02 elementor-section-boxed elementor-section-height-default elementor-section-height-default\" data-id=\"75a7dd02\" data-element_type=\"section\">\n\t\t\t\t\t\t<div class=\"elementor-container elementor-column-gap-default\">\n\t\t\t\t\t<div class=\"elementor-column elementor-col-100 elementor-top-column elementor-element elementor-element-740b40c4\" data-id=\"740b40c4\" data-element_type=\"column\">\n\t\t\t<div class=\"elementor-widget-wrap elementor-element-populated\">\n\t\t\t\t\t\t<div class=\"elementor-element elementor-element-3cdecbac elementor-widget elementor-widget-text-editor\" data-id=\"3cdecbac\" data-element_type=\"widget\" data-widget_type=\"text-editor.default\">\n\t\t\t\t<div class=\"elementor-widget-container\">\n\t\t\t\t\t\t\t\t\t\n<div id=\"wp-block-themeisle-blocks-advanced-columns-b9016f72\" class=\"wp-block-themeisle-blocks-advanced-columns has-0-columns has-desktop-undefined-layout has-tablet-equal-layout has-mobile-equal-layout has-vertical-unset\"><div class=\"wp-block-themeisle-blocks-advanced-columns-overlay\"><\/div><div class=\"innerblocks-wrap\"><\/div><\/div>\n\t\t\t\t\t\t\t\t<\/div>\n\t\t\t\t<\/div>\n\t\t\t\t\t<\/div>\n\t\t<\/div>\n\t\t\t\t\t<\/div>\n\t\t<\/section>\n\t\t\t\t<section class=\"elementor-section elementor-top-section elementor-element elementor-element-1b4819f elementor-section-boxed elementor-section-height-default elementor-section-height-default\" data-id=\"1b4819f\" data-element_type=\"section\">\n\t\t\t\t\t\t<div class=\"elementor-container elementor-column-gap-default\">\n\t\t\t\t\t<div class=\"elementor-column elementor-col-100 elementor-top-column elementor-element elementor-element-85fca7b\" data-id=\"85fca7b\" data-element_type=\"column\">\n\t\t\t<div class=\"elementor-widget-wrap elementor-element-populated\">\n\t\t\t\t\t\t<div class=\"elementor-element elementor-element-8c711c7 elementor-widget elementor-widget-heading\" data-id=\"8c711c7\" data-element_type=\"widget\" data-widget_type=\"heading.default\">\n\t\t\t\t<div class=\"elementor-widget-container\">\n\t\t\t\t\t<h2 class=\"elementor-heading-title elementor-size-default\">Was darf man Lehrer*innen schenken?<\/h2>\t\t\t\t<\/div>\n\t\t\t\t<\/div>\n\t\t\t\t<div class=\"elementor-element elementor-element-6ab4c66 elementor-widget elementor-widget-text-editor\" data-id=\"6ab4c66\" data-element_type=\"widget\" data-widget_type=\"text-editor.default\">\n\t\t\t\t<div class=\"elementor-widget-container\">\n\t\t\t\t\t\t\t\t\t<p>Liebe Eltern,<\/p>\n<p>h\u00e4ufig erhalten wir Anfragen dazu wie teuer Geschenke an Lehrkr\u00e4fte sein d\u00fcrfen. Es ist sch\u00f6n, dass Sie an die Kolleg*innen denken. Jedoch kommt es immer wieder zu Missverst\u00e4ndnissen.\u00a0<span style=\"color: var( --e-global-color-text ); font-family: var( --e-global-typography-text-font-family ), Sans-serif; font-weight: var( --e-global-typography-text-font-weight ); background-color: var(--base-3);\">Eigentlich reichen kleine Aufmerksamkeiten. Ein Dank f\u00fcr die geleistete Arbeit tut gut und ist meist auch ausreichend. Falls Sie dennoch etwas Materielles schenken m\u00f6chten, achten Sie bitte darauf, dass Sie die Kolleg*innen nicht in eine unangenehme Situation bringen. Zu teure Geschenke sollen und m\u00fcssen die Kolleg*innen ablehnen. Geschenke <\/span><u style=\"color: var( --e-global-color-text ); font-family: var( --e-global-typography-text-font-family ), Sans-serif; font-weight: var( --e-global-typography-text-font-weight ); background-color: var(--base-3);\">sollen<\/u><span style=\"color: var( --e-global-color-text ); font-family: var( --e-global-typography-text-font-family ), Sans-serif; font-weight: var( --e-global-typography-text-font-weight ); background-color: var(--base-3);\"> laut Land 10\u20ac nicht \u00fcberschreiten. Vielen Dank f\u00fcr die Wertsch\u00e4tzung, die wir immer wieder erfahren!\u00a0<\/span><\/p>\n<p>\u00a0<\/p>\n<p>Genauere Informationen erhalten Sie auf der Website des Landes:<\/p>\n<p>https:\/\/eltern.bildung-rp.de\/weitere-informationen\/sponsoring-und-korruptionspraevention.html<\/p>\t\t\t\t\t\t\t\t<\/div>\n\t\t\t\t<\/div>\n\t\t\t\t\t<\/div>\n\t\t<\/div>\n\t\t\t\t\t<\/div>\n\t\t<\/section>\n\t\t\t\t<\/div>\n\t\t","protected":false},"excerpt":{"rendered":"<p>Was darf man Lehrer*innen schenken? Liebe Eltern, h\u00e4ufig erhalten wir Anfragen dazu wie teuer Geschenke an Lehrkr\u00e4fte sein d\u00fcrfen. Es ist sch\u00f6n, dass Sie an die Kolleg*innen denken. Jedoch kommt &#8230; <a title=\"Was darf ich Lehrer*innen schenken?\" class=\"read-more\" href=\"https:\/\/vos-d\u00fcw.de\/home\/was-darf-ich-lehrerinnen-schenken\/\" aria-label=\"Mehr dazu unter Was darf ich Lehrer*innen schenken?\">Weiterlesen<\/a><\/p>\n","protected":false},"author":1,"featured_media":0,"parent":0,"menu_order":0,"comment_status":"closed","ping_status":"closed","template":"","meta":{"footnotes":""},"class_list":["post-954","page","type-page","status-publish"],"_links":{"self":[{"href":"https:\/\/vos-d\u00fcw.de\/home\/wp-json\/wp\/v2\/pages\/954","targetHints":{"allow":["GET"]}}],"collection":[{"href":"https:\/\/vos-d\u00fcw.de\/home\/wp-json\/wp\/v2\/pages"}],"about":[{"href":"https:\/\/vos-d\u00fcw.de\/home\/wp-json\/wp\/v2\/types\/page"}],"author":[{"embeddable":true,"href":"https:\/\/vos-d\u00fcw.de\/home\/wp-json\/wp\/v2\/users\/1"}],"replies":[{"embeddable":true,"href":"https:\/\/vos-d\u00fcw.de\/home\/wp-json\/wp\/v2\/comments?post=954"}],"version-history":[{"count":14,"href":"https:\/\/vos-d\u00fcw.de\/home\/wp-json\/wp\/v2\/pages\/954\/revisions"}],"predecessor-version":[{"id":975,"href":"https:\/\/vos-d\u00fcw.de\/home\/wp-json\/wp\/v2\/pages\/954\/revisions\/975"}],"wp:attachment":[{"href":"https:\/\/vos-d\u00fcw.de\/home\/wp-json\/wp\/v2\/media?parent=954"}],"curies":[{"name":"wp","href":"https:\/\/api.w.org\/{rel}","templated":true}]}}